{"id":4390,"date":"2024-12-07T08:54:06","date_gmt":"2024-12-07T08:54:06","guid":{"rendered":"https:\/\/lomoro.nl\/?post_type=product&#038;p=4390"},"modified":"2025-01-05T16:25:00","modified_gmt":"2025-01-05T16:25:00","slug":"trouwpak","status":"publish","type":"product","link":"https:\/\/www.lomoro.nl\/fr\/products\/trouwpak\/","title":{"rendered":"Costume de mariage vert clair"},"content":{"rendered":"<p>Le costume de mariage vert clair est le choix ultime pour les mari\u00e9s qui souhaitent allier un look frais et raffin\u00e9 \u00e0 un confort optimal. Le costume respire l&rsquo;\u00e9l\u00e9gance avec ses touches modernes et a \u00e9t\u00e9 soigneusement con\u00e7u pour vous mettre en valeur.<\/p>\n<p>Ce costume de mariage unique s&rsquo;adapte parfaitement \u00e0 diff\u00e9rents th\u00e8mes et offre une polyvalence pour cr\u00e9er des looks \u00e0 la fois classiques et contemporains. Chez Lomoro, nous garantissons une coupe impeccable qui correspond parfaitement \u00e0 votre style personnel et \u00e0 l&rsquo;occasion sp\u00e9ciale. Faites une impression inoubliable avec ce costume qui allie sans effort luxe, sophistication et confort.<\/p>\n<table>\n<thead>\n<tr>\n<th>Caract\u00e9ristique<\/th>\n<th>D\u00e9tails<\/th>\n<\/tr>\n<\/thead>\n<tbody>\n<tr>\n<td>Mat\u00e9riau<\/td>\n<td>Tissus de luxe premium<\/td>\n<\/tr>\n<tr>\n<td>Couleur<\/td>\n<td>Vert clair<\/td>\n<\/tr>\n<tr>\n<td>Tailles Disponibles<\/td>\n<td>Jusqu&rsquo;\u00e0 la taille 72<\/td>\n<\/tr>\n<tr>\n<td>Coupe<\/td>\n<td>Ajust\u00e9 parfaitement sur mesure<\/td>\n<\/tr>\n<tr>\n<td>Style<\/td>\n<td>\u00c9l\u00e9gance fra\u00eeche avec des accents modernes<\/td>\n<\/tr>\n<tr>\n<td>Entretien<\/td>\n<td>Nettoyage professionnel uniquement recommand\u00e9<\/td>\n<\/tr>\n<\/tbody>\n<\/table>\n<p>&nbsp;<\/p>\n","protected":false},"excerpt":{"rendered":"<p>Laissez-vous enchanter par le charme unique du costume de mariage vert clair. Ce costume \u00e9l\u00e9gant et frais est parfait pour le mari\u00e9 moderne qui aime le raffinement avec une touche d&rsquo;originalit\u00e9. Fabriqu\u00e9 avec des mat\u00e9riaux et un savoir-faire de qualit\u00e9, ce costume est con\u00e7u pour allier sans effort confort et style. Le \u00ab\u00a0Light Green Wedding Suit\u00a0\u00bb est un costume trois pi\u00e8ces raffin\u00e9 de couleur vert clair. Il pr\u00e9sente une veste \u00e0 boutonnage simple avec une fermeture \u00e0 deux boutons, des revers crant\u00e9s et une fente centrale. Le gilet \u00e0 six boutons et le pantalon \u00e0 devant plat compl\u00e8tent le look \u00e9l\u00e9gant et ajust\u00e9.<\/p>\n<p><span style=\"font-weight: 400;\">\u2702\ufe0f Ajustement parfait, fait sp\u00e9cialement pour vous.<\/span><\/p>\n<p><span style=\"font-weight: 400;\">\ud83d\udc54 Des conseils personnalis\u00e9s pour votre look unique.<\/span><\/p>\n<p><span style=\"font-weight: 400;\">\ud83e\uddf5 Des mat\u00e9riaux de haute qualit\u00e9 pour un confort ultime.<\/span><\/p>\n<p><span style=\"font-weight: 400;\">\ud83c\udfa8 \u00c9l\u00e9gant pour chaque occasion.<\/span><\/p>\n<p><span style=\"font-weight: 400;\">\ud83c\udf81 Profitez d&rsquo;un cadeau gratuit \u00e0 chaque visite en magasin !<\/span><\/p>\n","protected":false},"featured_media":1656,"template":"","meta":{"_acf_changed":false},"product_brand":[],"product_cat":[153],"product_tag":[],"class_list":{"0":"post-4390","1":"product","2":"type-product","3":"status-publish","4":"has-post-thumbnail","6":"product_cat-trouwpak-voor-mannen","8":"first","9":"instock","10":"sale","11":"shipping-taxable","12":"purchasable","13":"product-type-simple"},"acf":[],"_links":{"self":[{"href":"https:\/\/www.lomoro.nl\/fr\/wp-json\/wp\/v2\/product\/4390","targetHints":{"allow":["GET"]}}],"collection":[{"href":"https:\/\/www.lomoro.nl\/fr\/wp-json\/wp\/v2\/product"}],"about":[{"href":"https:\/\/www.lomoro.nl\/fr\/wp-json\/wp\/v2\/types\/product"}],"wp:featuredmedia":[{"embeddable":true,"href":"https:\/\/www.lomoro.nl\/fr\/wp-json\/wp\/v2\/media\/1656"}],"wp:attachment":[{"href":"https:\/\/www.lomoro.nl\/fr\/wp-json\/wp\/v2\/media?parent=4390"}],"wp:term":[{"taxonomy":"product_brand","embeddable":true,"href":"https:\/\/www.lomoro.nl\/fr\/wp-json\/wp\/v2\/product_brand?post=4390"},{"taxonomy":"product_cat","embeddable":true,"href":"https:\/\/www.lomoro.nl\/fr\/wp-json\/wp\/v2\/product_cat?post=4390"},{"taxonomy":"product_tag","embeddable":true,"href":"https:\/\/www.lomoro.nl\/fr\/wp-json\/wp\/v2\/product_tag?post=4390"}],"curies":[{"name":"wp","href":"https:\/\/api.w.org\/{rel}","templated":true}]}}