{"id":4416,"date":"2024-12-11T12:08:35","date_gmt":"2024-12-11T12:08:35","guid":{"rendered":"https:\/\/lomoro.nl\/?post_type=product&#038;p=4416"},"modified":"2025-01-06T08:07:41","modified_gmt":"2025-01-06T08:07:41","slug":"slim-fit-pak-18","status":"publish","type":"product","link":"https:\/\/www.lomoro.nl\/fr\/products\/slim-fit-pak-18\/","title":{"rendered":"Costume homme coupe slim gris clair"},"content":{"rendered":"<p>Le Costume Homme Gris Clair Coupe Slim associe une couleur fra\u00eeche et claire \u00e0 une coupe moderne, ce qui en fait le choix parfait aussi bien pour les \u00e9v\u00e9nements professionnels que pour les occasions festives. La nuance de gris subtile et claire donne au costume un look raffin\u00e9, tandis que la coupe slim offre un look \u00e9l\u00e9gant et chic. Ce costume est con\u00e7u pour l&rsquo;homme qui appr\u00e9cie le style et le confort et qui souhaite se sentir \u00e0 son meilleur, que ce soit pour une r\u00e9union importante ou une soir\u00e9e.<\/p>\n<p>Le design du costume slim gris clair pour homme a \u00e9t\u00e9 soigneusement con\u00e7u avec un souci du d\u00e9tail, des boutons luxueux \u00e0 la finition soign\u00e9e des revers. Fabriqu\u00e9e \u00e0 partir de tissus respirants, cette combinaison offre un confort durable, m\u00eame pendant les longues journ\u00e9es. Il s&rsquo;adapte parfaitement \u00e0 diff\u00e9rentes occasions, des r\u00e9unions formelles aux \u00e9v\u00e9nements informels, et offre toujours un look sophistiqu\u00e9. Avec ce costume, vous ferez certainement bonne impression, o\u00f9 que vous soyez.<\/p>\n<table>\n<tbody>\n<tr>\n<td><b>Caract\u00e9ristique<\/b><\/td>\n<td><b>D\u00e9tails<\/b><\/td>\n<\/tr>\n<tr>\n<td><b>Mat\u00e9riau<\/b><\/td>\n<td><span style=\"font-weight: 400;\">M\u00e9lange de laine de haute qualit\u00e9 avec stretch<\/span><\/td>\n<\/tr>\n<tr>\n<td><b>Couleur<\/b><\/td>\n<td>Gris clair<\/td>\n<\/tr>\n<tr>\n<td><b>Tailles disponibles<\/b><\/td>\n<td><span style=\"font-weight: 400;\">Petites tailles 46-62 \/ Grandes tailles 58-72<\/span><\/td>\n<\/tr>\n<tr>\n<td><b>Coupe<\/b><\/td>\n<td><span style=\"font-weight: 400;\">Coupe slim pour un look \u00e9pur\u00e9<\/span><\/td>\n<\/tr>\n<tr>\n<td><b>Instructions de lavage<\/b><\/td>\n<td><span style=\"font-weight: 400;\">Nettoyage \u00e0 sec professionnel<\/span><\/td>\n<\/tr>\n<\/tbody>\n<\/table>\n","protected":false},"excerpt":{"rendered":"<p>Le costume gris clair pour homme coupe slim est le choix id\u00e9al pour l&rsquo;homme moderne qui recherche un look \u00e9l\u00e9gant et raffin\u00e9. Le gris clair offre un look frais et \u00e9l\u00e9gant, parfait pour les occasions professionnelles et informelles. Avec sa coupe cintr\u00e9e et ajust\u00e9e, ce costume souligne la silhouette de mani\u00e8re subtile, pour que vous ayez toujours une apparence professionnelle et chic. Ce costume polyvalent offre \u00e0 la fois confort et style, vous aurez donc fi\u00e8re allure en toute occasion.<\/p>\n<p>\u2702\ufe0f Ajustement parfait, fait sp\u00e9cialement pour vous.<\/p>\n<p>\ud83d\udc54 Des conseils personnalis\u00e9s pour votre look unique.<\/p>\n<p>\ud83e\uddf5 Des mat\u00e9riaux de haute qualit\u00e9 pour un confort ultime.<\/p>\n<p>\ud83c\udfa8 \u00c9l\u00e9gant pour chaque occasion.<\/p>\n<p>\ud83c\udf81 Profitez d&rsquo;un cadeau gratuit \u00e0 chaque visite en magasin !<\/p>\n","protected":false},"featured_media":2106,"template":"","meta":{"_acf_changed":false},"product_brand":[],"product_cat":[145],"product_tag":[],"class_list":{"0":"post-4416","1":"product","2":"type-product","3":"status-publish","4":"has-post-thumbnail","6":"product_cat-slim-fit-kostuums","8":"first","9":"instock","10":"sale","11":"shipping-taxable","12":"purchasable","13":"product-type-simple"},"acf":[],"_links":{"self":[{"href":"https:\/\/www.lomoro.nl\/fr\/wp-json\/wp\/v2\/product\/4416","targetHints":{"allow":["GET"]}}],"collection":[{"href":"https:\/\/www.lomoro.nl\/fr\/wp-json\/wp\/v2\/product"}],"about":[{"href":"https:\/\/www.lomoro.nl\/fr\/wp-json\/wp\/v2\/types\/product"}],"wp:featuredmedia":[{"embeddable":true,"href":"https:\/\/www.lomoro.nl\/fr\/wp-json\/wp\/v2\/media\/2106"}],"wp:attachment":[{"href":"https:\/\/www.lomoro.nl\/fr\/wp-json\/wp\/v2\/media?parent=4416"}],"wp:term":[{"taxonomy":"product_brand","embeddable":true,"href":"https:\/\/www.lomoro.nl\/fr\/wp-json\/wp\/v2\/product_brand?post=4416"},{"taxonomy":"product_cat","embeddable":true,"href":"https:\/\/www.lomoro.nl\/fr\/wp-json\/wp\/v2\/product_cat?post=4416"},{"taxonomy":"product_tag","embeddable":true,"href":"https:\/\/www.lomoro.nl\/fr\/wp-json\/wp\/v2\/product_tag?post=4416"}],"curies":[{"name":"wp","href":"https:\/\/api.w.org\/{rel}","templated":true}]}}