{"id":4433,"date":"2024-12-11T12:18:47","date_gmt":"2024-12-11T12:18:47","guid":{"rendered":"https:\/\/lomoro.nl\/?post_type=product&#038;p=4433"},"modified":"2025-01-06T08:44:40","modified_gmt":"2025-01-06T08:44:40","slug":"slim-fit-pak-20","status":"publish","type":"product","link":"https:\/\/www.lomoro.nl\/fr\/products\/slim-fit-pak-20\/","title":{"rendered":"Costume marron coupe slim pour homme"},"content":{"rendered":"<p>Le costume marron slim pour homme est un incontournable pour l&rsquo;homme moderne qui recherche un costume \u00e9l\u00e9gant et polyvalent. Le marron fonc\u00e9 est une couleur chaleureuse et raffin\u00e9e qui vous donne non seulement un look \u00e9l\u00e9gant, mais apporte \u00e9galement un style unique et personnel. Que vous alliez \u00e0 une r\u00e9union d&rsquo;affaires ou assistiez \u00e0 une occasion sp\u00e9ciale, ce costume vous offre l&rsquo;\u00e9quilibre parfait entre formalit\u00e9 et style. La coupe slim offre une coupe \u00e9pur\u00e9e, ce qui la rend parfaite pour les hommes qui souhaitent accentuer leur silhouette.<\/p>\n<p>Fabriqu\u00e9 \u00e0 partir de tissus respirants et confortables, le costume marron slim pour homme offre une exp\u00e9rience de port haut de gamme. La finition d\u00e9taill\u00e9e et les boutons luxueux font de ce costume une d\u00e9claration de savoir-faire et de style. Le costume est non seulement un symbole de sophistication, mais aussi de confort, gr\u00e2ce aux mati\u00e8res soigneusement choisies qui permettent de se concentrer sur ce qui compte tout au long de la journ\u00e9e. Ce costume marron est suffisamment polyvalent pour diff\u00e9rentes occasions et fera toujours une impression impressionnante.<\/p>\n<table>\n<tbody>\n<tr>\n<td><b>Caract\u00e9ristique<\/b><\/td>\n<td><b>D\u00e9tails<\/b><\/td>\n<\/tr>\n<tr>\n<td><b>Mat\u00e9riau<\/b><\/td>\n<td><span style=\"font-weight: 400;\">M\u00e9lange de laine de haute qualit\u00e9 avec stretch<\/span><\/td>\n<\/tr>\n<tr>\n<td><b>Couleur<\/b><\/td>\n<td>Couleur brun<\/td>\n<\/tr>\n<tr>\n<td><b>Tailles disponibles<\/b><\/td>\n<td><span style=\"font-weight: 400;\">Petites tailles 46-62 \/ Grandes tailles 58-72<\/span><\/td>\n<\/tr>\n<tr>\n<td><b>Coupe<\/b><\/td>\n<td><span style=\"font-weight: 400;\">Coupe slim pour un look \u00e9pur\u00e9<\/span><\/td>\n<\/tr>\n<tr>\n<td><b>Instructions de lavage<\/b><\/td>\n<td><span style=\"font-weight: 400;\">Nettoyage \u00e0 sec professionnel<\/span><\/td>\n<\/tr>\n<\/tbody>\n<\/table>\n","protected":false},"excerpt":{"rendered":"<p>Le costume marron slim pour homme allie \u00e9l\u00e9gance et coupe moderne pour un look raffin\u00e9. Les tons marron profonds offrent une apparence chaleureuse et intemporelle, parfaite pour les \u00e9v\u00e9nements formels ou les r\u00e9unions d&rsquo;affaires. Ce costume est con\u00e7u pour donner \u00e0 l&rsquo;homme qui appr\u00e9cie le style et le confort un look \u00e9l\u00e9gant et moderne. Avec sa coupe ajust\u00e9e, la combinaison offre un look \u00e9pur\u00e9 qui met en valeur la silhouette sans sacrifier le confort. L&rsquo;utilisation de tissus respirants garantit que vous vous sentez \u00e0 l&rsquo;aise toute la journ\u00e9e, tandis que les d\u00e9tails \u00e9l\u00e9gants conf\u00e8rent un look raffin\u00e9.<\/p>\n<p>\u2702\ufe0f Ajustement parfait, fait sp\u00e9cialement pour vous.<\/p>\n<p>\ud83d\udc54 Des conseils personnalis\u00e9s pour votre look unique.<\/p>\n<p>\ud83e\uddf5 Des mat\u00e9riaux de haute qualit\u00e9 pour un confort ultime.<\/p>\n<p>\ud83c\udfa8 \u00c9l\u00e9gant pour chaque occasion.<\/p>\n<p>\ud83c\udf81 Profitez d&rsquo;un cadeau gratuit \u00e0 chaque visite en magasin !<\/p>\n","protected":false},"featured_media":2121,"template":"","meta":{"_acf_changed":false},"product_brand":[],"product_cat":[145],"product_tag":[],"class_list":{"0":"post-4433","1":"product","2":"type-product","3":"status-publish","4":"has-post-thumbnail","6":"product_cat-slim-fit-kostuums","8":"first","9":"instock","10":"sale","11":"shipping-taxable","12":"purchasable","13":"product-type-simple"},"acf":[],"_links":{"self":[{"href":"https:\/\/www.lomoro.nl\/fr\/wp-json\/wp\/v2\/product\/4433","targetHints":{"allow":["GET"]}}],"collection":[{"href":"https:\/\/www.lomoro.nl\/fr\/wp-json\/wp\/v2\/product"}],"about":[{"href":"https:\/\/www.lomoro.nl\/fr\/wp-json\/wp\/v2\/types\/product"}],"wp:featuredmedia":[{"embeddable":true,"href":"https:\/\/www.lomoro.nl\/fr\/wp-json\/wp\/v2\/media\/2121"}],"wp:attachment":[{"href":"https:\/\/www.lomoro.nl\/fr\/wp-json\/wp\/v2\/media?parent=4433"}],"wp:term":[{"taxonomy":"product_brand","embeddable":true,"href":"https:\/\/www.lomoro.nl\/fr\/wp-json\/wp\/v2\/product_brand?post=4433"},{"taxonomy":"product_cat","embeddable":true,"href":"https:\/\/www.lomoro.nl\/fr\/wp-json\/wp\/v2\/product_cat?post=4433"},{"taxonomy":"product_tag","embeddable":true,"href":"https:\/\/www.lomoro.nl\/fr\/wp-json\/wp\/v2\/product_tag?post=4433"}],"curies":[{"name":"wp","href":"https:\/\/api.w.org\/{rel}","templated":true}]}}