{"id":4445,"date":"2024-12-11T12:22:31","date_gmt":"2024-12-11T12:22:31","guid":{"rendered":"https:\/\/lomoro.nl\/?post_type=product&#038;p=4445"},"modified":"2025-01-06T09:10:04","modified_gmt":"2025-01-06T09:10:04","slug":"slim-fit-pak-21","status":"publish","type":"product","link":"https:\/\/www.lomoro.nl\/fr\/products\/slim-fit-pak-21\/","title":{"rendered":"Costume slim homme beige clair"},"content":{"rendered":"<p>Le costume slim beige clair pour homme est con\u00e7u pour l&rsquo;homme qui appr\u00e9cie le style et le confort. La couleur beige clair offre un look frais et \u00e9l\u00e9gant, ce qui la rend parfaite aussi bien pour les r\u00e9unions d&rsquo;affaires que pour les \u00e9v\u00e9nements formels. La coupe slim fit offre une coupe moderne qui accentue la silhouette et offre un look \u00e9pur\u00e9. Ce costume offre un style intemporel qui se pr\u00eate bien \u00e0 diverses occasions. Il s&rsquo;adapte sans effort \u00e0 toutes les situations, d&rsquo;un mariage chic \u00e0 une r\u00e9union d&rsquo;affaires.<\/p>\n<p>Cette combinaison est non seulement \u00e9l\u00e9gante, mais offre \u00e9galement un confort in\u00e9gal\u00e9 gr\u00e2ce aux mat\u00e9riaux respirants qui vous permettent de vous sentir \u00e0 l&rsquo;aise toute la journ\u00e9e. Les tissus soigneusement choisis assurent flexibilit\u00e9 et ajustement parfait, afin que vous puissiez bouger librement sans sacrifier le style. Le costume slim beige clair pour homme est le choix parfait pour l&rsquo;homme soucieux de la mode qui recherche \u00e0 la fois style et fonctionnalit\u00e9. C&rsquo;est l&rsquo;investissement id\u00e9al pour ceux qui recherchent un v\u00eatement polyvalent et durable, adapt\u00e9 \u00e0 diff\u00e9rentes occasions.<\/p>\n<table>\n<tbody>\n<tr>\n<td><b>Caract\u00e9ristique<\/b><\/td>\n<td><b>D\u00e9tails<\/b><\/td>\n<\/tr>\n<tr>\n<td><b>Mat\u00e9riau<\/b><\/td>\n<td><span style=\"font-weight: 400;\">M\u00e9lange de laine de haute qualit\u00e9 avec stretch<\/span><\/td>\n<\/tr>\n<tr>\n<td><b>Couleur<\/b><\/td>\n<td>Beige clair<\/td>\n<\/tr>\n<tr>\n<td><b>Tailles disponibles<\/b><\/td>\n<td><span style=\"font-weight: 400;\">Petites tailles 46-62 \/ Grandes tailles 58-72<\/span><\/td>\n<\/tr>\n<tr>\n<td><b>Coupe<\/b><\/td>\n<td><span style=\"font-weight: 400;\">Coupe slim pour un look \u00e9pur\u00e9<\/span><\/td>\n<\/tr>\n<tr>\n<td><b>Instructions de lavage<\/b><\/td>\n<td><span style=\"font-weight: 400;\">Nettoyage \u00e0 sec professionnel<\/span><\/td>\n<\/tr>\n<\/tbody>\n<\/table>\n","protected":false},"excerpt":{"rendered":"<p>Le costume slim beige clair pour homme est un choix parfait pour les hommes qui recherchent un look \u00e9l\u00e9gant et moderne. La couleur beige clair d\u00e9gage une \u00e9l\u00e9gance raffin\u00e9e et est id\u00e9ale pour les occasions professionnelles et formelles. Ce costume offre une coupe slim qui met en valeur la silhouette, ce qui en fait un choix id\u00e9al pour l&rsquo;homme soucieux de la mode. Gr\u00e2ce aux tissus respirants et au confort qu&rsquo;offre la combinaison, vous pouvez la porter toute la journ\u00e9e sans sacrifier le style ou le confort.<\/p>\n<p>\u2702\ufe0f Ajustement parfait, fait sp\u00e9cialement pour vous.<\/p>\n<p>\ud83d\udc54 Des conseils personnalis\u00e9s pour votre look unique.<\/p>\n<p>\ud83e\uddf5 Des mat\u00e9riaux de haute qualit\u00e9 pour un confort ultime.<\/p>\n<p>\ud83c\udfa8 \u00c9l\u00e9gant pour chaque occasion.<\/p>\n<p>\ud83c\udf81 Profitez d&rsquo;un cadeau gratuit \u00e0 chaque visite en magasin !<\/p>\n","protected":false},"featured_media":2130,"template":"","meta":{"_acf_changed":false},"product_brand":[],"product_cat":[145],"product_tag":[],"class_list":{"0":"post-4445","1":"product","2":"type-product","3":"status-publish","4":"has-post-thumbnail","6":"product_cat-slim-fit-kostuums","8":"first","9":"instock","10":"sale","11":"shipping-taxable","12":"purchasable","13":"product-type-simple"},"acf":[],"_links":{"self":[{"href":"https:\/\/www.lomoro.nl\/fr\/wp-json\/wp\/v2\/product\/4445","targetHints":{"allow":["GET"]}}],"collection":[{"href":"https:\/\/www.lomoro.nl\/fr\/wp-json\/wp\/v2\/product"}],"about":[{"href":"https:\/\/www.lomoro.nl\/fr\/wp-json\/wp\/v2\/types\/product"}],"wp:featuredmedia":[{"embeddable":true,"href":"https:\/\/www.lomoro.nl\/fr\/wp-json\/wp\/v2\/media\/2130"}],"wp:attachment":[{"href":"https:\/\/www.lomoro.nl\/fr\/wp-json\/wp\/v2\/media?parent=4445"}],"wp:term":[{"taxonomy":"product_brand","embeddable":true,"href":"https:\/\/www.lomoro.nl\/fr\/wp-json\/wp\/v2\/product_brand?post=4445"},{"taxonomy":"product_cat","embeddable":true,"href":"https:\/\/www.lomoro.nl\/fr\/wp-json\/wp\/v2\/product_cat?post=4445"},{"taxonomy":"product_tag","embeddable":true,"href":"https:\/\/www.lomoro.nl\/fr\/wp-json\/wp\/v2\/product_tag?post=4445"}],"curies":[{"name":"wp","href":"https:\/\/api.w.org\/{rel}","templated":true}]}}