{"id":4458,"date":"2024-12-07T10:37:01","date_gmt":"2024-12-07T10:37:01","guid":{"rendered":"https:\/\/lomoro.nl\/?post_type=product&#038;p=4458"},"modified":"2025-01-06T10:01:07","modified_gmt":"2025-01-06T10:01:07","slug":"trouwpak-28","status":"publish","type":"product","link":"https:\/\/www.lomoro.nl\/fr\/products\/trouwpak-28\/","title":{"rendered":"paquet de linge"},"content":{"rendered":"<p>Le costume en lin Lomoro est con\u00e7u pour les mari\u00e9s \u00e0 la recherche d&rsquo;une option \u00e9l\u00e9gante et confortable pour leur journ\u00e9e sp\u00e9ciale. Avec sa mati\u00e8re en lin naturel, ce costume est \u00e0 la fois l\u00e9ger et respirant, id\u00e9al pour les c\u00e9r\u00e9monies estivales ou les mariages en ext\u00e9rieur.<\/p>\n<p>Ce costume \u00e9l\u00e9gant combine sans effort un style classique avec un look moderne et d\u00e9contract\u00e9. Le tissu en lin de haute qualit\u00e9 offre une sensation luxueuse et vous donne une apparence impeccable, tout en vous permettant de vous d\u00e9placer librement et confortablement. Qu&rsquo;il s&rsquo;agisse d&rsquo;une occasion formelle ou d&rsquo;une f\u00eate informelle, le costume en lin est le choix parfait pour une journ\u00e9e inoubliable.<\/p>\n<table>\n<thead>\n<tr>\n<th>Caract\u00e9ristique<\/th>\n<th>D\u00e9tails<\/th>\n<\/tr>\n<\/thead>\n<tbody>\n<tr>\n<td>Mat\u00e9riau<\/td>\n<td>Lin de haute qualit\u00e9<\/td>\n<\/tr>\n<tr>\n<td>Couleur<\/td>\n<td>Beige naturel<\/td>\n<\/tr>\n<tr>\n<td>Tailles disponibles<\/td>\n<td>Jusqu&rsquo;\u00e0 la taille 72<\/td>\n<\/tr>\n<tr>\n<td>Coupe<\/td>\n<td>Sur mesure pour un ajustement parfait<\/td>\n<\/tr>\n<tr>\n<td>Style<\/td>\n<td>Classique avec une touche d\u00e9contract\u00e9e<\/td>\n<\/tr>\n<tr>\n<td>Entretien<\/td>\n<td>Nettoyage professionnel recommand\u00e9<\/td>\n<\/tr>\n<\/tbody>\n<\/table>\n<p>&nbsp;<\/p>\n","protected":false},"excerpt":{"rendered":"<div class=\"product__tax caption rte\">Le costume en lin est le choix id\u00e9al pour le mari\u00e9 qui souhaite allier style et confort respirant. Ce costume trois pi\u00e8ces en lin haut de gamme offre une \u00e9l\u00e9gance sans effort, parfaite pour les mariages du printemps et de l&rsquo;\u00e9t\u00e9. La veste \u00e0 boutonnage simple avec revers crant\u00e9s, le cardigan assorti et le pantalon sans pinces d\u00e9gagent une sophistication intemporelle, id\u00e9ale pour les mariages, les r\u00e9unions formelles et autres occasions o\u00f9 un look \u00e9l\u00e9gant et confortable est souhait\u00e9.<\/div>\n<div>\n<p><span style=\"font-weight: 400;\">\u2702\ufe0f Ajustement parfait, fait sp\u00e9cialement pour vous.<\/span><\/p>\n<p><span style=\"font-weight: 400;\">\ud83d\udc54 Des conseils personnalis\u00e9s pour votre look unique.<\/span><\/p>\n<p><span style=\"font-weight: 400;\">\ud83e\uddf5 Des mat\u00e9riaux de haute qualit\u00e9 pour un confort ultime.<\/span><\/p>\n<p><span style=\"font-weight: 400;\">\ud83c\udfa8 \u00c9l\u00e9gant pour chaque occasion.<\/span><\/p>\n<p><span style=\"font-weight: 400;\">\ud83c\udf81 Profitez d&rsquo;un cadeau gratuit \u00e0 chaque visite en magasin !<\/span><\/p>\n<\/div>\n","protected":false},"featured_media":1776,"template":"","meta":{"_acf_changed":false},"product_brand":[],"product_cat":[153],"product_tag":[],"class_list":{"0":"post-4458","1":"product","2":"type-product","3":"status-publish","4":"has-post-thumbnail","6":"product_cat-trouwpak-voor-mannen","8":"first","9":"instock","10":"sale","11":"shipping-taxable","12":"purchasable","13":"product-type-simple"},"acf":[],"_links":{"self":[{"href":"https:\/\/www.lomoro.nl\/fr\/wp-json\/wp\/v2\/product\/4458","targetHints":{"allow":["GET"]}}],"collection":[{"href":"https:\/\/www.lomoro.nl\/fr\/wp-json\/wp\/v2\/product"}],"about":[{"href":"https:\/\/www.lomoro.nl\/fr\/wp-json\/wp\/v2\/types\/product"}],"wp:featuredmedia":[{"embeddable":true,"href":"https:\/\/www.lomoro.nl\/fr\/wp-json\/wp\/v2\/media\/1776"}],"wp:attachment":[{"href":"https:\/\/www.lomoro.nl\/fr\/wp-json\/wp\/v2\/media?parent=4458"}],"wp:term":[{"taxonomy":"product_brand","embeddable":true,"href":"https:\/\/www.lomoro.nl\/fr\/wp-json\/wp\/v2\/product_brand?post=4458"},{"taxonomy":"product_cat","embeddable":true,"href":"https:\/\/www.lomoro.nl\/fr\/wp-json\/wp\/v2\/product_cat?post=4458"},{"taxonomy":"product_tag","embeddable":true,"href":"https:\/\/www.lomoro.nl\/fr\/wp-json\/wp\/v2\/product_tag?post=4458"}],"curies":[{"name":"wp","href":"https:\/\/api.w.org\/{rel}","templated":true}]}}