{"id":4461,"date":"2024-12-11T12:31:58","date_gmt":"2024-12-11T12:31:58","guid":{"rendered":"https:\/\/lomoro.nl\/?post_type=product&#038;p=4461"},"modified":"2025-01-06T10:04:12","modified_gmt":"2025-01-06T10:04:12","slug":"slim-fit-pak-24","status":"publish","type":"product","link":"https:\/\/www.lomoro.nl\/fr\/products\/slim-fit-pak-24\/","title":{"rendered":"Costume trois pi\u00e8ces bleu clair"},"content":{"rendered":"<p>Le costume bleu clair coupe slim est un ensemble \u00e9l\u00e9gant qui offre aux hommes modernes un look frais et contemporain. Avec sa couleur bleu clair saisissante, ce costume est parfait pour les \u00e9v\u00e9nements o\u00f9 vous souhaitez faire une impression durable. La coupe slim accentue les contours de votre corps, tout en offrant un confort pour un port \u00e0 long terme. Ce costume est un excellent choix pour les mariages, les r\u00e9unions d&rsquo;affaires ou autres occasions festives.<\/p>\n<p>Ce costume trois pi\u00e8ces se compose d&rsquo;un blazer \u00e0 simple boutonnage, d&rsquo;un gilet raffin\u00e9 et d&rsquo;un pantalon parfaitement assorti. Il est fabriqu\u00e9 \u00e0 partir d&rsquo;un m\u00e9lange de laine de premi\u00e8re qualit\u00e9, ce qui garantit durabilit\u00e9 et confort. Gr\u00e2ce \u00e0 la taille r\u00e9glable et \u00e0 un savoir-faire soign\u00e9, la combinaison est parfaite tout au long de la journ\u00e9e et vous rayonnez de confiance \u00e0 chaque pas que vous faites.<\/p>\n<table>\n<tbody>\n<tr>\n<td><b>Caract\u00e9ristique<\/b><\/td>\n<td><b>D\u00e9tails<\/b><\/td>\n<\/tr>\n<tr>\n<td><b>Mat\u00e9riau<\/b><\/td>\n<td><span style=\"font-weight: 400;\">M\u00e9lange de laine de haute qualit\u00e9 avec stretch<\/span><\/td>\n<\/tr>\n<tr>\n<td><b>Couleur<\/b><\/td>\n<td>Bleu clair<\/td>\n<\/tr>\n<tr>\n<td><b>Tailles disponibles<\/b><\/td>\n<td><span style=\"font-weight: 400;\">Petites tailles 46-62 \/ Grandes tailles 58-72<\/span><\/td>\n<\/tr>\n<tr>\n<td><b>Coupe<\/b><\/td>\n<td><span style=\"font-weight: 400;\">Coupe slim pour un look \u00e9pur\u00e9<\/span><\/td>\n<\/tr>\n<tr>\n<td><b>Instructions de lavage<\/b><\/td>\n<td><span style=\"font-weight: 400;\">Nettoyage \u00e0 sec professionnel<\/span><\/td>\n<\/tr>\n<\/tbody>\n<\/table>\n","protected":false},"excerpt":{"rendered":"<p>Le costume bleu clair coupe slim allie un look moderne avec une touche de sophistication. La teinte bleu clair fra\u00eeche donne un look \u00e9l\u00e9gant et unique, id\u00e9al pour les mariages d&rsquo;\u00e9t\u00e9 et les occasions sp\u00e9ciales. La coupe slim offre une coupe \u00e9pur\u00e9e qui renforce votre confiance. Ce costume \u00e9l\u00e9gant est con\u00e7u avec un souci du d\u00e9tail et du confort. Fabriqu\u00e9 \u00e0 partir de mat\u00e9riaux de haute qualit\u00e9, il offre respirabilit\u00e9 et un look luxueux, ce qui en fait un choix polyvalent pour les occasions formelles et semi-formelles.<\/p>\n<p>\u2702\ufe0f Ajustement parfait, fait sp\u00e9cialement pour vous.<\/p>\n<p>\ud83d\udc54 Des conseils personnalis\u00e9s pour votre look unique.<\/p>\n<p>\ud83e\uddf5 Des mat\u00e9riaux de haute qualit\u00e9 pour un confort ultime.<\/p>\n<p>\ud83c\udfa8 \u00c9l\u00e9gant pour chaque occasion.<\/p>\n<p>\ud83c\udf81 Profitez d&rsquo;un cadeau gratuit \u00e0 chaque visite en magasin !<\/p>\n","protected":false},"featured_media":2148,"template":"","meta":{"_acf_changed":false},"product_brand":[],"product_cat":[145],"product_tag":[],"class_list":{"0":"post-4461","1":"product","2":"type-product","3":"status-publish","4":"has-post-thumbnail","6":"product_cat-slim-fit-kostuums","8":"first","9":"instock","10":"sale","11":"shipping-taxable","12":"purchasable","13":"product-type-simple"},"acf":[],"_links":{"self":[{"href":"https:\/\/www.lomoro.nl\/fr\/wp-json\/wp\/v2\/product\/4461","targetHints":{"allow":["GET"]}}],"collection":[{"href":"https:\/\/www.lomoro.nl\/fr\/wp-json\/wp\/v2\/product"}],"about":[{"href":"https:\/\/www.lomoro.nl\/fr\/wp-json\/wp\/v2\/types\/product"}],"wp:featuredmedia":[{"embeddable":true,"href":"https:\/\/www.lomoro.nl\/fr\/wp-json\/wp\/v2\/media\/2148"}],"wp:attachment":[{"href":"https:\/\/www.lomoro.nl\/fr\/wp-json\/wp\/v2\/media?parent=4461"}],"wp:term":[{"taxonomy":"product_brand","embeddable":true,"href":"https:\/\/www.lomoro.nl\/fr\/wp-json\/wp\/v2\/product_brand?post=4461"},{"taxonomy":"product_cat","embeddable":true,"href":"https:\/\/www.lomoro.nl\/fr\/wp-json\/wp\/v2\/product_cat?post=4461"},{"taxonomy":"product_tag","embeddable":true,"href":"https:\/\/www.lomoro.nl\/fr\/wp-json\/wp\/v2\/product_tag?post=4461"}],"curies":[{"name":"wp","href":"https:\/\/api.w.org\/{rel}","templated":true}]}}