{"id":4472,"date":"2024-12-07T10:42:28","date_gmt":"2024-12-07T10:42:28","guid":{"rendered":"https:\/\/lomoro.nl\/?post_type=product&#038;p=4472"},"modified":"2025-01-06T10:23:37","modified_gmt":"2025-01-06T10:23:37","slug":"trouwpak-30","status":"publish","type":"product","link":"https:\/\/www.lomoro.nl\/fr\/products\/trouwpak-30\/","title":{"rendered":"Costumes De Mariage"},"content":{"rendered":"<section id=\"shopify-section-template--23762923880771__rich_text_kx9yLB\" class=\"shopify-section section\">\n<div class=\"isolate\">\n<div class=\"rich-text content-container color-scheme-1 gradient rich-text--full-width content-container--full-width section-template--23762923880771__rich_text_kx9yLB-padding\">\n<div class=\"rich-text__wrapper rich-text__wrapper--left page-width\">\n<div class=\"rich-text__blocks left\">\n<div class=\"rich-text__text rte scroll-trigger animate--slide-in\" data-cascade=\"\">\n<p>Le costume de mariage gris de Lomoro est con\u00e7u pour le mari\u00e9 qui aime un look classique avec une touche moderne. La couleur grise subtile rend le costume polyvalent et intemporel, parfait pour n&rsquo;importe quelle saison et n&rsquo;importe quel lieu de mariage. La finition d\u00e9taill\u00e9e et l&rsquo;utilisation de mat\u00e9riaux haut de gamme vous mettent \u00e0 l&rsquo;aise tout en faisant une impression impeccable.<\/p>\n<p>Ce costume est plus qu&rsquo;un simple v\u00eatement ; c&rsquo;est une d\u00e9claration de style, de sophistication et de savoir-faire. Que vous optiez pour un look plus formel ou une approche d\u00e9contract\u00e9e, le costume de mariage gris r\u00e9pondra parfaitement \u00e0 vos besoins.<\/p>\n<table>\n<thead>\n<tr>\n<th><strong>Caract\u00e9ristique<\/strong><\/th>\n<th><strong>D\u00e9tails<\/strong><\/th>\n<\/tr>\n<\/thead>\n<tbody>\n<tr>\n<td>Mat\u00e9riau<\/td>\n<td>Tissus premium<\/td>\n<\/tr>\n<tr>\n<td>Couleur<\/td>\n<td>Gris<\/td>\n<\/tr>\n<tr>\n<td>Tailles disponibles<\/td>\n<td>Jusqu&rsquo;\u00e0 la taille 72<\/td>\n<\/tr>\n<tr>\n<td>Coupe<\/td>\n<td>Sur mesure pour un ajustement parfait<\/td>\n<\/tr>\n<tr>\n<td>Style<\/td>\n<td>Classique avec des touches modernes<\/td>\n<\/tr>\n<tr>\n<td>Entretien<\/td>\n<td>Nettoyage professionnel recommand\u00e9<\/td>\n<\/tr>\n<\/tbody>\n<\/table>\n<\/div>\n<\/div>\n<\/div>\n<\/div>\n<\/div>\n<\/section>\n","protected":false},"excerpt":{"rendered":"<div class=\"product__tax caption rte\">Le costume de mariage gris de Lomoro offre l&rsquo;\u00e9quilibre parfait entre classique et moderne. Cet \u00e9l\u00e9gant costume est id\u00e9al pour le mari\u00e9 \u00e0 la recherche de sophistication, avec une subtile nuance de gris adapt\u00e9e \u00e0 toutes les saisons. Le costume a \u00e9t\u00e9 con\u00e7u avec une attention particuli\u00e8re port\u00e9e aux d\u00e9tails et \u00e0 l&rsquo;artisanat, ce qui en fait le choix id\u00e9al pour un jour de mariage sophistiqu\u00e9. Le mat\u00e9riau de haute qualit\u00e9 offre confort et style, vous aidant \u00e0 vous sentir \u00e0 l&rsquo;aise tout en \u00e9tant \u00e0 votre meilleur. Le costume de mariage gris est un \u00e9l\u00e9gant costume trois pi\u00e8ces en gris classique. Il comprend une veste \u00e0 deux boutons, un gilet \u00e0 six boutons et un pantalon sans pinces pour un look ajust\u00e9. Id\u00e9al pour les mariages et les \u00e9v\u00e9nements formels, il offre une sophistication intemporelle.<\/div>\n<div>\n<p><span style=\"font-weight: 400;\">\u2702\ufe0f Ajustement parfait, fait sp\u00e9cialement pour vous.<\/span><\/p>\n<p><span style=\"font-weight: 400;\">\ud83d\udc54 Des conseils personnalis\u00e9s pour votre look unique.<\/span><\/p>\n<p><span style=\"font-weight: 400;\">\ud83e\uddf5 Des mat\u00e9riaux de haute qualit\u00e9 pour un confort ultime.<\/span><\/p>\n<p><span style=\"font-weight: 400;\">\ud83c\udfa8 \u00c9l\u00e9gant pour chaque occasion.<\/span><\/p>\n<p><span style=\"font-weight: 400;\">\ud83c\udf81 Profitez d&rsquo;un cadeau gratuit \u00e0 chaque visite en magasin !<\/span><\/p>\n<\/div>\n","protected":false},"featured_media":1782,"template":"","meta":{"_acf_changed":false},"product_brand":[],"product_cat":[153],"product_tag":[],"class_list":{"0":"post-4472","1":"product","2":"type-product","3":"status-publish","4":"has-post-thumbnail","6":"product_cat-trouwpak-voor-mannen","8":"first","9":"instock","10":"sale","11":"shipping-taxable","12":"purchasable","13":"product-type-simple"},"acf":[],"_links":{"self":[{"href":"https:\/\/www.lomoro.nl\/fr\/wp-json\/wp\/v2\/product\/4472","targetHints":{"allow":["GET"]}}],"collection":[{"href":"https:\/\/www.lomoro.nl\/fr\/wp-json\/wp\/v2\/product"}],"about":[{"href":"https:\/\/www.lomoro.nl\/fr\/wp-json\/wp\/v2\/types\/product"}],"wp:featuredmedia":[{"embeddable":true,"href":"https:\/\/www.lomoro.nl\/fr\/wp-json\/wp\/v2\/media\/1782"}],"wp:attachment":[{"href":"https:\/\/www.lomoro.nl\/fr\/wp-json\/wp\/v2\/media?parent=4472"}],"wp:term":[{"taxonomy":"product_brand","embeddable":true,"href":"https:\/\/www.lomoro.nl\/fr\/wp-json\/wp\/v2\/product_brand?post=4472"},{"taxonomy":"product_cat","embeddable":true,"href":"https:\/\/www.lomoro.nl\/fr\/wp-json\/wp\/v2\/product_cat?post=4472"},{"taxonomy":"product_tag","embeddable":true,"href":"https:\/\/www.lomoro.nl\/fr\/wp-json\/wp\/v2\/product_tag?post=4472"}],"curies":[{"name":"wp","href":"https:\/\/api.w.org\/{rel}","templated":true}]}}