{"id":4484,"date":"2024-12-07T09:37:36","date_gmt":"2024-12-07T09:37:36","guid":{"rendered":"https:\/\/lomoro.nl\/?post_type=product&#038;p=4484"},"modified":"2025-01-06T10:56:43","modified_gmt":"2025-01-06T10:56:43","slug":"trouwpak-15","status":"publish","type":"product","link":"https:\/\/www.lomoro.nl\/fr\/products\/trouwpak-15\/","title":{"rendered":"Costume de mariage Peaky Blinders"},"content":{"rendered":"<section id=\"shopify-section-template--23762923880771__rich_text_kx9yLB\" class=\"shopify-section section\">\n<div class=\"isolate\">\n<div class=\"rich-text content-container color-scheme-1 gradient rich-text--full-width content-container--full-width section-template--23762923880771__rich_text_kx9yLB-padding\">\n<div class=\"rich-text__wrapper rich-text__wrapper--left page-width\">\n<div class=\"rich-text__blocks left\">\n<div class=\"rich-text__text rte scroll-trigger animate--slide-in\" data-cascade=\"\">\n<p>Le costume de mariage Peaky Blinders est le choix id\u00e9al pour les mari\u00e9s qui aiment un look audacieux et chic. Inspir\u00e9 de la c\u00e9l\u00e8bre s\u00e9rie t\u00e9l\u00e9vis\u00e9e, ce costume offre un style vintage qui se pr\u00eate parfaitement aux \u00e9v\u00e9nements de mariage modernes. Avec ses finitions d\u00e9taill\u00e9es et sa coupe impeccable, ce costume est la combinaison parfaite entre \u00e9l\u00e9gance intemporelle et style audacieux.<\/p>\n<p>La couleur anthracite profonde et la coupe classique font de ce costume un choix polyvalent pour tout mariage, tandis que les tissus raffin\u00e9s et le savoir-faire garantissent un confort maximal. Ce costume convient au mari\u00e9 qui aime se d\u00e9marquer sans compromettre le style ou la sophistication.<\/p>\n<p>Faites une d\u00e9claration le jour de votre mariage avec le costume de mariage Peaky Blinders de Lomoro et d\u00e9couvrez comment les d\u00e9tails du design contribuent \u00e0 refl\u00e9ter votre style unique.<\/p>\n<table>\n<thead>\n<tr>\n<th><strong>Caract\u00e9ristique<\/strong><\/th>\n<th><strong>D\u00e9tails<\/strong><\/th>\n<\/tr>\n<\/thead>\n<tbody>\n<tr>\n<td>Mat\u00e9riau<\/td>\n<td>Tissus de haute qualit\u00e9<\/td>\n<\/tr>\n<tr>\n<td>Couleur<\/td>\n<td>Gris fonc\u00e9 \/ Anthracite<\/td>\n<\/tr>\n<tr>\n<td>Tailles disponibles<\/td>\n<td>Jusqu&rsquo;\u00e0 la taille 72<\/td>\n<\/tr>\n<tr>\n<td>Coupe<\/td>\n<td>Sur mesure pour un ajustement parfait<\/td>\n<\/tr>\n<tr>\n<td>Style<\/td>\n<td>Inspir\u00e9 de Peaky Blinders<\/td>\n<\/tr>\n<tr>\n<td>Entretien<\/td>\n<td>Nettoyage professionnel recommand\u00e9<\/td>\n<\/tr>\n<\/tbody>\n<\/table>\n<\/div>\n<\/div>\n<\/div>\n<\/div>\n<\/div>\n<\/section>\n","protected":false},"excerpt":{"rendered":"<div class=\"product__tax caption rte\">Le costume de mariage Peaky Blinders de Lomoro s&rsquo;inspire du style embl\u00e9matique de la c\u00e9l\u00e8bre s\u00e9rie t\u00e9l\u00e9vis\u00e9e, offrant un look audacieux et \u00e9l\u00e9gant au mari\u00e9 \u00e0 la recherche de quelque chose d&rsquo;unique. Ce costume combine une coupe classique avec des influences modernes et est parfait pour un mari\u00e9 qui veut para\u00eetre \u00e0 la fois \u00e9l\u00e9gant et confiant. Le design d\u00e9taill\u00e9 et les mat\u00e9riaux de haute qualit\u00e9 offrent \u00e0 la fois \u00e9l\u00e9gance et confort, vous donnant une impression parfaite le jour de votre mariage.<\/div>\n<div>\n<p><span style=\"font-weight: 400;\">\u2702\ufe0f Ajustement parfait, fait sp\u00e9cialement pour vous.<\/span><\/p>\n<p><span style=\"font-weight: 400;\">\ud83d\udc54 Des conseils personnalis\u00e9s pour votre look unique.<\/span><\/p>\n<p><span style=\"font-weight: 400;\">\ud83e\uddf5 Des mat\u00e9riaux de haute qualit\u00e9 pour un confort ultime.<\/span><\/p>\n<p><span style=\"font-weight: 400;\">\ud83c\udfa8 \u00c9l\u00e9gant pour chaque occasion.<\/span><\/p>\n<p><span style=\"font-weight: 400;\">\ud83c\udf81 Profitez d&rsquo;un cadeau gratuit \u00e0 chaque visite en magasin !<\/span><\/p>\n<\/div>\n","protected":false},"featured_media":1692,"template":"","meta":{"_acf_changed":false},"product_brand":[],"product_cat":[153],"product_tag":[],"class_list":{"0":"post-4484","1":"product","2":"type-product","3":"status-publish","4":"has-post-thumbnail","6":"product_cat-trouwpak-voor-mannen","8":"first","9":"instock","10":"sale","11":"shipping-taxable","12":"purchasable","13":"product-type-simple"},"acf":[],"_links":{"self":[{"href":"https:\/\/www.lomoro.nl\/fr\/wp-json\/wp\/v2\/product\/4484","targetHints":{"allow":["GET"]}}],"collection":[{"href":"https:\/\/www.lomoro.nl\/fr\/wp-json\/wp\/v2\/product"}],"about":[{"href":"https:\/\/www.lomoro.nl\/fr\/wp-json\/wp\/v2\/types\/product"}],"wp:featuredmedia":[{"embeddable":true,"href":"https:\/\/www.lomoro.nl\/fr\/wp-json\/wp\/v2\/media\/1692"}],"wp:attachment":[{"href":"https:\/\/www.lomoro.nl\/fr\/wp-json\/wp\/v2\/media?parent=4484"}],"wp:term":[{"taxonomy":"product_brand","embeddable":true,"href":"https:\/\/www.lomoro.nl\/fr\/wp-json\/wp\/v2\/product_brand?post=4484"},{"taxonomy":"product_cat","embeddable":true,"href":"https:\/\/www.lomoro.nl\/fr\/wp-json\/wp\/v2\/product_cat?post=4484"},{"taxonomy":"product_tag","embeddable":true,"href":"https:\/\/www.lomoro.nl\/fr\/wp-json\/wp\/v2\/product_tag?post=4484"}],"curies":[{"name":"wp","href":"https:\/\/api.w.org\/{rel}","templated":true}]}}