{"id":4485,"date":"2024-12-13T11:15:40","date_gmt":"2024-12-13T11:15:40","guid":{"rendered":"https:\/\/lomoro.nl\/?post_type=product&#038;p=4485"},"modified":"2025-01-06T10:56:33","modified_gmt":"2025-01-06T10:56:33","slug":"groot-mat-pak","status":"publish","type":"product","link":"https:\/\/www.lomoro.nl\/fr\/products\/groot-mat-pak\/","title":{"rendered":"Costume blanc grande taille"},"content":{"rendered":"<p>Le costume blanc grande taille est un chef-d&rsquo;\u0153uvre intemporel, con\u00e7u pour les hommes qui souhaitent afficher un look impressionnant et sophistiqu\u00e9. La teinte blanche classique apporte une touche de luxe, tandis que la coupe moderne offre un look \u00e9l\u00e9gant et contemporain. Id\u00e9al pour les mariages, les galas et autres \u00e9v\u00e9nements sp\u00e9ciaux, ce costume est con\u00e7u pour allier harmonieusement confort et style.<\/p>\n<p>Ce costume trois pi\u00e8ces, compos\u00e9 d&rsquo;une veste droite, d&rsquo;un gilet et d&rsquo;un pantalon assorti, allie des mati\u00e8res de qualit\u00e9 avec une coupe parfaite. Que vous souhaitiez cr\u00e9er un look formel ou faire une impression \u00e9l\u00e9gante, ce costume a tout pour plaire.<\/p>\n<p>Cet ensemble est fait de mat\u00e9riaux haut de gamme qui garantissent durabilit\u00e9 et confort de port. Le blazer \u00e0 simple boutonnage respire l&rsquo;\u00e9l\u00e9gance, tandis que le gilet \u00e0 col en V et le pantalon slim offrent un look parfaitement \u00e9quilibr\u00e9. Ce costume polyvalent est facile \u00e0 combiner avec divers accessoires, ce qui le rend adapt\u00e9 \u00e0 diverses occasions.<\/p>\n<table>\n<tbody>\n<tr>\n<td><b>Caract\u00e9ristique<\/b><\/td>\n<td><b>D\u00e9tails<\/b><\/td>\n<\/tr>\n<tr>\n<td><b>Mat\u00e9riau<\/b><\/td>\n<td><span style=\"font-weight: 400;\">M\u00e9lange de laine de luxe<\/span><\/td>\n<\/tr>\n<tr>\n<td><b>Couleur<\/b><\/td>\n<td><span style=\"font-weight: 400;\">Blanc classique<\/span><\/td>\n<\/tr>\n<tr>\n<td><b>Tailles disponibles<\/b><\/td>\n<td><span style=\"font-weight: 400;\">Petites tailles 46-62 \/ Grandes tailles 58-72<\/span><\/td>\n<\/tr>\n<tr>\n<td><b>Coupe<\/b><\/td>\n<td><span style=\"font-weight: 400;\">Coupe confort pour une silhouette flatteuse<\/span><\/td>\n<\/tr>\n<tr>\n<td><b>Instructions de lavage<\/b><\/td>\n<td><span style=\"font-weight: 400;\">Nettoyage \u00e0 sec professionnel<\/span><\/td>\n<\/tr>\n<\/tbody>\n<\/table>\n","protected":false},"excerpt":{"rendered":"<p>Le costume Blanc Grande taille offre un look \u00e9l\u00e9gant et raffin\u00e9, sp\u00e9cialement con\u00e7u pour les hommes qui appr\u00e9cient le style et le confort. Avec sa couleur blanche classique et sa coupe moderne, c&rsquo;est un excellent choix pour les occasions formelles, les galas et les r\u00e9unions d&rsquo;affaires.<\/p>\n<p>\u2702\ufe0f Ajustement parfait, fait sp\u00e9cialement pour vous.<\/p>\n<p>\ud83d\udc54 Des conseils personnalis\u00e9s pour votre look unique.<\/p>\n<p>\ud83e\uddf5 Des mat\u00e9riaux de haute qualit\u00e9 pour un confort ultime.<\/p>\n<p>\ud83c\udfa8 \u00c9l\u00e9gant pour chaque occasion.<\/p>\n<p>\ud83c\udf81 Profitez d&rsquo;un cadeau gratuit \u00e0 chaque visite en magasin !<\/p>\n","protected":false},"featured_media":2187,"template":"","meta":{"_acf_changed":false},"product_brand":[],"product_cat":[128],"product_tag":[],"class_list":{"0":"post-4485","1":"product","2":"type-product","3":"status-publish","4":"has-post-thumbnail","6":"product_cat-grote-maten-collectie","8":"first","9":"instock","10":"sale","11":"shipping-taxable","12":"purchasable","13":"product-type-simple"},"acf":[],"_links":{"self":[{"href":"https:\/\/www.lomoro.nl\/fr\/wp-json\/wp\/v2\/product\/4485","targetHints":{"allow":["GET"]}}],"collection":[{"href":"https:\/\/www.lomoro.nl\/fr\/wp-json\/wp\/v2\/product"}],"about":[{"href":"https:\/\/www.lomoro.nl\/fr\/wp-json\/wp\/v2\/types\/product"}],"wp:featuredmedia":[{"embeddable":true,"href":"https:\/\/www.lomoro.nl\/fr\/wp-json\/wp\/v2\/media\/2187"}],"wp:attachment":[{"href":"https:\/\/www.lomoro.nl\/fr\/wp-json\/wp\/v2\/media?parent=4485"}],"wp:term":[{"taxonomy":"product_brand","embeddable":true,"href":"https:\/\/www.lomoro.nl\/fr\/wp-json\/wp\/v2\/product_brand?post=4485"},{"taxonomy":"product_cat","embeddable":true,"href":"https:\/\/www.lomoro.nl\/fr\/wp-json\/wp\/v2\/product_cat?post=4485"},{"taxonomy":"product_tag","embeddable":true,"href":"https:\/\/www.lomoro.nl\/fr\/wp-json\/wp\/v2\/product_tag?post=4485"}],"curies":[{"name":"wp","href":"https:\/\/api.w.org\/{rel}","templated":true}]}}