{"id":4495,"date":"2024-12-07T09:17:55","date_gmt":"2024-12-07T09:17:55","guid":{"rendered":"https:\/\/lomoro.nl\/?post_type=product&#038;p=4495"},"modified":"2025-01-06T11:41:24","modified_gmt":"2025-01-06T11:41:24","slug":"trouwpak-14","status":"publish","type":"product","link":"https:\/\/www.lomoro.nl\/fr\/products\/trouwpak-14\/","title":{"rendered":"Costume de mariage rose"},"content":{"rendered":"<section id=\"shopify-section-template--23762923880771__rich_text_kx9yLB\" class=\"shopify-section section\">\n<div class=\"isolate\">\n<div class=\"rich-text content-container color-scheme-1 gradient rich-text--full-width content-container--full-width section-template--23762923880771__rich_text_kx9yLB-padding\">\n<div class=\"rich-text__wrapper rich-text__wrapper--left page-width\">\n<div class=\"rich-text__blocks left\">\n<div class=\"rich-text__text rte scroll-trigger animate--slide-in\" data-cascade=\"\">\n<p>Le costume de mariage rose offre une option fra\u00eeche et unique pour les mari\u00e9s qui souhaitent combiner un look moderne avec une \u00e9l\u00e9gance classique. La douce couleur rose respire le romantisme et le style, tandis que le design \u00e9l\u00e9gant cr\u00e9e un look contemporain et sophistiqu\u00e9.<\/p>\n<p>Ce costume est id\u00e9al aussi bien pour les mariages intimes que pour les grandes c\u00e9l\u00e9brations festives. Les tissus de haute qualit\u00e9 et la coupe parfaite assurent un confort tout au long de la journ\u00e9e, de la c\u00e9r\u00e9monie \u00e0 la danse lors de la f\u00eate. Avec ce costume, vous \u00eates assur\u00e9 de faire une impression durable.<\/p>\n<table>\n<thead>\n<tr>\n<th>Caract\u00e9ristique<\/th>\n<th>D\u00e9tails<\/th>\n<\/tr>\n<\/thead>\n<tbody>\n<tr>\n<td>Mat\u00e9riau<\/td>\n<td>Tissus luxueux et respirants<\/td>\n<\/tr>\n<tr>\n<td>Couleur<\/td>\n<td>Rose doux<\/td>\n<\/tr>\n<tr>\n<td>Tailles disponibles<\/td>\n<td>Jusqu&rsquo;\u00e0 la taille 72<\/td>\n<\/tr>\n<tr>\n<td>Coupe<\/td>\n<td>Sur mesure<\/td>\n<\/tr>\n<tr>\n<td>Style<\/td>\n<td>Moderne et raffin\u00e9<\/td>\n<\/tr>\n<tr>\n<td>Entretien<\/td>\n<td>Nettoyage \u00e0 sec pour une qualit\u00e9 durable<\/td>\n<\/tr>\n<\/tbody>\n<\/table>\n<\/div>\n<\/div>\n<\/div>\n<\/div>\n<\/div>\n<\/section>\n","protected":false},"excerpt":{"rendered":"<p>Le costume de mariage rose de Lomoro est un choix \u00e9l\u00e9gant pour le mari\u00e9 moderne qui ose briller. Avec sa teinte rose douce et son design intemporel, ce costume est un m\u00e9lange parfait d&rsquo;\u00e9l\u00e9gance et de style contemporain. Ce costume est con\u00e7u pour les mari\u00e9s qui aiment faire sensation avec un look frais et sophistiqu\u00e9 lors de leur grand jour. Le costume de mariage rose est un costume trois pi\u00e8ces sophistiqu\u00e9 dans une teinte rose, comprenant une veste \u00e0 boutonnage simple, un gilet \u00e0 six boutons et un pantalon \u00e0 devant plat pour une silhouette \u00e9l\u00e9gante. Il offre un look unique et \u00e9l\u00e9gant, parfait pour les mariages et les \u00e9v\u00e9nements officiels. Un choix audacieux pour un look sophistiqu\u00e9.<\/p>\n<p><span style=\"font-weight: 400;\">\u2702\ufe0f Ajustement parfait, fait sp\u00e9cialement pour vous.<\/span><\/p>\n<p><span style=\"font-weight: 400;\">\ud83d\udc54 Des conseils personnalis\u00e9s pour votre look unique.<\/span><\/p>\n<p><span style=\"font-weight: 400;\">\ud83e\uddf5 Des mat\u00e9riaux de haute qualit\u00e9 pour un confort ultime.<\/span><\/p>\n<p><span style=\"font-weight: 400;\">\ud83c\udfa8 \u00c9l\u00e9gant pour chaque occasion.<\/span><\/p>\n<p><span style=\"font-weight: 400;\">\ud83c\udf81 Profitez d&rsquo;un cadeau gratuit \u00e0 chaque visite en magasin !<\/span><\/p>\n","protected":false},"featured_media":1674,"template":"","meta":{"_acf_changed":false},"product_brand":[],"product_cat":[153],"product_tag":[],"class_list":{"0":"post-4495","1":"product","2":"type-product","3":"status-publish","4":"has-post-thumbnail","6":"product_cat-trouwpak-voor-mannen","8":"first","9":"instock","10":"sale","11":"shipping-taxable","12":"purchasable","13":"product-type-simple"},"acf":[],"_links":{"self":[{"href":"https:\/\/www.lomoro.nl\/fr\/wp-json\/wp\/v2\/product\/4495","targetHints":{"allow":["GET"]}}],"collection":[{"href":"https:\/\/www.lomoro.nl\/fr\/wp-json\/wp\/v2\/product"}],"about":[{"href":"https:\/\/www.lomoro.nl\/fr\/wp-json\/wp\/v2\/types\/product"}],"wp:featuredmedia":[{"embeddable":true,"href":"https:\/\/www.lomoro.nl\/fr\/wp-json\/wp\/v2\/media\/1674"}],"wp:attachment":[{"href":"https:\/\/www.lomoro.nl\/fr\/wp-json\/wp\/v2\/media?parent=4495"}],"wp:term":[{"taxonomy":"product_brand","embeddable":true,"href":"https:\/\/www.lomoro.nl\/fr\/wp-json\/wp\/v2\/product_brand?post=4495"},{"taxonomy":"product_cat","embeddable":true,"href":"https:\/\/www.lomoro.nl\/fr\/wp-json\/wp\/v2\/product_cat?post=4495"},{"taxonomy":"product_tag","embeddable":true,"href":"https:\/\/www.lomoro.nl\/fr\/wp-json\/wp\/v2\/product_tag?post=4495"}],"curies":[{"name":"wp","href":"https:\/\/api.w.org\/{rel}","templated":true}]}}