{"id":4516,"date":"2024-12-07T09:01:45","date_gmt":"2024-12-07T09:01:45","guid":{"rendered":"https:\/\/lomoro.nl\/?post_type=product&#038;p=4516"},"modified":"2025-01-06T12:07:24","modified_gmt":"2025-01-06T12:07:24","slug":"trouwpak-6","status":"publish","type":"product","link":"https:\/\/www.lomoro.nl\/fr\/products\/trouwpak-6\/","title":{"rendered":"Costume de mariage marron classique"},"content":{"rendered":"<section id=\"shopify-section-template--23762923880771__rich_text_kx9yLB\" class=\"shopify-section section\">\n<div class=\"isolate\">\n<div class=\"rich-text content-container color-scheme-1 gradient rich-text--full-width content-container--full-width section-template--23762923880771__rich_text_kx9yLB-padding\">\n<div class=\"rich-text__wrapper rich-text__wrapper--left page-width\">\n<div class=\"rich-text__blocks left\">\n<div class=\"rich-text__text rte scroll-trigger animate--slide-in\" data-cascade=\"\">\n<p>Le costume de mariage marron classique respire le luxe et la sophistication avec sa riche couleur marron et son design intemporel. Ce costume de mariage est un choix id\u00e9al pour les mari\u00e9s qui souhaitent combiner un look traditionnel avec les tendances modernes. Le m\u00e9lange de laine de haute qualit\u00e9 offre non seulement un look haut de gamme, mais assure \u00e9galement un confort optimal, m\u00eame pendant les longues journ\u00e9es de mariage.<\/p>\n<p>Con\u00e7u pour \u00eatre polyvalent, ce costume est parfait pour une vari\u00e9t\u00e9 de th\u00e8mes, d&rsquo;un mariage champ\u00eatre \u00e0 une c\u00e9r\u00e9monie \u00e9l\u00e9gante en ville. Impressionnez vos invit\u00e9s et montrez votre personnalit\u00e9 avec ce chef-d&rsquo;\u0153uvre d&rsquo;artisanat.<\/p>\n<table>\n<thead>\n<tr>\n<th>Caract\u00e9ristique<\/th>\n<th>D\u00e9tails<\/th>\n<\/tr>\n<\/thead>\n<tbody>\n<tr>\n<td>Mat\u00e9riau<\/td>\n<td>M\u00e9lange de laine premium avec des propri\u00e9t\u00e9s respirantes<\/td>\n<\/tr>\n<tr>\n<td>Couleur<\/td>\n<td>Marron classique<\/td>\n<\/tr>\n<tr>\n<td>Tailles disponibles<\/td>\n<td>Jusqu&rsquo;\u00e0 la taille 72<\/td>\n<\/tr>\n<tr>\n<td>Coupe<\/td>\n<td>Slim-fit ou regular-fit sur mesure<\/td>\n<\/tr>\n<tr>\n<td>Style<\/td>\n<td>Classique et \u00e9l\u00e9gant<\/td>\n<\/tr>\n<tr>\n<td>Entretien<\/td>\n<td>Nettoyage professionnel<\/td>\n<\/tr>\n<\/tbody>\n<\/table>\n<\/div>\n<\/div>\n<\/div>\n<\/div>\n<\/div>\n<\/section>\n","protected":false},"excerpt":{"rendered":"<p>Le costume de mariage marron classique de Lomoro allie tradition et \u00e9l\u00e9gance raffin\u00e9e. La teinte marron fonc\u00e9 rayonne de chaleur et de sophistication, faisant de ce costume un choix intemporel pour les mari\u00e9s qui souhaitent un look \u00e9l\u00e9gant et classique le jour de leur mariage. Il est parfait pour les mariages formels et informels et ajoute une touche de luxe \u00e0 n&rsquo;importe quel th\u00e8me. Le costume de mariage marron est un costume trois pi\u00e8ces marron raffin\u00e9, parfait pour les mariages et les \u00e9v\u00e9nements formels. Il se compose d&rsquo;une veste droite \u00e0 revers crant\u00e9s, d&rsquo;un cardigan \u00e0 six boutons et d&rsquo;un pantalon moulant \u00e0 devant plat. Intemporel et \u00e9l\u00e9gant, il offre un look sophistiqu\u00e9 et sur mesure.<\/p>\n<p><span style=\"font-weight: 400;\">\u2702\ufe0f Ajustement parfait, fait sp\u00e9cialement pour vous.<\/span><\/p>\n<p><span style=\"font-weight: 400;\">\ud83d\udc54 Des conseils personnalis\u00e9s pour votre look unique.<\/span><\/p>\n<p><span style=\"font-weight: 400;\">\ud83e\uddf5 Des mat\u00e9riaux de haute qualit\u00e9 pour un confort ultime.<\/span><\/p>\n<p><span style=\"font-weight: 400;\">\ud83c\udfa8 \u00c9l\u00e9gant pour chaque occasion.<\/span><\/p>\n<p><span style=\"font-weight: 400;\">\ud83c\udf81 Profitez d&rsquo;un cadeau gratuit \u00e0 chaque visite en magasin !<\/span><\/p>\n","protected":false},"featured_media":1662,"template":"","meta":{"_acf_changed":false},"product_brand":[],"product_cat":[153],"product_tag":[],"class_list":{"0":"post-4516","1":"product","2":"type-product","3":"status-publish","4":"has-post-thumbnail","6":"product_cat-trouwpak-voor-mannen","8":"first","9":"instock","10":"sale","11":"shipping-taxable","12":"purchasable","13":"product-type-simple"},"acf":[],"_links":{"self":[{"href":"https:\/\/www.lomoro.nl\/fr\/wp-json\/wp\/v2\/product\/4516","targetHints":{"allow":["GET"]}}],"collection":[{"href":"https:\/\/www.lomoro.nl\/fr\/wp-json\/wp\/v2\/product"}],"about":[{"href":"https:\/\/www.lomoro.nl\/fr\/wp-json\/wp\/v2\/types\/product"}],"wp:featuredmedia":[{"embeddable":true,"href":"https:\/\/www.lomoro.nl\/fr\/wp-json\/wp\/v2\/media\/1662"}],"wp:attachment":[{"href":"https:\/\/www.lomoro.nl\/fr\/wp-json\/wp\/v2\/media?parent=4516"}],"wp:term":[{"taxonomy":"product_brand","embeddable":true,"href":"https:\/\/www.lomoro.nl\/fr\/wp-json\/wp\/v2\/product_brand?post=4516"},{"taxonomy":"product_cat","embeddable":true,"href":"https:\/\/www.lomoro.nl\/fr\/wp-json\/wp\/v2\/product_cat?post=4516"},{"taxonomy":"product_tag","embeddable":true,"href":"https:\/\/www.lomoro.nl\/fr\/wp-json\/wp\/v2\/product_tag?post=4516"}],"curies":[{"name":"wp","href":"https:\/\/api.w.org\/{rel}","templated":true}]}}