{"id":4518,"date":"2024-12-16T05:33:55","date_gmt":"2024-12-16T05:33:55","guid":{"rendered":"https:\/\/lomoro.nl\/?post_type=product&#038;p=4518"},"modified":"2025-01-06T12:07:49","modified_gmt":"2025-01-06T12:07:49","slug":"het-ultieme-pak-in-twee-stijlen-8","status":"publish","type":"product","link":"https:\/\/www.lomoro.nl\/fr\/products\/het-ultieme-pak-in-twee-stijlen-8\/","title":{"rendered":"Costumes doubles styles blanc cass\u00e9"},"content":{"rendered":"<p>Ce costume offre la combinaison parfaite de sophistication et de polyvalence, avec deux styles en un : un blazer classique \u00e0 simple boutonnage et une superbe option \u00e0 double boutonnage. La couleur blanc cass\u00e9 ajoute un look sophistiqu\u00e9 qui se marie bien avec les nuances pastel et les couleurs sombres, cr\u00e9ant des possibilit\u00e9s de style infinies. La coupe slim offre une silhouette moderne, id\u00e9ale pour ceux qui appr\u00e9cient un look soign\u00e9.<\/p>\n<p>Fabriqu\u00e9 \u00e0 partir d&rsquo;un m\u00e9lange de laine de haute qualit\u00e9, ce costume offre une respirabilit\u00e9 exceptionnelle et un confort toute la journ\u00e9e. Qu&rsquo;il s&rsquo;agisse d&rsquo;un mariage d&rsquo;\u00e9t\u00e9 ou d&rsquo;une soir\u00e9e de gala formelle, le tissu luxueux et le savoir-faire expert garantissent qu&rsquo;il reste une pi\u00e8ce phare. Chaque d\u00e9tail, des coutures aux revers, met en valeur une coupe impeccable et une attention aux d\u00e9tails.<\/p>\n<table style=\"height: 392px;\" width=\"623\">\n<tbody>\n<tr>\n<td><b>Caract\u00e9ristique<\/b><\/td>\n<td><b>D\u00e9tails<\/b><\/td>\n<\/tr>\n<tr>\n<td><b>Mat\u00e9riau<\/b><\/td>\n<td><span style=\"font-weight: 400;\">M\u00e9lange de laine premium<\/span><\/td>\n<\/tr>\n<tr>\n<td><b>Couleur<\/b><\/td>\n<td><span style=\"font-weight: 400;\">Blanc cass\u00e9 (blanc cass\u00e9)<\/span><\/td>\n<\/tr>\n<tr>\n<td><b>Tailles disponibles<\/b><\/td>\n<td><span style=\"font-weight: 400;\">Petites tailles 46-62 \/ Grandes tailles 58-72<\/span><\/td>\n<\/tr>\n<tr>\n<td><b>Coupe<\/b><\/td>\n<td><span style=\"font-weight: 400;\">Coupe ajust\u00e9e (slim fit)<\/span><\/td>\n<\/tr>\n<tr>\n<td><b>Style<\/b><\/td>\n<td><span style=\"font-weight: 400;\">Styles doubles, classique et moderne<\/span><\/td>\n<\/tr>\n<tr>\n<td><b>Instructions de lavage<\/b><\/td>\n<td><span style=\"font-weight: 400;\">Nettoyage professionnel uniquement<\/span><\/td>\n<\/tr>\n<\/tbody>\n<\/table>\n<p>&nbsp;<\/p>\n<p>&nbsp;<\/p>\n","protected":false},"excerpt":{"rendered":"<div class=\"product__tax caption rte\">\n<p>Le costume Off White Double Styles red\u00e9finit l&rsquo;\u00e9l\u00e9gance avec son design polyvalent et sa couleur intemporelle. Parfaitement con\u00e7u, c&rsquo;est un choix parfait pour les occasions formelles, les mariages ou les \u00e9v\u00e9nements d&rsquo;entreprise.<\/p>\n<p>Avec les mod\u00e8les \u00e0 simple boutonnage et \u00e0 double boutonnage, vous pouvez adapter votre look au moment pr\u00e9sent. La douce teinte blanc cass\u00e9 s&rsquo;agence \u00e0 une vari\u00e9t\u00e9 d&rsquo;accessoires et fait de ce costume un ajout polyvalent \u00e0 toute garde-robe.<\/p>\n<p>\u2702\ufe0f Ajustement parfait, fait sp\u00e9cialement pour vous.<\/p>\n<p>\ud83d\udc54 Des conseils personnalis\u00e9s pour votre look unique.<\/p>\n<p>\ud83e\uddf5 Des mat\u00e9riaux de haute qualit\u00e9 pour un confort ultime.<\/p>\n<p>\ud83c\udfa8 \u00c9l\u00e9gant pour chaque occasion.<\/p>\n<p>\ud83c\udf81 Profitez d&rsquo;un cadeau gratuit \u00e0 chaque visite en magasin !<\/p>\n<\/div>\n","protected":false},"featured_media":2379,"template":"","meta":{"_acf_changed":false},"product_brand":[],"product_cat":[131],"product_tag":[],"class_list":{"0":"post-4518","1":"product","2":"type-product","3":"status-publish","4":"has-post-thumbnail","6":"product_cat-imperial-kostuums","8":"first","9":"instock","10":"sale","11":"shipping-taxable","12":"purchasable","13":"product-type-simple"},"acf":[],"_links":{"self":[{"href":"https:\/\/www.lomoro.nl\/fr\/wp-json\/wp\/v2\/product\/4518","targetHints":{"allow":["GET"]}}],"collection":[{"href":"https:\/\/www.lomoro.nl\/fr\/wp-json\/wp\/v2\/product"}],"about":[{"href":"https:\/\/www.lomoro.nl\/fr\/wp-json\/wp\/v2\/types\/product"}],"wp:featuredmedia":[{"embeddable":true,"href":"https:\/\/www.lomoro.nl\/fr\/wp-json\/wp\/v2\/media\/2379"}],"wp:attachment":[{"href":"https:\/\/www.lomoro.nl\/fr\/wp-json\/wp\/v2\/media?parent=4518"}],"wp:term":[{"taxonomy":"product_brand","embeddable":true,"href":"https:\/\/www.lomoro.nl\/fr\/wp-json\/wp\/v2\/product_brand?post=4518"},{"taxonomy":"product_cat","embeddable":true,"href":"https:\/\/www.lomoro.nl\/fr\/wp-json\/wp\/v2\/product_cat?post=4518"},{"taxonomy":"product_tag","embeddable":true,"href":"https:\/\/www.lomoro.nl\/fr\/wp-json\/wp\/v2\/product_tag?post=4518"}],"curies":[{"name":"wp","href":"https:\/\/api.w.org\/{rel}","templated":true}]}}