{"id":4523,"date":"2024-12-07T09:52:20","date_gmt":"2024-12-07T09:52:20","guid":{"rendered":"https:\/\/lomoro.nl\/?post_type=product&#038;p=4523"},"modified":"2025-01-13T07:07:18","modified_gmt":"2025-01-13T07:07:18","slug":"trouwpak-16","status":"publish","type":"product","link":"https:\/\/www.lomoro.nl\/fr\/products\/trouwpak-16\/","title":{"rendered":"Costume de mariage marron 3 pi\u00e8ces"},"content":{"rendered":"<section id=\"shopify-section-template--23762923880771__rich_text_kx9yLB\" class=\"shopify-section section\">\n<div class=\"isolate\">\n<div class=\"rich-text content-container color-scheme-1 gradient rich-text--full-width content-container--full-width section-template--23762923880771__rich_text_kx9yLB-padding\">\n<div class=\"rich-text__wrapper rich-text__wrapper--left page-width\">\n<div class=\"rich-text__blocks left\">\n<div class=\"rich-text__text rte scroll-trigger animate--slide-in\" data-cascade=\"\">\n<p>Le costume de mariage marron 3 pi\u00e8ces est con\u00e7u pour le mari\u00e9 moderne qui souhaite impressionner avec un look sophistiqu\u00e9 et \u00e9l\u00e9gant. La couleur marron chaude rayonne de luxe et de confiance en soi, tandis que la coupe classique conserve un attrait intemporel. Ce costume trois pi\u00e8ces se compose d&rsquo;une veste \u00e9l\u00e9gante, d&rsquo;un gilet assorti et d&rsquo;un pantalon parfaitement ajust\u00e9, ce qui assure un look complet et coh\u00e9rent.<\/p>\n<p>Gr\u00e2ce aux tissus de haute qualit\u00e9 et \u00e0 l&rsquo;excellente coupe, vous pourrez profiter de votre journ\u00e9e de mariage confortablement et en toute confiance. Ajoutez votre touche personnelle avec des accessoires tels qu&rsquo;une cravate ou une pochette de costume d&rsquo;une couleur compl\u00e9mentaire.<\/p>\n<table>\n<thead>\n<tr>\n<th>Caract\u00e9ristique<\/th>\n<th>D\u00e9tails<\/th>\n<\/tr>\n<\/thead>\n<tbody>\n<tr>\n<td>Mat\u00e9riau<\/td>\n<td>M\u00e9lange de laine premium<\/td>\n<\/tr>\n<tr>\n<td>Couleur<\/td>\n<td>Marron fonc\u00e9<\/td>\n<\/tr>\n<tr>\n<td>Ensemble<\/td>\n<td>Veste, gilet et pantalon<\/td>\n<\/tr>\n<tr>\n<td>Tailles disponibles<\/td>\n<td>Jusqu&rsquo;\u00e0 la taille 72<\/td>\n<\/tr>\n<tr>\n<td>Coupe<\/td>\n<td>Slim-fit ou regular-fit<\/td>\n<\/tr>\n<tr>\n<td>Entretien<\/td>\n<td>Nettoyage \u00e0 sec recommand\u00e9<\/td>\n<\/tr>\n<\/tbody>\n<\/table>\n<\/div>\n<\/div>\n<\/div>\n<\/div>\n<\/div>\n<\/section>\n","protected":false},"excerpt":{"rendered":"<p>Le costume de mariage marron 3 pi\u00e8ces de Lomoro est le choix ultime pour le mari\u00e9 qui recherche la sophistication et la polyvalence. Avec une riche teinte marron et un design \u00e9l\u00e9gant, ce costume offre un \u00e9quilibre parfait entre \u00e9l\u00e9gance classique et style moderne. Ce costume convient aux mariages dans n&rsquo;importe quel contexte et fera de vous le centre d&rsquo;attention. Le \u00ab\u00a0Brown Wedding Suit\u00a0\u00bb est un costume trois pi\u00e8ces marron sophistiqu\u00e9, id\u00e9al pour les mariages et les \u00e9v\u00e9nements formels. Il comprend une veste \u00e0 boutonnage simple avec revers crant\u00e9s, un cardigan \u00e0 six boutons et un pantalon moulant \u00e0 devant plat. Intemporel et \u00e9l\u00e9gant, il offre un look soign\u00e9.<\/p>\n<p><span style=\"font-weight: 400;\">\u2702\ufe0f Ajustement parfait, fait sp\u00e9cialement pour vous.<\/span><\/p>\n<p><span style=\"font-weight: 400;\">\ud83d\udc54 Des conseils personnalis\u00e9s pour votre look unique.<\/span><\/p>\n<p><span style=\"font-weight: 400;\">\ud83e\uddf5 Des mat\u00e9riaux de haute qualit\u00e9 pour un confort ultime.<\/span><\/p>\n<p><span style=\"font-weight: 400;\">\ud83c\udfa8 \u00c9l\u00e9gant pour chaque occasion.<\/span><\/p>\n<p><span style=\"font-weight: 400;\">\ud83c\udf81 Profitez d&rsquo;un cadeau gratuit \u00e0 chaque visite en magasin !<\/span><\/p>\n","protected":false},"featured_media":1710,"template":"","meta":{"_acf_changed":false},"product_brand":[],"product_cat":[153],"product_tag":[],"class_list":{"0":"post-4523","1":"product","2":"type-product","3":"status-publish","4":"has-post-thumbnail","6":"product_cat-trouwpak-voor-mannen","8":"first","9":"instock","10":"sale","11":"shipping-taxable","12":"purchasable","13":"product-type-simple"},"acf":[],"_links":{"self":[{"href":"https:\/\/www.lomoro.nl\/fr\/wp-json\/wp\/v2\/product\/4523","targetHints":{"allow":["GET"]}}],"collection":[{"href":"https:\/\/www.lomoro.nl\/fr\/wp-json\/wp\/v2\/product"}],"about":[{"href":"https:\/\/www.lomoro.nl\/fr\/wp-json\/wp\/v2\/types\/product"}],"wp:featuredmedia":[{"embeddable":true,"href":"https:\/\/www.lomoro.nl\/fr\/wp-json\/wp\/v2\/media\/1710"}],"wp:attachment":[{"href":"https:\/\/www.lomoro.nl\/fr\/wp-json\/wp\/v2\/media?parent=4523"}],"wp:term":[{"taxonomy":"product_brand","embeddable":true,"href":"https:\/\/www.lomoro.nl\/fr\/wp-json\/wp\/v2\/product_brand?post=4523"},{"taxonomy":"product_cat","embeddable":true,"href":"https:\/\/www.lomoro.nl\/fr\/wp-json\/wp\/v2\/product_cat?post=4523"},{"taxonomy":"product_tag","embeddable":true,"href":"https:\/\/www.lomoro.nl\/fr\/wp-json\/wp\/v2\/product_tag?post=4523"}],"curies":[{"name":"wp","href":"https:\/\/api.w.org\/{rel}","templated":true}]}}