{"id":4529,"date":"2024-12-07T10:02:32","date_gmt":"2024-12-07T10:02:32","guid":{"rendered":"https:\/\/lomoro.nl\/?post_type=product&#038;p=4529"},"modified":"2025-01-06T13:39:45","modified_gmt":"2025-01-06T13:39:45","slug":"trouwpak-19","status":"publish","type":"product","link":"https:\/\/www.lomoro.nl\/fr\/products\/trouwpak-19\/","title":{"rendered":"Costume de mariage homme \u00e9t\u00e9"},"content":{"rendered":"<p>Le costume de mariage d&rsquo;\u00e9t\u00e9 bordeaux est destin\u00e9 \u00e0 faire une d\u00e9claration. Le ton bordeaux chaud donne au costume un look unique et saisissant, tandis que le m\u00e9lange de lin l\u00e9ger est id\u00e9al pour les temp\u00e9ratures plus chaudes. Le costume se compose d&rsquo;une veste, d&rsquo;un gilet et d&rsquo;un pantalon qui, ensemble, cr\u00e9ent une tenue \u00e9l\u00e9gante et compl\u00e8te.<\/p>\n<p>Gr\u00e2ce au tissu respirant, vous restez au frais et \u00e0 l&rsquo;aise m\u00eame pendant les longues c\u00e9r\u00e9monies et c\u00e9l\u00e9brations. Combinez-le avec une cravate ou une pochette de costume lumineuse pour ajouter une touche estivale fra\u00eeche.<\/p>\n<table>\n<thead>\n<tr>\n<th>Caract\u00e9ristique<\/th>\n<th>D\u00e9tails<\/th>\n<\/tr>\n<\/thead>\n<tbody>\n<tr>\n<td>Mat\u00e9riau<\/td>\n<td>M\u00e9lange de lin l\u00e9ger<\/td>\n<\/tr>\n<tr>\n<td>Couleur<\/td>\n<td>Rouge bourgogne<\/td>\n<\/tr>\n<tr>\n<td>Ensemble<\/td>\n<td>Veste, gilet et pantalon<\/td>\n<\/tr>\n<tr>\n<td>Tailles disponibles<\/td>\n<td>Jusqu&rsquo;\u00e0 la taille 72<\/td>\n<\/tr>\n<tr>\n<td>Coupe<\/td>\n<td>Slim-fit ou regular-fit<\/td>\n<\/tr>\n<tr>\n<td>Entretien<\/td>\n<td>Nettoyage \u00e0 sec recommand\u00e9<\/td>\n<\/tr>\n<\/tbody>\n<\/table>\n<p>&nbsp;<\/p>\n","protected":false},"excerpt":{"rendered":"<p>Faites une impression audacieuse et \u00e9l\u00e9gante lors de votre grand jour avec le costume de mariage d&rsquo;\u00e9t\u00e9 bordeaux de Lomoro. Dans une riche teinte bordeaux, ce costume de mariage combine sans effort sophistication avec une ambiance estivale et est parfait pour les douches nuptiales en plein air ou les lieux romantiques. Cette combinaison offre un look moderne et un confort optimal, pour que vous puissiez briller sans sacrifier le confort. La veste \u00e0 boutonnage simple est dot\u00e9e d&rsquo;une fermeture classique \u00e0 deux boutons, de revers crant\u00e9s et d&rsquo;une fente centrale. Le cardigan assorti ajoute une touche de formalit\u00e9 avec son style \u00e0 six boutons et son ourlet droit. Un pantalon plat sur le devant compl\u00e8te l&rsquo;ensemble, offrant une silhouette fine et ajust\u00e9e.<\/p>\n<p><span style=\"font-weight: 400;\">\u2702\ufe0f Ajustement parfait, fait sp\u00e9cialement pour vous.<\/span><\/p>\n<p><span style=\"font-weight: 400;\">\ud83d\udc54 Des conseils personnalis\u00e9s pour votre look unique.<\/span><\/p>\n<p><span style=\"font-weight: 400;\">\ud83e\uddf5 Des mat\u00e9riaux de haute qualit\u00e9 pour un confort ultime.<\/span><\/p>\n<p><span style=\"font-weight: 400;\">\ud83c\udfa8 \u00c9l\u00e9gant pour chaque occasion.<\/span><\/p>\n<p><span style=\"font-weight: 400;\">\ud83c\udf81 Profitez d&rsquo;un cadeau gratuit \u00e0 chaque visite en magasin !<\/span><\/p>\n","protected":false},"featured_media":1728,"template":"","meta":{"_acf_changed":false},"product_brand":[],"product_cat":[153],"product_tag":[],"class_list":{"0":"post-4529","1":"product","2":"type-product","3":"status-publish","4":"has-post-thumbnail","6":"product_cat-trouwpak-voor-mannen","8":"first","9":"instock","10":"sale","11":"shipping-taxable","12":"purchasable","13":"product-type-simple"},"acf":[],"_links":{"self":[{"href":"https:\/\/www.lomoro.nl\/fr\/wp-json\/wp\/v2\/product\/4529","targetHints":{"allow":["GET"]}}],"collection":[{"href":"https:\/\/www.lomoro.nl\/fr\/wp-json\/wp\/v2\/product"}],"about":[{"href":"https:\/\/www.lomoro.nl\/fr\/wp-json\/wp\/v2\/types\/product"}],"wp:featuredmedia":[{"embeddable":true,"href":"https:\/\/www.lomoro.nl\/fr\/wp-json\/wp\/v2\/media\/1728"}],"wp:attachment":[{"href":"https:\/\/www.lomoro.nl\/fr\/wp-json\/wp\/v2\/media?parent=4529"}],"wp:term":[{"taxonomy":"product_brand","embeddable":true,"href":"https:\/\/www.lomoro.nl\/fr\/wp-json\/wp\/v2\/product_brand?post=4529"},{"taxonomy":"product_cat","embeddable":true,"href":"https:\/\/www.lomoro.nl\/fr\/wp-json\/wp\/v2\/product_cat?post=4529"},{"taxonomy":"product_tag","embeddable":true,"href":"https:\/\/www.lomoro.nl\/fr\/wp-json\/wp\/v2\/product_tag?post=4529"}],"curies":[{"name":"wp","href":"https:\/\/api.w.org\/{rel}","templated":true}]}}