{"id":4544,"date":"2024-12-07T09:04:53","date_gmt":"2024-12-07T09:04:53","guid":{"rendered":"https:\/\/lomoro.nl\/?post_type=product&#038;p=4544"},"modified":"2025-01-13T07:28:18","modified_gmt":"2025-01-13T07:28:18","slug":"trouwpak-7","status":"publish","type":"product","link":"https:\/\/www.lomoro.nl\/fr\/products\/trouwpak-7\/","title":{"rendered":"Costume de mariage noir"},"content":{"rendered":"<section id=\"shopify-section-template--23762923880771__rich_text_kx9yLB\" class=\"shopify-section section\">\n<div class=\"isolate\">\n<div class=\"rich-text content-container color-scheme-1 gradient rich-text--full-width content-container--full-width section-template--23762923880771__rich_text_kx9yLB-padding\">\n<div class=\"rich-text__wrapper rich-text__wrapper--left page-width\">\n<div class=\"rich-text__blocks left\">\n<div class=\"rich-text__text rte scroll-trigger animate--slide-in\" data-cascade=\"\">\n<p>Le costume de mariage noir Lomoro est le choix ultime pour les mari\u00e9s \u00e0 la recherche d&rsquo;une apparence soign\u00e9e et distinctive. Avec sa teinte noire intemporelle et son design moderne, ce costume convient \u00e0 une gamme de styles de mariage, des grandes c\u00e9r\u00e9monies aux rassemblements intimes.<\/p>\n<p>Con\u00e7u avec pr\u00e9cision, ce costume combine des tissus luxueux et un savoir-faire sup\u00e9rieur pour un confort et un style in\u00e9gal\u00e9s. La teinte noire polyvalente offre des options de style infinies, comme l&rsquo;associer \u00e0 une chemise blanche impeccable, un n\u0153ud papillon ou des accessoires color\u00e9s pour refl\u00e9ter votre personnalit\u00e9.<\/p>\n<p>Rendez votre journ\u00e9e de mariage inoubliable avec ce magnifique costume de mariage noir, con\u00e7u pour laisser une impression durable.<\/p>\n<table>\n<thead>\n<tr>\n<th>Caract\u00e9ristique<\/th>\n<th>D\u00e9tails<\/th>\n<\/tr>\n<\/thead>\n<tbody>\n<tr>\n<td>Mat\u00e9riau<\/td>\n<td>Tissus luxueux et respirants<\/td>\n<\/tr>\n<tr>\n<td>Couleur<\/td>\n<td>Noir classique<\/td>\n<\/tr>\n<tr>\n<td>Tailles disponibles<\/td>\n<td>Jusqu&rsquo;\u00e0 la taille 72<\/td>\n<\/tr>\n<tr>\n<td>Coupe<\/td>\n<td>Sur mesure pour une perfection<\/td>\n<\/tr>\n<tr>\n<td>Style<\/td>\n<td>Moderne avec une \u00e9l\u00e9gance intemporelle<\/td>\n<\/tr>\n<tr>\n<td>Instructions d&rsquo;entretien<\/td>\n<td>Nettoyage \u00e0 sec professionnel recommand\u00e9<\/td>\n<\/tr>\n<\/tbody>\n<\/table>\n<\/div>\n<\/div>\n<\/div>\n<\/div>\n<\/div>\n<\/section>\n","protected":false},"excerpt":{"rendered":"<p>Le costume de mariage noir est l&rsquo;incarnation de l&rsquo;\u00e9l\u00e9gance et de la sophistication intemporelles, con\u00e7u pour donner \u00e0 chaque mari\u00e9 un look exceptionnel lors de son jour sp\u00e9cial. Fabriqu\u00e9 \u00e0 partir de mat\u00e9riaux de haute qualit\u00e9 et avec une attention m\u00e9ticuleuse aux d\u00e9tails, ce costume offre une coupe impeccable et un style \u00e9l\u00e9gant et moderne, parfait pour toute occasion formelle. Ce \u00ab costume de mariage noir \u00bb se compose d&rsquo;un ensemble trois pi\u00e8ces avec un ton noir classique qui respire la confiance et la gr\u00e2ce. La veste \u00e0 boutonnage simple est dot\u00e9e de deux boutons, de revers crant\u00e9s et d&rsquo;une fente au dos pour plus de confort. Le gilet assorti ajoute une touche de formalit\u00e9 avec son design \u00e0 six boutons, tandis que le pantalon \u00e0 devant plat compl\u00e8te la tenue avec un look ajust\u00e9 et \u00e9pur\u00e9 qui fait une d\u00e9claration audacieuse.<\/p>\n<p><span style=\"font-weight: 400;\">\u2702\ufe0f Ajustement parfait, fait sp\u00e9cialement pour vous.<\/span><\/p>\n<p><span style=\"font-weight: 400;\">\ud83d\udc54 Des conseils personnalis\u00e9s pour votre look unique.<\/span><\/p>\n<p><span style=\"font-weight: 400;\">\ud83e\uddf5 Des mat\u00e9riaux de haute qualit\u00e9 pour un confort ultime.<\/span><\/p>\n<p><span style=\"font-weight: 400;\">\ud83c\udfa8 \u00c9l\u00e9gant pour chaque occasion.<\/span><\/p>\n<p><span style=\"font-weight: 400;\">\ud83c\udf81 Profitez d&rsquo;un cadeau gratuit \u00e0 chaque visite en magasin !<\/span><\/p>\n","protected":false},"featured_media":1665,"template":"","meta":{"_acf_changed":false},"product_brand":[],"product_cat":[153],"product_tag":[],"class_list":{"0":"post-4544","1":"product","2":"type-product","3":"status-publish","4":"has-post-thumbnail","6":"product_cat-trouwpak-voor-mannen","8":"first","9":"instock","10":"sale","11":"shipping-taxable","12":"purchasable","13":"product-type-simple"},"acf":[],"_links":{"self":[{"href":"https:\/\/www.lomoro.nl\/fr\/wp-json\/wp\/v2\/product\/4544","targetHints":{"allow":["GET"]}}],"collection":[{"href":"https:\/\/www.lomoro.nl\/fr\/wp-json\/wp\/v2\/product"}],"about":[{"href":"https:\/\/www.lomoro.nl\/fr\/wp-json\/wp\/v2\/types\/product"}],"wp:featuredmedia":[{"embeddable":true,"href":"https:\/\/www.lomoro.nl\/fr\/wp-json\/wp\/v2\/media\/1665"}],"wp:attachment":[{"href":"https:\/\/www.lomoro.nl\/fr\/wp-json\/wp\/v2\/media?parent=4544"}],"wp:term":[{"taxonomy":"product_brand","embeddable":true,"href":"https:\/\/www.lomoro.nl\/fr\/wp-json\/wp\/v2\/product_brand?post=4544"},{"taxonomy":"product_cat","embeddable":true,"href":"https:\/\/www.lomoro.nl\/fr\/wp-json\/wp\/v2\/product_cat?post=4544"},{"taxonomy":"product_tag","embeddable":true,"href":"https:\/\/www.lomoro.nl\/fr\/wp-json\/wp\/v2\/product_tag?post=4544"}],"curies":[{"name":"wp","href":"https:\/\/api.w.org\/{rel}","templated":true}]}}