{"id":4567,"date":"2024-12-17T08:27:33","date_gmt":"2024-12-17T08:27:33","guid":{"rendered":"https:\/\/lomoro.nl\/?post_type=product&#038;p=4567"},"modified":"2025-01-07T11:10:23","modified_gmt":"2025-01-07T11:10:23","slug":"jasje-2","status":"publish","type":"product","link":"https:\/\/www.lomoro.nl\/fr\/products\/jasje-2\/","title":{"rendered":"Veste Camel col montant"},"content":{"rendered":"<p>La Camel Jacket Full Collar est la combinaison parfaite de style et de confort. La veste est con\u00e7ue avec un col complet qui offre une protection suppl\u00e9mentaire contre le froid, sans sacrifier le look \u00e9l\u00e9gant. La riche couleur camel est un choix intemporel qui convient aussi bien aux environnements professionnels que d\u00e9contract\u00e9s. Que vous la portiez pour une occasion formelle ou une sortie informelle, cette veste compl\u00e9tera votre look.<\/p>\n<p>Fabriqu\u00e9e \u00e0 partir de mat\u00e9riaux de haute qualit\u00e9, cette veste offre non seulement un look raffin\u00e9, mais \u00e9galement un haut niveau de confort et de durabilit\u00e9. Le col ample spacieux offre plus de chaleur et un look sophistiqu\u00e9, tandis que la coupe ajust\u00e9e vous donne un look \u00e9pur\u00e9. Cette veste polyvalente est un incontournable de toute garde-robe \u00e9l\u00e9gante et convient \u00e0&#8230;<\/p>\n<table>\n<thead>\n<tr>\n<th><strong>Caract\u00e9ristique<\/strong><\/th>\n<th><strong>D\u00e9tails<\/strong><\/th>\n<\/tr>\n<\/thead>\n<tbody>\n<tr>\n<td>Mati\u00e8re<\/td>\n<td>Tissus m\u00e9lang\u00e9s de luxe<\/td>\n<\/tr>\n<tr>\n<td>Couleur<\/td>\n<td>Camel<\/td>\n<\/tr>\n<tr>\n<td>Tailles disponibles<\/td>\n<td>Jusqu&rsquo;\u00e0 la taille 72<\/td>\n<\/tr>\n<tr>\n<td>Coupe<\/td>\n<td>Coupe slim pour un look moderne<\/td>\n<\/tr>\n<tr>\n<td>Instructions de lavage<\/td>\n<td>Nettoyage \u00e0 sec professionnel<\/td>\n<\/tr>\n<\/tbody>\n<\/table>\n","protected":false},"excerpt":{"rendered":"<div class=\"product__tax caption rte\">\n<p>La Camel Jacket Full Collar est un choix \u00e9l\u00e9gant et intemporel pour toute occasion. Le design luxueux avec un col complet offre plus de chaleur et de style.<\/p>\n<p>Cette veste, compos\u00e9e de mat\u00e9riaux de haute qualit\u00e9, est \u00e0 la fois \u00e9l\u00e9gante et fonctionnelle. La riche couleur camel et le design moderne en font une pi\u00e8ce polyvalente pour les sorties formelles et d\u00e9contract\u00e9es.<\/p>\n<p><span style=\"font-weight: 400;\">\u2702\ufe0f Ajustement parfait, fait sp\u00e9cialement pour vous.<\/span><\/p>\n<p><span style=\"font-weight: 400;\">\ud83d\udc54 Des conseils personnalis\u00e9s pour votre look unique.<\/span><\/p>\n<p><span style=\"font-weight: 400;\">\ud83e\uddf5 Des mat\u00e9riaux de haute qualit\u00e9 pour un confort ultime.<\/span><\/p>\n<p><span style=\"font-weight: 400;\">\ud83c\udfa8 \u00c9l\u00e9gant pour chaque occasion.<\/span><\/p>\n<p><span style=\"font-weight: 400;\">\ud83c\udf81 Profitez d&rsquo;un cadeau gratuit \u00e0 chaque visite en magasin !<\/span><\/p>\n<\/div>\n","protected":false},"featured_media":2748,"template":"","meta":{"_acf_changed":false},"product_brand":[],"product_cat":[134],"product_tag":[],"class_list":{"0":"post-4567","1":"product","2":"type-product","3":"status-publish","4":"has-post-thumbnail","6":"product_cat-jassen","8":"first","9":"instock","10":"sale","11":"shipping-taxable","12":"purchasable","13":"product-type-simple"},"acf":[],"_links":{"self":[{"href":"https:\/\/www.lomoro.nl\/fr\/wp-json\/wp\/v2\/product\/4567","targetHints":{"allow":["GET"]}}],"collection":[{"href":"https:\/\/www.lomoro.nl\/fr\/wp-json\/wp\/v2\/product"}],"about":[{"href":"https:\/\/www.lomoro.nl\/fr\/wp-json\/wp\/v2\/types\/product"}],"wp:featuredmedia":[{"embeddable":true,"href":"https:\/\/www.lomoro.nl\/fr\/wp-json\/wp\/v2\/media\/2748"}],"wp:attachment":[{"href":"https:\/\/www.lomoro.nl\/fr\/wp-json\/wp\/v2\/media?parent=4567"}],"wp:term":[{"taxonomy":"product_brand","embeddable":true,"href":"https:\/\/www.lomoro.nl\/fr\/wp-json\/wp\/v2\/product_brand?post=4567"},{"taxonomy":"product_cat","embeddable":true,"href":"https:\/\/www.lomoro.nl\/fr\/wp-json\/wp\/v2\/product_cat?post=4567"},{"taxonomy":"product_tag","embeddable":true,"href":"https:\/\/www.lomoro.nl\/fr\/wp-json\/wp\/v2\/product_tag?post=4567"}],"curies":[{"name":"wp","href":"https:\/\/api.w.org\/{rel}","templated":true}]}}