{"id":4575,"date":"2024-12-17T08:50:12","date_gmt":"2024-12-17T08:50:12","guid":{"rendered":"https:\/\/lomoro.nl\/?post_type=product&#038;p=4575"},"modified":"2025-01-07T12:06:56","modified_gmt":"2025-01-07T12:06:56","slug":"jasje-4","status":"publish","type":"product","link":"https:\/\/www.lomoro.nl\/fr\/products\/jasje-4\/","title":{"rendered":"Vestes \u00e0 col en fourrure de chameau"},"content":{"rendered":"<section id=\"shopify-section-template--23762923880771__rich_text_kx9yLB\" class=\"shopify-section section\">\n<div class=\"isolate\">\n<div class=\"rich-text content-container color-scheme-1 gradient rich-text--full-width content-container--full-width section-template--23762923880771__rich_text_kx9yLB-padding\">\n<div class=\"rich-text__wrapper rich-text__wrapper--left page-width\">\n<div class=\"rich-text__blocks left\">\n<div class=\"rich-text__text rte scroll-trigger animate--slide-in\" data-cascade=\"\">\n<p>La veste \u00e0 col en fourrure de chameau est un chef-d&rsquo;\u0153uvre de style et de confort. Le col en fourrure douce ajoute une touche de luxe suppl\u00e9mentaire, tandis que la couleur chameau chaude offre un choix sophistiqu\u00e9 et polyvalent. Cette veste est con\u00e7ue pour vous garder au chaud et \u00e0 la mode pendant les mois les plus froids, ce qui en fait un \u00e9l\u00e9ment essentiel de votre garde-robe. Parfait pour un d\u00eener formel ou une sortie hivernale d\u00e9contract\u00e9e.<\/p>\n<p>Fabriqu\u00e9e \u00e0 partir de mat\u00e9riaux de haute qualit\u00e9, cette veste offre une combinaison de durabilit\u00e9 et de style. La coupe ajust\u00e9e assure un look moderne et \u00e9pur\u00e9, tandis que le col en fourrure apporte non seulement de la chaleur mais ajoute \u00e9galement une touche d&rsquo;\u00e9l\u00e9gance. Cette veste est le m\u00e9lange parfait de fonctionnalit\u00e9 et de sophistication, con\u00e7ue pour rehausser sans effort votre tenue.<\/p>\n<table>\n<thead>\n<tr>\n<th><strong>Caract\u00e9ristique<\/strong><\/th>\n<th><strong>D\u00e9tails<\/strong><\/th>\n<\/tr>\n<\/thead>\n<tbody>\n<tr>\n<td><strong>Mat\u00e9riau<\/strong><\/td>\n<td>M\u00e9lange de laine luxueux avec col en fausse fourrure<\/td>\n<\/tr>\n<tr>\n<td><strong>Couleur<\/strong><\/td>\n<td>Chameau<\/td>\n<\/tr>\n<tr>\n<td><strong>Tailles disponibles<\/strong><\/td>\n<td>Jusqu&rsquo;\u00e0 la taille 72<\/td>\n<\/tr>\n<tr>\n<td><strong>Coupe<\/strong><\/td>\n<td>Coupe slim pour un look moderne<\/td>\n<\/tr>\n<tr>\n<td><strong>Instructions de lavage<\/strong><\/td>\n<td>Nettoyage chimique professionnel<\/td>\n<\/tr>\n<\/tbody>\n<\/table>\n<\/div>\n<\/div>\n<\/div>\n<\/div>\n<\/div>\n<\/section>\n","protected":false},"excerpt":{"rendered":"<div class=\"product__tax caption rte\">La veste \u00e0 col en fourrure de chameau offre un look luxueux et \u00e9l\u00e9gant avec sa couleur camel chaude et son col en fourrure douce. Cette veste allie confort et raffinement, parfaite pour les saisons les plus froides. Avec une coupe \u00e9l\u00e9gante et une finition de haute qualit\u00e9, cette veste est un excellent choix pour ceux qui recherchent la fonctionnalit\u00e9 sans faire de compromis sur le style. Id\u00e9al pour les occasions formelles et d\u00e9contract\u00e9es.<\/div>\n<div>\n<p><span style=\"font-weight: 400;\">\u2702\ufe0f Ajustement parfait, fait sp\u00e9cialement pour vous.<\/span><\/p>\n<p><span style=\"font-weight: 400;\">\ud83d\udc54 Des conseils personnalis\u00e9s pour votre look unique.<\/span><\/p>\n<p><span style=\"font-weight: 400;\">\ud83e\uddf5 Des mat\u00e9riaux de haute qualit\u00e9 pour un confort ultime.<\/span><\/p>\n<p><span style=\"font-weight: 400;\">\ud83c\udfa8 \u00c9l\u00e9gant pour chaque occasion.<\/span><\/p>\n<p><span style=\"font-weight: 400;\">\ud83c\udf81 Profitez d&rsquo;un cadeau gratuit \u00e0 chaque visite en magasin !<\/span><\/p>\n<\/div>\n","protected":false},"featured_media":2754,"template":"","meta":{"_acf_changed":false},"product_brand":[],"product_cat":[134],"product_tag":[],"class_list":{"0":"post-4575","1":"product","2":"type-product","3":"status-publish","4":"has-post-thumbnail","6":"product_cat-jassen","8":"first","9":"instock","10":"sale","11":"shipping-taxable","12":"purchasable","13":"product-type-simple"},"acf":[],"_links":{"self":[{"href":"https:\/\/www.lomoro.nl\/fr\/wp-json\/wp\/v2\/product\/4575","targetHints":{"allow":["GET"]}}],"collection":[{"href":"https:\/\/www.lomoro.nl\/fr\/wp-json\/wp\/v2\/product"}],"about":[{"href":"https:\/\/www.lomoro.nl\/fr\/wp-json\/wp\/v2\/types\/product"}],"wp:featuredmedia":[{"embeddable":true,"href":"https:\/\/www.lomoro.nl\/fr\/wp-json\/wp\/v2\/media\/2754"}],"wp:attachment":[{"href":"https:\/\/www.lomoro.nl\/fr\/wp-json\/wp\/v2\/media?parent=4575"}],"wp:term":[{"taxonomy":"product_brand","embeddable":true,"href":"https:\/\/www.lomoro.nl\/fr\/wp-json\/wp\/v2\/product_brand?post=4575"},{"taxonomy":"product_cat","embeddable":true,"href":"https:\/\/www.lomoro.nl\/fr\/wp-json\/wp\/v2\/product_cat?post=4575"},{"taxonomy":"product_tag","embeddable":true,"href":"https:\/\/www.lomoro.nl\/fr\/wp-json\/wp\/v2\/product_tag?post=4575"}],"curies":[{"name":"wp","href":"https:\/\/api.w.org\/{rel}","templated":true}]}}