{"id":4579,"date":"2024-12-17T08:52:34","date_gmt":"2024-12-17T08:52:34","guid":{"rendered":"https:\/\/lomoro.nl\/?post_type=product&#038;p=4579"},"modified":"2025-01-07T12:31:50","modified_gmt":"2025-01-07T12:31:50","slug":"jasje-5","status":"publish","type":"product","link":"https:\/\/www.lomoro.nl\/fr\/products\/jasje-5\/","title":{"rendered":"Veste beige avec col en fourrure"},"content":{"rendered":"<section id=\"shopify-section-template--23762923880771__rich_text_kx9yLB\" class=\"shopify-section section\">\n<div class=\"isolate\">\n<div class=\"rich-text content-container color-scheme-1 gradient rich-text--full-width content-container--full-width section-template--23762923880771__rich_text_kx9yLB-padding\">\n<div class=\"rich-text__wrapper rich-text__wrapper--left page-width\">\n<div class=\"rich-text__blocks left\">\n<div class=\"rich-text__text rte scroll-trigger animate--slide-in\" data-cascade=\"\">\n<p>La veste beige avec col en fourrure est une pi\u00e8ce polyvalente qui allie sans effort fonctionnalit\u00e9 et mode. La couleur beige douce et neutre s&rsquo;adapte \u00e0 une vari\u00e9t\u00e9 de tenues, tandis que le col en fourrure ajoute une touche de luxe. Parfaite pour les journ\u00e9es froides, cette veste offre non seulement de la chaleur mais aussi un look \u00e9l\u00e9gant qui convient \u00e0 une vari\u00e9t\u00e9 d&rsquo;occasions.<\/p>\n<p>Avec une coupe moderne et des mat\u00e9riaux de haute qualit\u00e9, cette veste est con\u00e7ue pour le confort et la durabilit\u00e9. Les d\u00e9tails subtils et le design raffin\u00e9 en font une pi\u00e8ce intemporelle de votre garde-robe. Que vous fassiez une promenade hivernale ou que vous assistiez \u00e0 une occasion formelle, cette veste garantit une apparence \u00e9l\u00e9gante.<\/p>\n<table>\n<thead>\n<tr>\n<th><strong>Caract\u00e9ristique<\/strong><\/th>\n<th><strong>D\u00e9tails<\/strong><\/th>\n<\/tr>\n<\/thead>\n<tbody>\n<tr>\n<td><strong>Mat\u00e9riau<\/strong><\/td>\n<td>M\u00e9lange de laine avec col en fausse fourrure<\/td>\n<\/tr>\n<tr>\n<td><strong>Couleur<\/strong><\/td>\n<td>Beige<\/td>\n<\/tr>\n<tr>\n<td><strong>Tailles Disponibles<\/strong><\/td>\n<td>Jusqu&rsquo;\u00e0 la taille 72<\/td>\n<\/tr>\n<tr>\n<td><strong>Coupe<\/strong><\/td>\n<td>Coupe slim pour un look contemporain<\/td>\n<\/tr>\n<tr>\n<td><strong>Instructions de Lavage<\/strong><\/td>\n<td>Nettoyage chimique professionnel<\/td>\n<\/tr>\n<\/tbody>\n<\/table>\n<\/div>\n<\/div>\n<\/div>\n<\/div>\n<\/div>\n<\/section>\n","protected":false},"excerpt":{"rendered":"<div class=\"product__tax caption rte\">La veste beige avec col en fourrure offre un \u00e9quilibre parfait entre chaleur et style. Le ton beige neutre associ\u00e9 \u00e0 un col en fourrure douce en fait un choix polyvalent pour toutes les occasions. Cette veste \u00e9l\u00e9gante est con\u00e7ue pour les saisons les plus froides, alliant harmonieusement confort et sophistication. C&rsquo;est un ajout id\u00e9al \u00e0 votre garde-robe, aussi bien pour un usage quotidien que pour les moments formels.<\/div>\n<div>\n<p><span style=\"font-weight: 400;\">\u2702\ufe0f Ajustement parfait, fait sp\u00e9cialement pour vous.<\/span><\/p>\n<p><span style=\"font-weight: 400;\">\ud83d\udc54 Des conseils personnalis\u00e9s pour votre look unique.<\/span><\/p>\n<p><span style=\"font-weight: 400;\">\ud83e\uddf5 Des mat\u00e9riaux de haute qualit\u00e9 pour un confort ultime.<\/span><\/p>\n<p><span style=\"font-weight: 400;\">\ud83c\udfa8 \u00c9l\u00e9gant pour chaque occasion.<\/span><\/p>\n<p><span style=\"font-weight: 400;\">\ud83c\udf81 Profitez d&rsquo;un cadeau gratuit \u00e0 chaque visite en magasin !<\/span><\/p>\n<\/div>\n","protected":false},"featured_media":2757,"template":"","meta":{"_acf_changed":false},"product_brand":[],"product_cat":[134],"product_tag":[],"class_list":{"0":"post-4579","1":"product","2":"type-product","3":"status-publish","4":"has-post-thumbnail","6":"product_cat-jassen","8":"first","9":"instock","10":"sale","11":"shipping-taxable","12":"purchasable","13":"product-type-simple"},"acf":[],"_links":{"self":[{"href":"https:\/\/www.lomoro.nl\/fr\/wp-json\/wp\/v2\/product\/4579","targetHints":{"allow":["GET"]}}],"collection":[{"href":"https:\/\/www.lomoro.nl\/fr\/wp-json\/wp\/v2\/product"}],"about":[{"href":"https:\/\/www.lomoro.nl\/fr\/wp-json\/wp\/v2\/types\/product"}],"wp:featuredmedia":[{"embeddable":true,"href":"https:\/\/www.lomoro.nl\/fr\/wp-json\/wp\/v2\/media\/2757"}],"wp:attachment":[{"href":"https:\/\/www.lomoro.nl\/fr\/wp-json\/wp\/v2\/media?parent=4579"}],"wp:term":[{"taxonomy":"product_brand","embeddable":true,"href":"https:\/\/www.lomoro.nl\/fr\/wp-json\/wp\/v2\/product_brand?post=4579"},{"taxonomy":"product_cat","embeddable":true,"href":"https:\/\/www.lomoro.nl\/fr\/wp-json\/wp\/v2\/product_cat?post=4579"},{"taxonomy":"product_tag","embeddable":true,"href":"https:\/\/www.lomoro.nl\/fr\/wp-json\/wp\/v2\/product_tag?post=4579"}],"curies":[{"name":"wp","href":"https:\/\/api.w.org\/{rel}","templated":true}]}}