{"id":4588,"date":"2024-12-17T09:00:15","date_gmt":"2024-12-17T09:00:15","guid":{"rendered":"https:\/\/lomoro.nl\/?post_type=product&#038;p=4588"},"modified":"2025-01-07T14:55:12","modified_gmt":"2025-01-07T14:55:12","slug":"jasje-8","status":"publish","type":"product","link":"https:\/\/www.lomoro.nl\/fr\/products\/jasje-8\/","title":{"rendered":"Chameau doubl\u00e9 de fourrure"},"content":{"rendered":"<p>La veste camel doubl\u00e9e de fourrure est con\u00e7ue pour allier style et fonctionnalit\u00e9. La doublure en fourrure chaude en fait le choix id\u00e9al pour les froides journ\u00e9es d&rsquo;hiver, tandis que la couleur camel classique offre une \u00e9l\u00e9gance intemporelle. Que vous vous rendiez \u00e0 une r\u00e9union d&rsquo;affaires ou que vous vous promeniez en ville, cette veste vous gardera \u00e9l\u00e9gante et au chaud. La veste a une coupe contemporaine mettant l&rsquo;accent sur le confort et la durabilit\u00e9. Les mat\u00e9riaux de haute qualit\u00e9 et la finition pr\u00e9cise garantissent une longue dur\u00e9e de vie. Ce v\u00eatement polyvalent peut facilement \u00eatre combin\u00e9 avec une vari\u00e9t\u00e9 de tenues, ce qui en fait un \u00e9l\u00e9ment essentiel de votre garde-robe.<\/p>\n<table>\n<thead>\n<tr>\n<th><strong>Caract\u00e9ristique<\/strong><\/th>\n<th><strong>D\u00e9tails<\/strong><\/th>\n<\/tr>\n<\/thead>\n<tbody>\n<tr>\n<td><strong>Mati\u00e8re<\/strong><\/td>\n<td>M\u00e9lange de laine avec doublure en fausse fourrure<\/td>\n<\/tr>\n<tr>\n<td><strong>Couleur<\/strong><\/td>\n<td>Chameau<\/td>\n<\/tr>\n<tr>\n<td><strong>Tailles disponibles<\/strong><\/td>\n<td>Jusqu&rsquo;\u00e0 la taille 72<\/td>\n<\/tr>\n<tr>\n<td><strong>Coupe<\/strong><\/td>\n<td>Coupe r\u00e9guli\u00e8re pour un confort quotidien<\/td>\n<\/tr>\n<tr>\n<td><strong>Instructions de lavage<\/strong><\/td>\n<td>Nettoyage \u00e0 sec recommand\u00e9<\/td>\n<\/tr>\n<\/tbody>\n<\/table>\n<p>&nbsp;<\/p>\n<p>&nbsp;<\/p>\n","protected":false},"excerpt":{"rendered":"<div class=\"product__tax caption rte\">La veste camel doubl\u00e9e de fourrure allie chaleur et \u00e9l\u00e9gance dans un design \u00e9l\u00e9gant. Parfait pour les journ\u00e9es plus froides, ce manteau est dot\u00e9 d&rsquo;une doublure en fourrure de qualit\u00e9 sup\u00e9rieure qui offre un confort suppl\u00e9mentaire. Avec une couleur camel classique et une coupe moderne, cette veste est un choix polyvalent pour les occasions d\u00e9contract\u00e9es et formelles. Ajoutez une touche de luxe \u00e0 votre garde-robe d&rsquo;hiver avec cette pi\u00e8ce raffin\u00e9e.<\/div>\n<div>\n<p><span style=\"font-weight: 400;\">\u2702\ufe0f Ajustement parfait, fait sp\u00e9cialement pour vous.<\/span><\/p>\n<p><span style=\"font-weight: 400;\">\ud83d\udc54 Des conseils personnalis\u00e9s pour votre look unique.<\/span><\/p>\n<p><span style=\"font-weight: 400;\">\ud83e\uddf5 Des mat\u00e9riaux de haute qualit\u00e9 pour un confort ultime.<\/span><\/p>\n<p><span style=\"font-weight: 400;\">\ud83c\udfa8 \u00c9l\u00e9gant pour chaque occasion.<\/span><\/p>\n<p><span style=\"font-weight: 400;\">\ud83c\udf81 Profitez d&rsquo;un cadeau gratuit \u00e0 chaque visite en magasin !<\/span><\/p>\n<\/div>\n","protected":false},"featured_media":2766,"template":"","meta":{"_acf_changed":false},"product_brand":[],"product_cat":[134],"product_tag":[],"class_list":{"0":"post-4588","1":"product","2":"type-product","3":"status-publish","4":"has-post-thumbnail","6":"product_cat-jassen","8":"first","9":"instock","10":"sale","11":"shipping-taxable","12":"purchasable","13":"product-type-simple"},"acf":[],"_links":{"self":[{"href":"https:\/\/www.lomoro.nl\/fr\/wp-json\/wp\/v2\/product\/4588","targetHints":{"allow":["GET"]}}],"collection":[{"href":"https:\/\/www.lomoro.nl\/fr\/wp-json\/wp\/v2\/product"}],"about":[{"href":"https:\/\/www.lomoro.nl\/fr\/wp-json\/wp\/v2\/types\/product"}],"wp:featuredmedia":[{"embeddable":true,"href":"https:\/\/www.lomoro.nl\/fr\/wp-json\/wp\/v2\/media\/2766"}],"wp:attachment":[{"href":"https:\/\/www.lomoro.nl\/fr\/wp-json\/wp\/v2\/media?parent=4588"}],"wp:term":[{"taxonomy":"product_brand","embeddable":true,"href":"https:\/\/www.lomoro.nl\/fr\/wp-json\/wp\/v2\/product_brand?post=4588"},{"taxonomy":"product_cat","embeddable":true,"href":"https:\/\/www.lomoro.nl\/fr\/wp-json\/wp\/v2\/product_cat?post=4588"},{"taxonomy":"product_tag","embeddable":true,"href":"https:\/\/www.lomoro.nl\/fr\/wp-json\/wp\/v2\/product_tag?post=4588"}],"curies":[{"name":"wp","href":"https:\/\/api.w.org\/{rel}","templated":true}]}}