{"id":4646,"date":"2024-12-16T06:11:29","date_gmt":"2024-12-16T06:11:29","guid":{"rendered":"https:\/\/lomoro.nl\/?post_type=product&#038;p=4646"},"modified":"2025-01-08T07:54:54","modified_gmt":"2025-01-08T07:54:54","slug":"het-ultieme-pak-in-twee-stijlen-10","status":"publish","type":"product","link":"https:\/\/www.lomoro.nl\/fr\/products\/het-ultieme-pak-in-twee-stijlen-10\/","title":{"rendered":"Costumes de styles doubles noirs"},"content":{"rendered":"<p>Le costume noir Double Styles est une pi\u00e8ce embl\u00e9matique \u00e0 la fois \u00e9l\u00e9gante et polyvalente. Le costume est disponible en version simple et double boutonnage, vous pouvez donc opter pour un look classique ou plus audacieux. Le noir profond est la couleur parfaite pour toute occasion formelle, des mariages aux galas et r\u00e9unions d&rsquo;affaires, et il met l&rsquo;accent sur un sentiment de sophistication et de confiance. Il est con\u00e7u pour offrir l\u2019\u00e9quilibre parfait entre style et confort, quelle que soit l\u2019occasion.<\/p>\n<p>Ce costume est confectionn\u00e9 \u00e0 partir d&rsquo;un luxueux m\u00e9lange de laine qui assure respirabilit\u00e9 et confort durable, m\u00eame pendant de longues heures de port. La coupe slim cr\u00e9e un look \u00e9l\u00e9gant et \u00e9pur\u00e9 qui flatte toutes les morphologies. Le pantalon est dot\u00e9 d&rsquo;une taille r\u00e9glable pour plus de confort, et la finition fine des coutures et des boutons assure une apparence impeccable. Le costume noir Double Styles est donc le choix id\u00e9al pour ceux qui appr\u00e9cient le style et le savoir-faire.<\/p>\n<table style=\"height: 409px;\" width=\"616\">\n<tbody>\n<tr>\n<td><b>Caract\u00e9ristique<\/b><\/td>\n<td><b>D\u00e9tails<\/b><\/td>\n<\/tr>\n<tr>\n<td><b>Mat\u00e9riau<\/b><\/td>\n<td><span style=\"font-weight: 400;\">M\u00e9lange de laine premium<\/span><\/td>\n<\/tr>\n<tr>\n<td><b>Couleur<\/b><\/td>\n<td><span style=\"font-weight: 400;\">Noir<\/span><\/td>\n<\/tr>\n<tr>\n<td><b>Tailles disponibles<\/b><\/td>\n<td><span style=\"font-weight: 400;\">Petites tailles 46-62 \/ Grandes tailles 58-72<\/span><\/td>\n<\/tr>\n<tr>\n<td><b>Coupe<\/b><\/td>\n<td><span style=\"font-weight: 400;\">Coupe ajust\u00e9e (slim fit)<\/span><\/td>\n<\/tr>\n<tr>\n<td><b>Style<\/b><\/td>\n<td><span style=\"font-weight: 400;\">Styles doubles, classique et moderne<\/span><\/td>\n<\/tr>\n<tr>\n<td><b>Instructions de lavage<\/b><\/td>\n<td><span style=\"font-weight: 400;\">Nettoyage professionnel uniquement<\/span><\/td>\n<\/tr>\n<\/tbody>\n<\/table>\n<p>&nbsp;<\/p>\n","protected":false},"excerpt":{"rendered":"<p>Le costume noir Double Styles est le choix ultime pour ceux qui recherchent une \u00e9l\u00e9gance intemporelle. Le costume noir, avec l&rsquo;option de styles \u00e0 simple boutonnage et \u00e0 double boutonnage, est parfait pour les \u00e9v\u00e9nements formels, les mariages ou les occasions d&rsquo;affaires.<\/p>\n<p>Avec des mat\u00e9riaux et un savoir-faire de haute qualit\u00e9, ce costume offre non seulement du style, mais aussi du confort et de la durabilit\u00e9. Son design \u00e9l\u00e9gant et moderne le rend adapt\u00e9 \u00e0 toutes les occasions, ce qui en fait un incontournable de votre garde-robe.<\/p>\n<p>\u2702\ufe0f Ajustement parfait, fait sp\u00e9cialement pour vous.<\/p>\n<p>\ud83d\udc54 Des conseils personnalis\u00e9s pour votre look unique.<\/p>\n<p>\ud83e\uddf5 Des mat\u00e9riaux de haute qualit\u00e9 pour un confort ultime.<\/p>\n<p>\ud83c\udfa8 \u00c9l\u00e9gant pour chaque occasion.<\/p>\n<p>\ud83c\udf81 Profitez d&rsquo;un cadeau gratuit \u00e0 chaque visite en magasin !<\/p>\n","protected":false},"featured_media":2403,"template":"","meta":{"_acf_changed":false},"product_brand":[],"product_cat":[131],"product_tag":[],"class_list":{"0":"post-4646","1":"product","2":"type-product","3":"status-publish","4":"has-post-thumbnail","6":"product_cat-imperial-kostuums","8":"first","9":"instock","10":"sale","11":"shipping-taxable","12":"purchasable","13":"product-type-simple"},"acf":[],"_links":{"self":[{"href":"https:\/\/www.lomoro.nl\/fr\/wp-json\/wp\/v2\/product\/4646","targetHints":{"allow":["GET"]}}],"collection":[{"href":"https:\/\/www.lomoro.nl\/fr\/wp-json\/wp\/v2\/product"}],"about":[{"href":"https:\/\/www.lomoro.nl\/fr\/wp-json\/wp\/v2\/types\/product"}],"wp:featuredmedia":[{"embeddable":true,"href":"https:\/\/www.lomoro.nl\/fr\/wp-json\/wp\/v2\/media\/2403"}],"wp:attachment":[{"href":"https:\/\/www.lomoro.nl\/fr\/wp-json\/wp\/v2\/media?parent=4646"}],"wp:term":[{"taxonomy":"product_brand","embeddable":true,"href":"https:\/\/www.lomoro.nl\/fr\/wp-json\/wp\/v2\/product_brand?post=4646"},{"taxonomy":"product_cat","embeddable":true,"href":"https:\/\/www.lomoro.nl\/fr\/wp-json\/wp\/v2\/product_cat?post=4646"},{"taxonomy":"product_tag","embeddable":true,"href":"https:\/\/www.lomoro.nl\/fr\/wp-json\/wp\/v2\/product_tag?post=4646"}],"curies":[{"name":"wp","href":"https:\/\/api.w.org\/{rel}","templated":true}]}}