{"id":4661,"date":"2024-12-16T06:37:14","date_gmt":"2024-12-16T06:37:14","guid":{"rendered":"https:\/\/lomoro.nl\/?post_type=product&#038;p=4661"},"modified":"2025-01-08T08:22:53","modified_gmt":"2025-01-08T08:22:53","slug":"het-ultieme-pak-in-twee-stijlen-12","status":"publish","type":"product","link":"https:\/\/www.lomoro.nl\/fr\/products\/het-ultieme-pak-in-twee-stijlen-12\/","title":{"rendered":"Costumes doubles vert clair"},"content":{"rendered":"<p>Le costume double style vert clair combine une couleur moderne et sophistiqu\u00e9e avec un design intemporel, ce qui en fait un excellent choix pour toute occasion. Que vous choisissiez le style \u00e0 simple boutonnage ou \u00e0 double boutonnage, ce costume saura vous d\u00e9marquer avec sa douce teinte vert clair \u00e0 la fois \u00e9nergique et \u00e9l\u00e9gante. La couleur vert clair offre un changement rafra\u00eechissant par rapport aux tons sombres traditionnels et convient aussi bien aux \u00e9v\u00e9nements formels qu&rsquo;aux rassemblements moins formels. Ce costume est id\u00e9al pour ceux qui veulent un look audacieux mais sophistiqu\u00e9.<\/p>\n<p>Fabriqu\u00e9 \u00e0 partir de mat\u00e9riaux de haute qualit\u00e9, ce costume offre confort et respirabilit\u00e9 m\u00eame lorsqu&rsquo;il est port\u00e9 pendant de longues p\u00e9riodes. La coupe slim souligne un look \u00e9pur\u00e9 et moderne tout en offrant un ajustement parfait \u00e0 chaque morphologie. La taille r\u00e9glable du pantalon offre une flexibilit\u00e9 suppl\u00e9mentaire et un ajustement personnalis\u00e9. Avec sa finition raffin\u00e9e et son souci du d\u00e9tail, le costume Double Styles vert clair est l&rsquo;ensemble parfait pour ceux qui recherchent style et confort \u00e0 la fois.<\/p>\n<p>&nbsp;<\/p>\n<table style=\"height: 408px;\" width=\"588\">\n<tbody>\n<tr>\n<td><b>Caract\u00e9ristique<\/b><\/td>\n<td><b>D\u00e9tails<\/b><\/td>\n<\/tr>\n<tr>\n<td><b>Mat\u00e9riau<\/b><\/td>\n<td><span style=\"font-weight: 400;\">M\u00e9lange de laine premium<\/span><\/td>\n<\/tr>\n<tr>\n<td><b>Couleur<\/b><\/td>\n<td><span style=\"font-weight: 400;\">Vert clair<\/span><\/td>\n<\/tr>\n<tr>\n<td><b>Tailles disponibles<\/b><\/td>\n<td><span style=\"font-weight: 400;\">Petites tailles 46-62 \/ Grandes tailles 58-72<\/span><\/td>\n<\/tr>\n<tr>\n<td><b>Coupe<\/b><\/td>\n<td><span style=\"font-weight: 400;\">Coupe ajust\u00e9e (slim fit)<\/span><\/td>\n<\/tr>\n<tr>\n<td><b>Style<\/b><\/td>\n<td><span style=\"font-weight: 400;\">Styles doubles, classique et moderne<\/span><\/td>\n<\/tr>\n<tr>\n<td><b>Instructions de lavage<\/b><\/td>\n<td><span style=\"font-weight: 400;\">Nettoyage professionnel uniquement<\/span><\/td>\n<\/tr>\n<\/tbody>\n<\/table>\n<p>&nbsp;<\/p>\n","protected":false},"excerpt":{"rendered":"<div class=\"product__tax caption rte\">\n<p>Le costume Double Styles vert clair offre un look frais et raffin\u00e9, parfait pour les occasions professionnelles et festives. La teinte vert clair rayonne d&rsquo;\u00e9l\u00e9gance, tandis que le choix entre les styles \u00e0 simple boutonnage et \u00e0 double boutonnage garantit un look polyvalent et tendance.<\/p>\n<p>Avec une coupe slim et des tissus de haute qualit\u00e9, cette combinaison offre un confort id\u00e9al sans faire de compromis sur le style. C&rsquo;est le choix parfait pour ceux qui souhaitent rafra\u00eechir leur garde-robe avec un look contemporain et \u00e9l\u00e9gant.<\/p>\n<p>\u2702\ufe0f Ajustement parfait, fait sp\u00e9cialement pour vous.<\/p>\n<p>\ud83d\udc54 Des conseils personnalis\u00e9s pour votre look unique.<\/p>\n<p>\ud83e\uddf5 Des mat\u00e9riaux de haute qualit\u00e9 pour un confort ultime.<\/p>\n<p>\ud83c\udfa8 \u00c9l\u00e9gant pour chaque occasion.<\/p>\n<p>\ud83c\udf81 Profitez d&rsquo;un cadeau gratuit \u00e0 chaque visite en magasin !<\/p>\n<\/div>\n","protected":false},"featured_media":2427,"template":"","meta":{"_acf_changed":false},"product_brand":[],"product_cat":[131],"product_tag":[],"class_list":{"0":"post-4661","1":"product","2":"type-product","3":"status-publish","4":"has-post-thumbnail","6":"product_cat-imperial-kostuums","8":"first","9":"instock","10":"sale","11":"shipping-taxable","12":"purchasable","13":"product-type-simple"},"acf":[],"_links":{"self":[{"href":"https:\/\/www.lomoro.nl\/fr\/wp-json\/wp\/v2\/product\/4661","targetHints":{"allow":["GET"]}}],"collection":[{"href":"https:\/\/www.lomoro.nl\/fr\/wp-json\/wp\/v2\/product"}],"about":[{"href":"https:\/\/www.lomoro.nl\/fr\/wp-json\/wp\/v2\/types\/product"}],"wp:featuredmedia":[{"embeddable":true,"href":"https:\/\/www.lomoro.nl\/fr\/wp-json\/wp\/v2\/media\/2427"}],"wp:attachment":[{"href":"https:\/\/www.lomoro.nl\/fr\/wp-json\/wp\/v2\/media?parent=4661"}],"wp:term":[{"taxonomy":"product_brand","embeddable":true,"href":"https:\/\/www.lomoro.nl\/fr\/wp-json\/wp\/v2\/product_brand?post=4661"},{"taxonomy":"product_cat","embeddable":true,"href":"https:\/\/www.lomoro.nl\/fr\/wp-json\/wp\/v2\/product_cat?post=4661"},{"taxonomy":"product_tag","embeddable":true,"href":"https:\/\/www.lomoro.nl\/fr\/wp-json\/wp\/v2\/product_tag?post=4661"}],"curies":[{"name":"wp","href":"https:\/\/api.w.org\/{rel}","templated":true}]}}