{"id":4673,"date":"2024-12-16T06:41:14","date_gmt":"2024-12-16T06:41:14","guid":{"rendered":"https:\/\/lomoro.nl\/?post_type=product&#038;p=4673"},"modified":"2025-01-08T09:02:43","modified_gmt":"2025-01-08T09:02:43","slug":"het-ultieme-pak-in-twee-stijlen-11","status":"publish","type":"product","link":"https:\/\/www.lomoro.nl\/fr\/products\/het-ultieme-pak-in-twee-stijlen-11\/","title":{"rendered":"Costumes Doubles Styles Marron"},"content":{"rendered":"<p>Le costume Maroon Double Styles est con\u00e7u pour ceux qui recherchent un look \u00e9l\u00e9gant et moderne. La riche couleur marron conf\u00e8re au costume un charme classique, parfait pour les occasions formelles et semi-formelles. Que vous choisissiez le style \u00e0 simple boutonnage ou \u00e0 double boutonnage, ce costume garantit que vous ferez toujours bonne impression. La teinte marron ajoute de la chaleur \u00e0 votre look, tandis que le style audacieux renforce votre confiance.<\/p>\n<p>Fabriqu\u00e9 \u00e0 partir de mat\u00e9riaux luxueux en m\u00e9lange de laine, ce costume offre non seulement un look sophistiqu\u00e9 mais \u00e9galement un confort ultime tout au long de la journ\u00e9e. La coupe slim garantit une coupe moderne et \u00e9pur\u00e9e, tandis que la taille r\u00e9glable assure un ajustement parfaitement ajust\u00e9. Offrant \u00e0 la fois style et fonctionnalit\u00e9, ce costume est le choix id\u00e9al pour ceux qui cherchent \u00e0 am\u00e9liorer leur garde-robe avec une pi\u00e8ce polyvalente et intemporelle.<\/p>\n<p>&nbsp;<\/p>\n<table style=\"height: 406px;\" width=\"616\">\n<tbody>\n<tr>\n<td><b>Caract\u00e9ristique<\/b><\/td>\n<td><b>D\u00e9tails<\/b><\/td>\n<\/tr>\n<tr>\n<td><b>Mat\u00e9riau<\/b><\/td>\n<td><span style=\"font-weight: 400;\">M\u00e9lange de laine premium<\/span><\/td>\n<\/tr>\n<tr>\n<td><b>Couleur<\/b><\/td>\n<td><span style=\"font-weight: 400;\">Marron<\/span><\/td>\n<\/tr>\n<tr>\n<td><b>Tailles disponibles<\/b><\/td>\n<td><span style=\"font-weight: 400;\">Petites tailles 46-62 \/ Grandes tailles 58-72<\/span><\/td>\n<\/tr>\n<tr>\n<td><b>Coupe<\/b><\/td>\n<td><span style=\"font-weight: 400;\">Coupe ajust\u00e9e (slim fit)<\/span><\/td>\n<\/tr>\n<tr>\n<td><b>Style<\/b><\/td>\n<td><span style=\"font-weight: 400;\">Styles doubles, classique et moderne<\/span><\/td>\n<\/tr>\n<tr>\n<td><b>Instructions de lavage<\/b><\/td>\n<td><span style=\"font-weight: 400;\">Nettoyage professionnel uniquement<\/span><\/td>\n<\/tr>\n<\/tbody>\n<\/table>\n<p>&nbsp;<\/p>\n","protected":false},"excerpt":{"rendered":"<div class=\"product__tax caption rte\">\n<p>Le costume double styles marron offre un look \u00e9l\u00e9gant et audacieux qui ne manquera pas de vous mettre sous les projecteurs. La teinte marron donne au costume un look classique, tandis que le choix entre les styles \u00e0 simple boutonnage ou \u00e0 double boutonnage le rend polyvalent pour diff\u00e9rentes occasions.<\/p>\n<p>Fabriqu\u00e9 \u00e0 partir de mat\u00e9riaux de haute qualit\u00e9, le costume offre \u00e0 la fois confort et ajustement parfait. Que vous alliez \u00e0 une r\u00e9union d&rsquo;affaires ou \u00e0 une occasion formelle, ce costume offre une apparence sophistiqu\u00e9e et confiante.<\/p>\n<p>\u2702\ufe0f Ajustement parfait, fait sp\u00e9cialement pour vous.<\/p>\n<p>\ud83d\udc54 Des conseils personnalis\u00e9s pour votre look unique.<\/p>\n<p>\ud83e\uddf5 Des mat\u00e9riaux de haute qualit\u00e9 pour un confort ultime.<\/p>\n<p>\ud83c\udfa8 \u00c9l\u00e9gant pour chaque occasion.<\/p>\n<p>\ud83c\udf81 Profitez d&rsquo;un cadeau gratuit \u00e0 chaque visite en magasin !<\/p>\n<\/div>\n","protected":false},"featured_media":2448,"template":"","meta":{"_acf_changed":false},"product_brand":[],"product_cat":[131],"product_tag":[],"class_list":{"0":"post-4673","1":"product","2":"type-product","3":"status-publish","4":"has-post-thumbnail","6":"product_cat-imperial-kostuums","8":"first","9":"instock","10":"sale","11":"shipping-taxable","12":"purchasable","13":"product-type-simple"},"acf":[],"_links":{"self":[{"href":"https:\/\/www.lomoro.nl\/fr\/wp-json\/wp\/v2\/product\/4673","targetHints":{"allow":["GET"]}}],"collection":[{"href":"https:\/\/www.lomoro.nl\/fr\/wp-json\/wp\/v2\/product"}],"about":[{"href":"https:\/\/www.lomoro.nl\/fr\/wp-json\/wp\/v2\/types\/product"}],"wp:featuredmedia":[{"embeddable":true,"href":"https:\/\/www.lomoro.nl\/fr\/wp-json\/wp\/v2\/media\/2448"}],"wp:attachment":[{"href":"https:\/\/www.lomoro.nl\/fr\/wp-json\/wp\/v2\/media?parent=4673"}],"wp:term":[{"taxonomy":"product_brand","embeddable":true,"href":"https:\/\/www.lomoro.nl\/fr\/wp-json\/wp\/v2\/product_brand?post=4673"},{"taxonomy":"product_cat","embeddable":true,"href":"https:\/\/www.lomoro.nl\/fr\/wp-json\/wp\/v2\/product_cat?post=4673"},{"taxonomy":"product_tag","embeddable":true,"href":"https:\/\/www.lomoro.nl\/fr\/wp-json\/wp\/v2\/product_tag?post=4673"}],"curies":[{"name":"wp","href":"https:\/\/api.w.org\/{rel}","templated":true}]}}