{"id":4679,"date":"2024-12-16T06:46:08","date_gmt":"2024-12-16T06:46:08","guid":{"rendered":"https:\/\/lomoro.nl\/?post_type=product&#038;p=4679"},"modified":"2025-01-08T09:14:09","modified_gmt":"2025-01-08T09:14:09","slug":"het-ultieme-pak-in-twee-stijlen-7","status":"publish","type":"product","link":"https:\/\/www.lomoro.nl\/fr\/products\/het-ultieme-pak-in-twee-stijlen-7\/","title":{"rendered":"Costumes Doubles Styles Vert Olive"},"content":{"rendered":"<p>Le costume Double Styles vert olive est le choix parfait pour ceux qui recherchent un look sophistiqu\u00e9 mais audacieux. La couleur vert olive est subtile et \u00e9l\u00e9gante, id\u00e9ale pour les occasions professionnelles et formelles. Que vous assistiez \u00e0 un mariage, \u00e0 une r\u00e9union importante ou \u00e0 une autre occasion sp\u00e9ciale, ce costume est une d\u00e9claration d&rsquo;\u00e9l\u00e9gance et de classe. Il offre le choix entre des styles \u00e0 boutonnage simple et \u00e0 double boutonnage, afin que vous puissiez toujours cr\u00e9er le look parfait pour votre \u00e9v\u00e9nement.<\/p>\n<p>Fabriqu\u00e9 \u00e0 partir de mat\u00e9riaux luxueux en m\u00e9lange de laine, le costume Double Styles vert olive offre non seulement un look moderne, mais \u00e9galement un confort in\u00e9gal\u00e9. La coupe slim assure un ajustement \u00e9pur\u00e9, tandis que la ceinture r\u00e9glable permet d&rsquo;adapter parfaitement le costume \u00e0 votre corps. Il est \u00e0 la fois \u00e9l\u00e9gant et fonctionnel, avec un souci du d\u00e9tail et une finition haut de gamme qui garantit un plaisir de port durable.<\/p>\n<p>&nbsp;<\/p>\n<table style=\"height: 399px;\" width=\"636\">\n<tbody>\n<tr>\n<td><b>Caract\u00e9ristique<\/b><\/td>\n<td><b>D\u00e9tails<\/b><\/td>\n<\/tr>\n<tr>\n<td><b>Mat\u00e9riau<\/b><\/td>\n<td><span style=\"font-weight: 400;\">M\u00e9lange de laine premium<\/span><\/td>\n<\/tr>\n<tr>\n<td><b>Couleur<\/b><\/td>\n<td><span style=\"font-weight: 400;\">Olive<\/span><\/td>\n<\/tr>\n<tr>\n<td><b>Tailles disponibles<\/b><\/td>\n<td><span style=\"font-weight: 400;\">Petites tailles 46-62 \/ Grandes tailles 58-72<\/span><\/td>\n<\/tr>\n<tr>\n<td><b>Coupe<\/b><\/td>\n<td><span style=\"font-weight: 400;\">Coupe ajust\u00e9e (slim fit)<\/span><\/td>\n<\/tr>\n<tr>\n<td><b>Style<\/b><\/td>\n<td><span style=\"font-weight: 400;\">Styles doubles, classique et moderne<\/span><\/td>\n<\/tr>\n<tr>\n<td><b>Instructions de lavage<\/b><\/td>\n<td><span style=\"font-weight: 400;\">Nettoyage professionnel uniquement<\/span><\/td>\n<\/tr>\n<\/tbody>\n<\/table>\n<p>&nbsp;<\/p>\n","protected":false},"excerpt":{"rendered":"<div class=\"product__tax caption rte\">\n<p>Le Costume Double Styles Vert Olive associe une couleur raffin\u00e9e \u00e0 une coupe moderne pour un look intemporel. La teinte vert olive ajoute une touche subtile mais saisissante \u00e0 votre look formel ou semi-formel. Ce costume offre une polyvalence pour diff\u00e9rentes occasions, des r\u00e9unions d&rsquo;affaires aux mariages.<\/p>\n<p>Fabriqu\u00e9e \u00e0 partir de mat\u00e9riaux haut de gamme, la combinaison assure un confort et un ajustement parfait, tout en conservant un look moderne et \u00e9l\u00e9gant. Choisissez le costume Double Styles vert olive et faites forte impression.<\/p>\n<p>\u2702\ufe0f Ajustement parfait, fait sp\u00e9cialement pour vous.<\/p>\n<p>\ud83d\udc54 Des conseils personnalis\u00e9s pour votre look unique.<\/p>\n<p>\ud83e\uddf5 Des mat\u00e9riaux de haute qualit\u00e9 pour un confort ultime.<\/p>\n<p>\ud83c\udfa8 \u00c9l\u00e9gant pour chaque occasion.<\/p>\n<p>\ud83c\udf81 Profitez d&rsquo;un cadeau gratuit \u00e0 chaque visite en magasin !<\/p>\n<\/div>\n","protected":false},"featured_media":2460,"template":"","meta":{"_acf_changed":false},"product_brand":[],"product_cat":[131],"product_tag":[],"class_list":{"0":"post-4679","1":"product","2":"type-product","3":"status-publish","4":"has-post-thumbnail","6":"product_cat-imperial-kostuums","8":"first","9":"instock","10":"sale","11":"shipping-taxable","12":"purchasable","13":"product-type-simple"},"acf":[],"_links":{"self":[{"href":"https:\/\/www.lomoro.nl\/fr\/wp-json\/wp\/v2\/product\/4679","targetHints":{"allow":["GET"]}}],"collection":[{"href":"https:\/\/www.lomoro.nl\/fr\/wp-json\/wp\/v2\/product"}],"about":[{"href":"https:\/\/www.lomoro.nl\/fr\/wp-json\/wp\/v2\/types\/product"}],"wp:featuredmedia":[{"embeddable":true,"href":"https:\/\/www.lomoro.nl\/fr\/wp-json\/wp\/v2\/media\/2460"}],"wp:attachment":[{"href":"https:\/\/www.lomoro.nl\/fr\/wp-json\/wp\/v2\/media?parent=4679"}],"wp:term":[{"taxonomy":"product_brand","embeddable":true,"href":"https:\/\/www.lomoro.nl\/fr\/wp-json\/wp\/v2\/product_brand?post=4679"},{"taxonomy":"product_cat","embeddable":true,"href":"https:\/\/www.lomoro.nl\/fr\/wp-json\/wp\/v2\/product_cat?post=4679"},{"taxonomy":"product_tag","embeddable":true,"href":"https:\/\/www.lomoro.nl\/fr\/wp-json\/wp\/v2\/product_tag?post=4679"}],"curies":[{"name":"wp","href":"https:\/\/api.w.org\/{rel}","templated":true}]}}