{"id":4693,"date":"2024-12-16T07:13:10","date_gmt":"2024-12-16T07:13:10","guid":{"rendered":"https:\/\/lomoro.nl\/?post_type=product&#038;p=4693"},"modified":"2025-01-08T09:41:19","modified_gmt":"2025-01-08T09:41:19","slug":"het-ultieme-pak-in-twee-stijlen-4","status":"publish","type":"product","link":"https:\/\/www.lomoro.nl\/fr\/products\/het-ultieme-pak-in-twee-stijlen-4\/","title":{"rendered":"Costumes gris doubles styles"},"content":{"rendered":"<p>Le costume gris double style est l\u2019incarnation de l\u2019\u00e9l\u00e9gance subtile et de la flexibilit\u00e9. La teinte gris neutre permet de l&rsquo;associer facilement \u00e0 divers accessoires, des cravates classiques aux pochettes de costume frappantes. Le costume est con\u00e7u pour offrir confort et style pour les occasions importantes telles que les mariages, les r\u00e9unions d&rsquo;affaires et les galas.<\/p>\n<p>Le choix entre les styles \u00e0 boutonnage simple et \u00e0 double boutonnage vous donne la libert\u00e9 de cr\u00e9er votre look parfait. Le mat\u00e9riau de haute qualit\u00e9 et la finition raffin\u00e9e font de ce costume un investissement non seulement tendance, mais aussi durable.<\/p>\n<table style=\"height: 405px;\" width=\"629\">\n<tbody>\n<tr>\n<td><b>Caract\u00e9ristique<\/b><\/td>\n<td><b>D\u00e9tails<\/b><\/td>\n<\/tr>\n<tr>\n<td><b>Mat\u00e9riau<\/b><\/td>\n<td><span style=\"font-weight: 400;\">M\u00e9lange de laine premium<\/span><\/td>\n<\/tr>\n<tr>\n<td><b>Couleur<\/b><\/td>\n<td><span style=\"font-weight: 400;\">Gris<\/span><\/td>\n<\/tr>\n<tr>\n<td><b>Tailles disponibles<\/b><\/td>\n<td><span style=\"font-weight: 400;\">Petites tailles 46-62 \/ Grandes tailles 58-72<\/span><\/td>\n<\/tr>\n<tr>\n<td><b>Coupe<\/b><\/td>\n<td><span style=\"font-weight: 400;\">Coupe ajust\u00e9e (slim fit)<\/span><\/td>\n<\/tr>\n<tr>\n<td><b>Style<\/b><\/td>\n<td><span style=\"font-weight: 400;\">Styles doubles, classique et moderne<\/span><\/td>\n<\/tr>\n<tr>\n<td><b>Instructions de lavage<\/b><\/td>\n<td><span style=\"font-weight: 400;\">Nettoyage professionnel uniquement<\/span><\/td>\n<\/tr>\n<\/tbody>\n<\/table>\n","protected":false},"excerpt":{"rendered":"<div class=\"product__tax caption rte\">\n<p>Le costume gris double style respire la sophistication et la polyvalence, parfait pour les occasions formelles et semi-formelles. D&rsquo;un coloris gris intemporel, il offre un look \u00e9l\u00e9gant qui s&rsquo;adapte \u00e0 tous les styles.<\/p>\n<p>Choisissez entre des mod\u00e8les \u00e0 simple boutonnage et \u00e0 double boutonnage pour un look qui refl\u00e8te votre personnalit\u00e9. Ce costume allie coupe moderne et savoir-faire traditionnel.<\/p>\n<p>\u2702\ufe0f Ajustement parfait, fait sp\u00e9cialement pour vous.<\/p>\n<p>\ud83d\udc54 Des conseils personnalis\u00e9s pour votre look unique.<\/p>\n<p>\ud83e\uddf5 Des mat\u00e9riaux de haute qualit\u00e9 pour un confort ultime.<\/p>\n<p>\ud83c\udfa8 \u00c9l\u00e9gant pour chaque occasion.<\/p>\n<p>\ud83c\udf81 Profitez d&rsquo;un cadeau gratuit \u00e0 chaque visite en magasin !<\/p>\n<\/div>\n","protected":false},"featured_media":2484,"template":"","meta":{"_acf_changed":false},"product_brand":[],"product_cat":[131],"product_tag":[],"class_list":{"0":"post-4693","1":"product","2":"type-product","3":"status-publish","4":"has-post-thumbnail","6":"product_cat-imperial-kostuums","8":"first","9":"instock","10":"sale","11":"shipping-taxable","12":"purchasable","13":"product-type-simple"},"acf":[],"_links":{"self":[{"href":"https:\/\/www.lomoro.nl\/fr\/wp-json\/wp\/v2\/product\/4693","targetHints":{"allow":["GET"]}}],"collection":[{"href":"https:\/\/www.lomoro.nl\/fr\/wp-json\/wp\/v2\/product"}],"about":[{"href":"https:\/\/www.lomoro.nl\/fr\/wp-json\/wp\/v2\/types\/product"}],"wp:featuredmedia":[{"embeddable":true,"href":"https:\/\/www.lomoro.nl\/fr\/wp-json\/wp\/v2\/media\/2484"}],"wp:attachment":[{"href":"https:\/\/www.lomoro.nl\/fr\/wp-json\/wp\/v2\/media?parent=4693"}],"wp:term":[{"taxonomy":"product_brand","embeddable":true,"href":"https:\/\/www.lomoro.nl\/fr\/wp-json\/wp\/v2\/product_brand?post=4693"},{"taxonomy":"product_cat","embeddable":true,"href":"https:\/\/www.lomoro.nl\/fr\/wp-json\/wp\/v2\/product_cat?post=4693"},{"taxonomy":"product_tag","embeddable":true,"href":"https:\/\/www.lomoro.nl\/fr\/wp-json\/wp\/v2\/product_tag?post=4693"}],"curies":[{"name":"wp","href":"https:\/\/api.w.org\/{rel}","templated":true}]}}