{"id":4701,"date":"2024-12-16T07:20:03","date_gmt":"2024-12-16T07:20:03","guid":{"rendered":"https:\/\/lomoro.nl\/?post_type=product&#038;p=4701"},"modified":"2025-01-08T10:01:56","modified_gmt":"2025-01-08T10:01:56","slug":"het-ultieme-pak-in-twee-stijlen-2","status":"publish","type":"product","link":"https:\/\/www.lomoro.nl\/fr\/products\/het-ultieme-pak-in-twee-stijlen-2\/","title":{"rendered":"Costumes Doubles Styles Vert Fonc\u00e9"},"content":{"rendered":"<p>Le costume Double Styles vert fonc\u00e9 est un chef-d&rsquo;\u0153uvre de style et de fonctionnalit\u00e9. La couleur vert profond apporte un look frais et raffin\u00e9 qui s&rsquo;adapte parfaitement aussi bien aux r\u00e9unions d&rsquo;affaires qu&rsquo;aux occasions festives. Gr\u00e2ce au mat\u00e9riau de haute qualit\u00e9, ce costume offre du confort sans sacrifier l&rsquo;\u00e9l\u00e9gance.<\/p>\n<p>Avec des options de mod\u00e8les \u00e0 simple boutonnage et \u00e0 double boutonnage, vous pouvez facilement adapter votre look \u00e0 l&rsquo;occasion. Les finitions pr\u00e9cises et la coupe moderne font de ce costume un incontournable de la garde-robe de tout homme styl\u00e9.<\/p>\n<p>&nbsp;<\/p>\n<table style=\"height: 409px;\" width=\"588\">\n<tbody>\n<tr>\n<td><b>Caract\u00e9ristique<\/b><\/td>\n<td><b>D\u00e9tails<\/b><\/td>\n<\/tr>\n<tr>\n<td><b>Mat\u00e9riau<\/b><\/td>\n<td><span style=\"font-weight: 400;\">M\u00e9lange de laine premium<\/span><\/td>\n<\/tr>\n<tr>\n<td><b>Couleur<\/b><\/td>\n<td><span style=\"font-weight: 400;\">Vert fonc\u00e9<\/span><\/td>\n<\/tr>\n<tr>\n<td><b>Tailles disponibles<\/b><\/td>\n<td><span style=\"font-weight: 400;\">Petites tailles 46-62 \/ Grandes tailles 58-72<\/span><\/td>\n<\/tr>\n<tr>\n<td><b>Coupe<\/b><\/td>\n<td><span style=\"font-weight: 400;\">Coupe ajust\u00e9e (slim fit)<\/span><\/td>\n<\/tr>\n<tr>\n<td><b>Style<\/b><\/td>\n<td><span style=\"font-weight: 400;\">Styles doubles, classique et moderne<\/span><\/td>\n<\/tr>\n<tr>\n<td><b>Instructions de lavage<\/b><\/td>\n<td><span style=\"font-weight: 400;\">Nettoyage professionnel uniquement<\/span><\/td>\n<\/tr>\n<\/tbody>\n<\/table>\n<p>&nbsp;<\/p>\n","protected":false},"excerpt":{"rendered":"<div class=\"product__tax caption rte\">\n<p>Le costume double style vert fonc\u00e9 combine des tons riches et naturels avec une coupe moderne. Id\u00e9al pour les occasions formelles et festives, ce costume respire l&rsquo;\u00e9l\u00e9gance et la confiance.<\/p>\n<p>Avec un choix de styles \u00e0 simple boutonnage et \u00e0 double boutonnage, ce costume offre polyvalence et classe intemporelle, parfait pour n&rsquo;importe quelle garde-robe.<\/p>\n<p>\u2702\ufe0f Ajustement parfait, fait sp\u00e9cialement pour vous.<\/p>\n<p>\ud83d\udc54 Des conseils personnalis\u00e9s pour votre look unique.<\/p>\n<p>\ud83e\uddf5 Des mat\u00e9riaux de haute qualit\u00e9 pour un confort ultime.<\/p>\n<p>\ud83c\udfa8 \u00c9l\u00e9gant pour chaque occasion.<\/p>\n<p>\ud83c\udf81 Profitez d&rsquo;un cadeau gratuit \u00e0 chaque visite en magasin !<\/p>\n<\/div>\n","protected":false},"featured_media":2487,"template":"","meta":{"_acf_changed":false},"product_brand":[],"product_cat":[131],"product_tag":[],"class_list":{"0":"post-4701","1":"product","2":"type-product","3":"status-publish","4":"has-post-thumbnail","6":"product_cat-imperial-kostuums","8":"first","9":"instock","10":"sale","11":"shipping-taxable","12":"purchasable","13":"product-type-simple"},"acf":[],"_links":{"self":[{"href":"https:\/\/www.lomoro.nl\/fr\/wp-json\/wp\/v2\/product\/4701","targetHints":{"allow":["GET"]}}],"collection":[{"href":"https:\/\/www.lomoro.nl\/fr\/wp-json\/wp\/v2\/product"}],"about":[{"href":"https:\/\/www.lomoro.nl\/fr\/wp-json\/wp\/v2\/types\/product"}],"wp:featuredmedia":[{"embeddable":true,"href":"https:\/\/www.lomoro.nl\/fr\/wp-json\/wp\/v2\/media\/2487"}],"wp:attachment":[{"href":"https:\/\/www.lomoro.nl\/fr\/wp-json\/wp\/v2\/media?parent=4701"}],"wp:term":[{"taxonomy":"product_brand","embeddable":true,"href":"https:\/\/www.lomoro.nl\/fr\/wp-json\/wp\/v2\/product_brand?post=4701"},{"taxonomy":"product_cat","embeddable":true,"href":"https:\/\/www.lomoro.nl\/fr\/wp-json\/wp\/v2\/product_cat?post=4701"},{"taxonomy":"product_tag","embeddable":true,"href":"https:\/\/www.lomoro.nl\/fr\/wp-json\/wp\/v2\/product_tag?post=4701"}],"curies":[{"name":"wp","href":"https:\/\/api.w.org\/{rel}","templated":true}]}}