{"id":4710,"date":"2024-12-16T07:23:01","date_gmt":"2024-12-16T07:23:01","guid":{"rendered":"https:\/\/lomoro.nl\/?post_type=product&#038;p=4710"},"modified":"2025-01-08T10:18:11","modified_gmt":"2025-01-08T10:18:11","slug":"het-ultieme-pak-in-twee-stijlen-1","status":"publish","type":"product","link":"https:\/\/www.lomoro.nl\/fr\/products\/het-ultieme-pak-in-twee-stijlen-1\/","title":{"rendered":"Costumes doubles beiges"},"content":{"rendered":"<p>Le Costume Beige Double Styles rayonne d&rsquo;\u00e9l\u00e9gance gr\u00e2ce \u00e0 sa teinte claire et neutre et sa coupe moderne. Ce choix polyvalent est parfait pour les mariages, les r\u00e9unions d\u2019affaires et autres moments sp\u00e9ciaux. Fabriqu\u00e9 \u00e0 partir d&rsquo;un m\u00e9lange de laine de haute qualit\u00e9, ce costume offre un confort et une durabilit\u00e9 ultimes.<\/p>\n<p>Avec des options de mod\u00e8les \u00e0 simple boutonnage et \u00e0 double boutonnage, vous pouvez facilement choisir le style qui correspond le mieux \u00e0 vos go\u00fbts personnels. Chaque d\u00e9tail a \u00e9t\u00e9 soigneusement fini pour garantir un look sophistiqu\u00e9, faisant de ce costume un incontournable pour l&rsquo;homme soucieux de la mode.<\/p>\n<table style=\"height: 401px;\" width=\"629\">\n<tbody>\n<tr>\n<td><b>Caract\u00e9ristique<\/b><\/td>\n<td><b>D\u00e9tails<\/b><\/td>\n<\/tr>\n<tr>\n<td><b>Mat\u00e9riau<\/b><\/td>\n<td><span style=\"font-weight: 400;\">M\u00e9lange de laine premium<\/span><\/td>\n<\/tr>\n<tr>\n<td><b>Couleur<\/b><\/td>\n<td><span style=\"font-weight: 400;\">Beige<\/span><\/td>\n<\/tr>\n<tr>\n<td><b>Tailles disponibles<\/b><\/td>\n<td><span style=\"font-weight: 400;\">Petites tailles 46-62 \/ Grandes tailles 58-72<\/span><\/td>\n<\/tr>\n<tr>\n<td><b>Coupe<\/b><\/td>\n<td><span style=\"font-weight: 400;\">Coupe ajust\u00e9e (slim fit)<\/span><\/td>\n<\/tr>\n<tr>\n<td><b>Style<\/b><\/td>\n<td><span style=\"font-weight: 400;\">Styles doubles, classique et moderne<\/span><\/td>\n<\/tr>\n<tr>\n<td><b>Instructions de lavage<\/b><\/td>\n<td><span style=\"font-weight: 400;\">Nettoyage professionnel uniquement<\/span><\/td>\n<\/tr>\n<\/tbody>\n<\/table>\n<p>&nbsp;<\/p>\n","protected":false},"excerpt":{"rendered":"<p>Le Costume Beige Double Styles offre un look raffin\u00e9 avec une teinte beige intemporelle. Id\u00e9al pour les occasions formelles et festives, ce costume allie confort et classe.<\/p>\n<p>Avec un choix entre des styles \u00e0 boutonnage simple et \u00e0 double boutonnage, ce mod\u00e8le polyvalent est parfait pour toutes les occasions et pr\u00e9f\u00e9rences personnelles.<\/p>\n<p>\u2702\ufe0f Ajustement parfait, fait sp\u00e9cialement pour vous.<\/p>\n<p>\ud83d\udc54 Des conseils personnalis\u00e9s pour votre look unique.<\/p>\n<p>\ud83e\uddf5 Des mat\u00e9riaux de haute qualit\u00e9 pour un confort ultime.<\/p>\n<p>\ud83c\udfa8 \u00c9l\u00e9gant pour chaque occasion.<\/p>\n<p>\ud83c\udf81 Profitez d&rsquo;un cadeau gratuit \u00e0 chaque visite en magasin !<\/p>\n","protected":false},"featured_media":2496,"template":"","meta":{"_acf_changed":false},"product_brand":[],"product_cat":[131],"product_tag":[],"class_list":{"0":"post-4710","1":"product","2":"type-product","3":"status-publish","4":"has-post-thumbnail","6":"product_cat-imperial-kostuums","8":"first","9":"instock","10":"sale","11":"shipping-taxable","12":"purchasable","13":"product-type-simple"},"acf":[],"_links":{"self":[{"href":"https:\/\/www.lomoro.nl\/fr\/wp-json\/wp\/v2\/product\/4710","targetHints":{"allow":["GET"]}}],"collection":[{"href":"https:\/\/www.lomoro.nl\/fr\/wp-json\/wp\/v2\/product"}],"about":[{"href":"https:\/\/www.lomoro.nl\/fr\/wp-json\/wp\/v2\/types\/product"}],"wp:featuredmedia":[{"embeddable":true,"href":"https:\/\/www.lomoro.nl\/fr\/wp-json\/wp\/v2\/media\/2496"}],"wp:attachment":[{"href":"https:\/\/www.lomoro.nl\/fr\/wp-json\/wp\/v2\/media?parent=4710"}],"wp:term":[{"taxonomy":"product_brand","embeddable":true,"href":"https:\/\/www.lomoro.nl\/fr\/wp-json\/wp\/v2\/product_brand?post=4710"},{"taxonomy":"product_cat","embeddable":true,"href":"https:\/\/www.lomoro.nl\/fr\/wp-json\/wp\/v2\/product_cat?post=4710"},{"taxonomy":"product_tag","embeddable":true,"href":"https:\/\/www.lomoro.nl\/fr\/wp-json\/wp\/v2\/product_tag?post=4710"}],"curies":[{"name":"wp","href":"https:\/\/api.w.org\/{rel}","templated":true}]}}