{"id":4724,"date":"2024-12-16T07:38:49","date_gmt":"2024-12-16T07:38:49","guid":{"rendered":"https:\/\/lomoro.nl\/?post_type=product&#038;p=4724"},"modified":"2025-01-08T10:46:14","modified_gmt":"2025-01-08T10:46:14","slug":"het-ultieme-pak-in-twee-stijlen-23","status":"publish","type":"product","link":"https:\/\/www.lomoro.nl\/fr\/products\/het-ultieme-pak-in-twee-stijlen-23\/","title":{"rendered":"Costumes Doubles Styles Bleu Turquoise"},"content":{"rendered":"<p>Le costume Double Styles bleu turquoise offre un look sophistiqu\u00e9 et vibrant qui \u00e9gayera toute occasion. La couleur vive combin\u00e9e au design moderne garantit que vous aurez toujours l&rsquo;air \u00e9l\u00e9gant, que vous alliez \u00e0 un mariage, une r\u00e9union d&rsquo;affaires ou tout autre \u00e9v\u00e9nement formel. Le costume est fait de mat\u00e9riaux de premi\u00e8re qualit\u00e9, ce qui garantit un confort et une durabilit\u00e9 ultimes.<\/p>\n<p>Ce costume est disponible en version simple et double boutonnage, vous pouvez donc opter pour un look classique ou plus audacieux. Les d\u00e9tails subtils et la coupe parfaitement finie rendent ce costume adapt\u00e9 \u00e0 toutes sortes d&rsquo;occasions formelles. Le costume bleu turquoise est id\u00e9al pour se d\u00e9marquer avec une touche de modernit\u00e9 et de style.<\/p>\n<p>&nbsp;<\/p>\n<table style=\"height: 410px;\" width=\"616\">\n<tbody>\n<tr>\n<td><b>Caract\u00e9ristique<\/b><\/td>\n<td><b>D\u00e9tails<\/b><\/td>\n<\/tr>\n<tr>\n<td><b>Mat\u00e9riau<\/b><\/td>\n<td><span style=\"font-weight: 400;\">M\u00e9lange de laine premium<\/span><\/td>\n<\/tr>\n<tr>\n<td><b>Couleur<\/b><\/td>\n<td><span style=\"font-weight: 400;\">Bleu turquoise<\/span><\/td>\n<\/tr>\n<tr>\n<td><b>Tailles disponibles<\/b><\/td>\n<td><span style=\"font-weight: 400;\">Petites tailles 46-62 \/ Grandes tailles 58-72<\/span><\/td>\n<\/tr>\n<tr>\n<td><b>Coupe<\/b><\/td>\n<td><span style=\"font-weight: 400;\">Coupe ajust\u00e9e (slim fit)<\/span><\/td>\n<\/tr>\n<tr>\n<td><b>Style<\/b><\/td>\n<td><span style=\"font-weight: 400;\">Styles doubles, classique et moderne<\/span><\/td>\n<\/tr>\n<tr>\n<td><b>Instructions de lavage<\/b><\/td>\n<td><span style=\"font-weight: 400;\">Nettoyage professionnel uniquement<\/span><\/td>\n<\/tr>\n<\/tbody>\n<\/table>\n<p>&nbsp;<\/p>\n","protected":false},"excerpt":{"rendered":"<div class=\"product__tax caption rte\">\n<p>Le costume double styles bleu turquoise est le choix parfait pour ceux qui recherchent un look frais et dynamique. Ce costume est id\u00e9al pour les \u00e9v\u00e9nements sp\u00e9ciaux tels que les mariages et les soir\u00e9es exclusives.<\/p>\n<p>Le tissu de haute qualit\u00e9 et la coupe \u00e9l\u00e9gante offrent \u00e0 la fois confort et style, faisant de ce costume un incontournable pour l&rsquo;homme moderne qui veut impressionner.<\/p>\n<p>\u2702\ufe0f Ajustement parfait, fait sp\u00e9cialement pour vous.<\/p>\n<p>\ud83d\udc54 Des conseils personnalis\u00e9s pour votre look unique.<\/p>\n<p>\ud83e\uddf5 Des mat\u00e9riaux de haute qualit\u00e9 pour un confort ultime.<\/p>\n<p>\ud83c\udfa8 \u00c9l\u00e9gant pour chaque occasion.<\/p>\n<p>\ud83c\udf81 Profitez d&rsquo;un cadeau gratuit \u00e0 chaque visite en magasin !<\/p>\n<\/div>\n","protected":false},"featured_media":2529,"template":"","meta":{"_acf_changed":false},"product_brand":[],"product_cat":[131],"product_tag":[],"class_list":{"0":"post-4724","1":"product","2":"type-product","3":"status-publish","4":"has-post-thumbnail","6":"product_cat-imperial-kostuums","8":"first","9":"instock","10":"sale","11":"shipping-taxable","12":"purchasable","13":"product-type-simple"},"acf":[],"_links":{"self":[{"href":"https:\/\/www.lomoro.nl\/fr\/wp-json\/wp\/v2\/product\/4724","targetHints":{"allow":["GET"]}}],"collection":[{"href":"https:\/\/www.lomoro.nl\/fr\/wp-json\/wp\/v2\/product"}],"about":[{"href":"https:\/\/www.lomoro.nl\/fr\/wp-json\/wp\/v2\/types\/product"}],"wp:featuredmedia":[{"embeddable":true,"href":"https:\/\/www.lomoro.nl\/fr\/wp-json\/wp\/v2\/media\/2529"}],"wp:attachment":[{"href":"https:\/\/www.lomoro.nl\/fr\/wp-json\/wp\/v2\/media?parent=4724"}],"wp:term":[{"taxonomy":"product_brand","embeddable":true,"href":"https:\/\/www.lomoro.nl\/fr\/wp-json\/wp\/v2\/product_brand?post=4724"},{"taxonomy":"product_cat","embeddable":true,"href":"https:\/\/www.lomoro.nl\/fr\/wp-json\/wp\/v2\/product_cat?post=4724"},{"taxonomy":"product_tag","embeddable":true,"href":"https:\/\/www.lomoro.nl\/fr\/wp-json\/wp\/v2\/product_tag?post=4724"}],"curies":[{"name":"wp","href":"https:\/\/api.w.org\/{rel}","templated":true}]}}