{"id":4735,"date":"2024-12-16T07:44:29","date_gmt":"2024-12-16T07:44:29","guid":{"rendered":"https:\/\/lomoro.nl\/?post_type=product&#038;p=4735"},"modified":"2025-01-08T11:03:13","modified_gmt":"2025-01-08T11:03:13","slug":"het-ultieme-pak-in-twee-stijlen-15","status":"publish","type":"product","link":"https:\/\/www.lomoro.nl\/fr\/products\/het-ultieme-pak-in-twee-stijlen-15\/","title":{"rendered":"Costumes Doubles Styles Bleu Ciel"},"content":{"rendered":"<p>Le costume double style bleu ciel d\u00e9gage un charme intemporel, parfait pour l&rsquo;homme \u00e0 la recherche d&rsquo;un look sophistiqu\u00e9 mais moderne. La couleur bleue douce ajoute une touche a\u00e9rienne et fra\u00eeche \u00e0 votre garde-robe formelle, tandis que la haute qualit\u00e9 du mat\u00e9riau assure confort et durabilit\u00e9. Parfait pour les mariages, les r\u00e9unions d&rsquo;affaires ou tout autre \u00e9v\u00e9nement important, ce costume est con\u00e7u pour attirer l&rsquo;attention de mani\u00e8re subtile et \u00e9l\u00e9gante.<\/p>\n<p>L&rsquo;excellente coupe et la finition d\u00e9taill\u00e9e font de ce costume un incontournable pour l&rsquo;homme soucieux de la mode. Le costume double styles bleu ciel offre le choix entre des styles \u00e0 simple boutonnage et \u00e0 double boutonnage, afin que vous puissiez combiner le look classique avec une touche moderne. Le tissu luxueux et les d\u00e9tails raffin\u00e9s conf\u00e8rent un look luxueux, tandis que la polyvalence des couleurs vous permet de porter le costume \u00e0 diff\u00e9rentes occasions.<\/p>\n<p>&nbsp;<\/p>\n<table style=\"height: 404px;\" width=\"585\">\n<tbody>\n<tr>\n<td><b>Caract\u00e9ristique<\/b><\/td>\n<td><b>D\u00e9tails<\/b><\/td>\n<\/tr>\n<tr>\n<td><b>Mat\u00e9riau<\/b><\/td>\n<td><span style=\"font-weight: 400;\">M\u00e9lange de laine premium<\/span><\/td>\n<\/tr>\n<tr>\n<td><b>Couleur<\/b><\/td>\n<td><span style=\"font-weight: 400;\">Bleu ciel<\/span><\/td>\n<\/tr>\n<tr>\n<td><b>Tailles disponibles<\/b><\/td>\n<td><span style=\"font-weight: 400;\">Petites tailles 46-62 \/ Grandes tailles 58-72<\/span><\/td>\n<\/tr>\n<tr>\n<td><b>Coupe<\/b><\/td>\n<td><span style=\"font-weight: 400;\">Coupe ajust\u00e9e (slim fit)<\/span><\/td>\n<\/tr>\n<tr>\n<td><b>Style<\/b><\/td>\n<td><span style=\"font-weight: 400;\">Styles doubles, classique et moderne<\/span><\/td>\n<\/tr>\n<tr>\n<td><b>Instructions de lavage<\/b><\/td>\n<td><span style=\"font-weight: 400;\">Nettoyage professionnel uniquement<\/span><\/td>\n<\/tr>\n<\/tbody>\n<\/table>\n<p>&nbsp;<\/p>\n","protected":false},"excerpt":{"rendered":"<div class=\"product__tax caption rte\">\n<p>Le Costume Double Styles Bleu Ciel est le choix parfait pour ceux qui souhaitent allier \u00e9l\u00e9gance et fra\u00eecheur. La subtile teinte bleue donne un look raffin\u00e9 qui convient \u00e0 toutes les occasions.<\/p>\n<p>Fabriqu\u00e9 \u00e0 partir de mat\u00e9riaux de haute qualit\u00e9, ce costume offre \u00e0 la fois style et confort, ce qui le rend id\u00e9al pour les mariages, les \u00e9v\u00e9nements d&rsquo;entreprise ou autres occasions formelles.<\/p>\n<p>\u2702\ufe0f Ajustement parfait, fait sp\u00e9cialement pour vous.<\/p>\n<p>\ud83d\udc54 Des conseils personnalis\u00e9s pour votre look unique.<\/p>\n<p>\ud83e\uddf5 Des mat\u00e9riaux de haute qualit\u00e9 pour un confort ultime.<\/p>\n<p>\ud83c\udfa8 \u00c9l\u00e9gant pour chaque occasion.<\/p>\n<p>\ud83c\udf81 Profitez d&rsquo;un cadeau gratuit \u00e0 chaque visite en magasin !<\/p>\n<\/div>\n","protected":false},"featured_media":2532,"template":"","meta":{"_acf_changed":false},"product_brand":[],"product_cat":[131],"product_tag":[],"class_list":{"0":"post-4735","1":"product","2":"type-product","3":"status-publish","4":"has-post-thumbnail","6":"product_cat-imperial-kostuums","8":"first","9":"instock","10":"sale","11":"shipping-taxable","12":"purchasable","13":"product-type-simple"},"acf":[],"_links":{"self":[{"href":"https:\/\/www.lomoro.nl\/fr\/wp-json\/wp\/v2\/product\/4735","targetHints":{"allow":["GET"]}}],"collection":[{"href":"https:\/\/www.lomoro.nl\/fr\/wp-json\/wp\/v2\/product"}],"about":[{"href":"https:\/\/www.lomoro.nl\/fr\/wp-json\/wp\/v2\/types\/product"}],"wp:featuredmedia":[{"embeddable":true,"href":"https:\/\/www.lomoro.nl\/fr\/wp-json\/wp\/v2\/media\/2532"}],"wp:attachment":[{"href":"https:\/\/www.lomoro.nl\/fr\/wp-json\/wp\/v2\/media?parent=4735"}],"wp:term":[{"taxonomy":"product_brand","embeddable":true,"href":"https:\/\/www.lomoro.nl\/fr\/wp-json\/wp\/v2\/product_brand?post=4735"},{"taxonomy":"product_cat","embeddable":true,"href":"https:\/\/www.lomoro.nl\/fr\/wp-json\/wp\/v2\/product_cat?post=4735"},{"taxonomy":"product_tag","embeddable":true,"href":"https:\/\/www.lomoro.nl\/fr\/wp-json\/wp\/v2\/product_tag?post=4735"}],"curies":[{"name":"wp","href":"https:\/\/api.w.org\/{rel}","templated":true}]}}