{"id":4751,"date":"2024-12-17T09:27:40","date_gmt":"2024-12-17T09:27:40","guid":{"rendered":"https:\/\/lomoro.nl\/?post_type=product&#038;p=4751"},"modified":"2025-01-08T11:19:34","modified_gmt":"2025-01-08T11:19:34","slug":"handgemaakte-leren-laarzen-23","status":"publish","type":"product","link":"https:\/\/www.lomoro.nl\/fr\/products\/handgemaakte-leren-laarzen-23\/","title":{"rendered":"Bottes en cuir Hommes"},"content":{"rendered":"<p><span>D\u00e9marquez-vous cet hiver avec nos bottes en cuir \u00e9l\u00e9gantes pour hommes, parfaites pour toutes les occasions. Fabriqu\u00e9es \u00e0 la main par des artisans exp\u00e9riment\u00e9s, ces bottes en cuir offrent aux hommes la combinaison id\u00e9ale entre confort et durabilit\u00e9. Fabriqu\u00e9es \u00e0 partir de cuir de premi\u00e8re qualit\u00e9, ces bottes en cuir pour hommes sont con\u00e7ues pour r\u00e9sister au froid tout en rehaussant votre style. La finition de haute qualit\u00e9 et les designs embl\u00e9matiques vous garantissent un look \u00e0 la fois \u00e9l\u00e9gant et styl\u00e9. Que vous choisissiez\u00a0\u00a0<\/span><a title=\"Bottes en cuir \u00e9l\u00e9gantes pour hommes pour l'hiver\" href=\"https:\/\/www.lomoro.nl\/products\/handgemaakte-leren-laarzen-17\" target=\"_blank\" rel=\"noopener\"><span>des bottes en cuir pour hommes<\/span><\/a><span>\u00a0\u00a0en plein air ou un look d\u00e9contract\u00e9, ces bottes sont un ajout important \u00e0 votre garde-robe. Rehaussez votre tenue d&rsquo;hiver avec le luxe et la polyvalence de nos bottes en cuir.<\/span><\/p>\n<p><span>Les\u00a0<\/span><b><span>Leather Boots Men\u00a0<\/span><\/b><span>sont le choix id\u00e9al pour les hommes qui recherchent une botte polyvalente et \u00e9l\u00e9gante qui r\u00e9sistera \u00e0 l&rsquo;\u00e9preuve du temps \u00e0 chaque saison. Fabriqu\u00e9es \u00e0 partir de cuir de premi\u00e8re qualit\u00e9, ces bottes offrent un look sophistiqu\u00e9 tout en \u00e9tant extr\u00eamement confortables. La construction robuste garantit qu&rsquo;ils dureront des ann\u00e9es, tandis que la finition en cuir offre un look luxueux qui convient \u00e0 toutes les occasions.<\/span><\/p>\n<p><span>Que vous sortiez pour une journ\u00e9e ou que vous ayez une occasion formelle, ces bottes en cuir ajouteront une touche sophistiqu\u00e9e \u00e0 votre look. Ils sont con\u00e7us avec une attention aux d\u00e9tails et au confort, et leur polyvalence les rend adapt\u00e9s aux tenues formelles et d\u00e9contract\u00e9es. Le style intemporel, combin\u00e9 aux avantages pratiques du cuir, fait de ces bottes un incontournable pour tout homme soucieux de la mode.<\/span><\/p>\n<table>\n<tbody>\n<tr>\n<td><b><span>Fonctionnalit\u00e9<\/span><\/b><\/td>\n<td><b><span>D\u00e9tails<\/span><\/b><\/td>\n<\/tr>\n<tr>\n<td><b><span>Mat\u00e9riel<\/span><\/b><\/td>\n<td><span>Cuir de haute qualit\u00e9<\/span><\/td>\n<\/tr>\n<tr>\n<td><b><span>Couleur<\/span><\/b><\/td>\n<td><span>Marron, Noir ou Cognac<\/span><\/td>\n<\/tr>\n<tr>\n<td><b><span>Copain<\/span><\/b><\/td>\n<td><span>Disponible en diff\u00e9rentes tailles<\/span><\/td>\n<\/tr>\n<tr>\n<td><b><span>Seul<\/span><\/b><\/td>\n<td><span>Caoutchouc antid\u00e9rapant<\/span><\/td>\n<\/tr>\n<tr>\n<td><b><span>Entretien<\/span><\/b><\/td>\n<td><span>Frotter r\u00e9guli\u00e8rement avec de la cr\u00e8me pour cuir<\/span><\/td>\n<\/tr>\n<\/tbody>\n<\/table>\n","protected":false},"excerpt":{"rendered":"<p><span>Les\u00a0<\/span><b><span>bottes en cuir pour hommes\u00a0<\/span><\/b><span>sont la combinaison parfaite de style et de confort. Fabriqu\u00e9es \u00e0 partir de cuir de haute qualit\u00e9, ces bottes offrent non seulement un look classique mais \u00e9galement une durabilit\u00e9 pour un usage quotidien. Avec leur design intemporel, ils s&rsquo;adaptent \u00e0 une vari\u00e9t\u00e9 de styles, des tenues d\u00e9contract\u00e9es aux tenues plus formelles. Ces bottes sont con\u00e7ues pour garder vos pieds confortables quelle que soit la saison.<\/span><\/p>\n<p>\u2702\ufe0f<span>Ajustement parfait, fait sp\u00e9cialement pour vous.<\/span><\/p>\n<p>\ud83d\udc54<span>Des conseils personnalis\u00e9s pour votre look unique.<\/span><\/p>\n<p>\ud83e\uddf5<span>Des mat\u00e9riaux de haute qualit\u00e9 pour un confort ultime.<\/span><\/p>\n<p>\ud83c\udfa8<span>\u00c9l\u00e9gant pour chaque occasion.<\/span><\/p>\n<p>\ud83c\udf81<span>Profitez d&rsquo;un cadeau gratuit \u00e0 chaque visite en magasin\u00a0!<\/span><\/p>\n","protected":false},"featured_media":2787,"template":"","meta":{"_acf_changed":false},"product_brand":[],"product_cat":[124],"product_tag":[],"class_list":{"0":"post-4751","1":"product","2":"type-product","3":"status-publish","4":"has-post-thumbnail","6":"product_cat-schoenen-collectie","8":"first","9":"instock","10":"sale","11":"shipping-taxable","12":"purchasable","13":"product-type-simple"},"acf":[],"_links":{"self":[{"href":"https:\/\/www.lomoro.nl\/fr\/wp-json\/wp\/v2\/product\/4751","targetHints":{"allow":["GET"]}}],"collection":[{"href":"https:\/\/www.lomoro.nl\/fr\/wp-json\/wp\/v2\/product"}],"about":[{"href":"https:\/\/www.lomoro.nl\/fr\/wp-json\/wp\/v2\/types\/product"}],"wp:featuredmedia":[{"embeddable":true,"href":"https:\/\/www.lomoro.nl\/fr\/wp-json\/wp\/v2\/media\/2787"}],"wp:attachment":[{"href":"https:\/\/www.lomoro.nl\/fr\/wp-json\/wp\/v2\/media?parent=4751"}],"wp:term":[{"taxonomy":"product_brand","embeddable":true,"href":"https:\/\/www.lomoro.nl\/fr\/wp-json\/wp\/v2\/product_brand?post=4751"},{"taxonomy":"product_cat","embeddable":true,"href":"https:\/\/www.lomoro.nl\/fr\/wp-json\/wp\/v2\/product_cat?post=4751"},{"taxonomy":"product_tag","embeddable":true,"href":"https:\/\/www.lomoro.nl\/fr\/wp-json\/wp\/v2\/product_tag?post=4751"}],"curies":[{"name":"wp","href":"https:\/\/api.w.org\/{rel}","templated":true}]}}