{"id":4752,"date":"2024-12-16T07:50:04","date_gmt":"2024-12-16T07:50:04","guid":{"rendered":"https:\/\/lomoro.nl\/?post_type=product&#038;p=4752"},"modified":"2025-01-08T11:18:27","modified_gmt":"2025-01-08T11:18:27","slug":"het-ultieme-pak-in-twee-stijlen-16","status":"publish","type":"product","link":"https:\/\/www.lomoro.nl\/fr\/products\/het-ultieme-pak-in-twee-stijlen-16\/","title":{"rendered":"Costumes doubles beige clair"},"content":{"rendered":"<p><span>Le costume double styles beige clair est le choix parfait pour l&rsquo;homme \u00e0 la recherche d&rsquo;un look sophistiqu\u00e9 mais saisissant. La teinte beige clair ajoute une touche de fra\u00eecheur \u00e0 votre garde-robe formelle, sans sacrifier l&rsquo;\u00e9l\u00e9gance. Ce costume a \u00e9t\u00e9 con\u00e7u avec une attention aux d\u00e9tails et offre une excellente coupe qui flatte votre silhouette. Que ce soit pour un mariage, une occasion professionnelle ou toute autre occasion formelle, ce costume fait toujours une impression de style.<\/span><\/p>\n<p><span>Avec son design classique \u00e0 double boutonnage, le costume double styles beige clair offre un look intemporel qui s&rsquo;adapte facilement \u00e0 votre style personnel. Le tissu de haute qualit\u00e9 et la finition soign\u00e9e garantissent que ce costume durera des ann\u00e9es. La polyvalence de la couleur le rend adapt\u00e9 \u00e0 diverses occasions, tandis que la coupe slim offre un look moderne qui renforce votre confiance.<\/span><\/p>\n<p>&nbsp;<\/p>\n<table>\n<tbody>\n<tr>\n<td><b><span>Fonctionnalit\u00e9<\/span><\/b><\/td>\n<td><b><span>D\u00e9tails<\/span><\/b><\/td>\n<\/tr>\n<tr>\n<td><b><span>Mat\u00e9riel<\/span><\/b><\/td>\n<td><span>M\u00e9lange de laine de qualit\u00e9 sup\u00e9rieure<\/span><\/td>\n<\/tr>\n<tr>\n<td><b><span>Couleur<\/span><\/b><\/td>\n<td><span>Beige clair<\/span><\/td>\n<\/tr>\n<tr>\n<td><b><span>Tailles disponibles<\/span><\/b><\/td>\n<td><span>Petites tailles 46-62 \/ Grandes tailles 58-72<\/span><\/td>\n<\/tr>\n<tr>\n<td><b><span>Ajuster<\/span><\/b><\/td>\n<td><span>Coupe ajust\u00e9e<\/span><\/td>\n<\/tr>\n<tr>\n<td><b><span>Style<\/span><\/b><\/td>\n<td><span>Double boutonnage<\/span><\/td>\n<\/tr>\n<tr>\n<td><b><span>Instructions de lavage<\/span><\/b><\/td>\n<td><span>Nettoyage professionnel uniquement<\/span><\/td>\n<\/tr>\n<\/tbody>\n<\/table>\n<p>&nbsp;<\/p>\n","protected":false},"excerpt":{"rendered":"<div class=\"product__tax caption rte\">\n<p><span>Le costume double style beige clair offre l&rsquo;\u00e9quilibre parfait entre \u00e9l\u00e9gance et sophistication. La couleur beige douce offre un look l\u00e9ger et frais qui convient \u00e0 diff\u00e9rentes occasions.<\/span><\/p>\n<p><span>Avec une finition de haute qualit\u00e9 et une coupe ajust\u00e9e, cette combinaison offre \u00e0 la fois style et confort. C&rsquo;est le choix id\u00e9al pour les mariages, les \u00e9v\u00e9nements d&rsquo;entreprise et autres occasions formelles.<\/span><\/p>\n<p>\u2702\ufe0f<span>Ajustement parfait, fait sp\u00e9cialement pour vous.<\/span><\/p>\n<p>\ud83d\udc54<span>Des conseils personnalis\u00e9s pour votre look unique.<\/span><\/p>\n<p>\ud83e\uddf5<span>Des mat\u00e9riaux de haute qualit\u00e9 pour un confort ultime.<\/span><\/p>\n<p>\ud83c\udfa8<span>\u00c9l\u00e9gant pour chaque occasion.<\/span><\/p>\n<p>\ud83c\udf81<span>Profitez d&rsquo;un cadeau gratuit \u00e0 chaque visite en magasin\u00a0!<\/span><\/p>\n<\/div>\n","protected":false},"featured_media":2544,"template":"","meta":{"_acf_changed":false},"product_brand":[],"product_cat":[131],"product_tag":[],"class_list":{"0":"post-4752","1":"product","2":"type-product","3":"status-publish","4":"has-post-thumbnail","6":"product_cat-imperial-kostuums","8":"first","9":"instock","10":"sale","11":"shipping-taxable","12":"purchasable","13":"product-type-simple"},"acf":[],"_links":{"self":[{"href":"https:\/\/www.lomoro.nl\/fr\/wp-json\/wp\/v2\/product\/4752","targetHints":{"allow":["GET"]}}],"collection":[{"href":"https:\/\/www.lomoro.nl\/fr\/wp-json\/wp\/v2\/product"}],"about":[{"href":"https:\/\/www.lomoro.nl\/fr\/wp-json\/wp\/v2\/types\/product"}],"wp:featuredmedia":[{"embeddable":true,"href":"https:\/\/www.lomoro.nl\/fr\/wp-json\/wp\/v2\/media\/2544"}],"wp:attachment":[{"href":"https:\/\/www.lomoro.nl\/fr\/wp-json\/wp\/v2\/media?parent=4752"}],"wp:term":[{"taxonomy":"product_brand","embeddable":true,"href":"https:\/\/www.lomoro.nl\/fr\/wp-json\/wp\/v2\/product_brand?post=4752"},{"taxonomy":"product_cat","embeddable":true,"href":"https:\/\/www.lomoro.nl\/fr\/wp-json\/wp\/v2\/product_cat?post=4752"},{"taxonomy":"product_tag","embeddable":true,"href":"https:\/\/www.lomoro.nl\/fr\/wp-json\/wp\/v2\/product_tag?post=4752"}],"curies":[{"name":"wp","href":"https:\/\/api.w.org\/{rel}","templated":true}]}}