{"id":4775,"date":"2024-12-17T09:32:59","date_gmt":"2024-12-17T09:32:59","guid":{"rendered":"https:\/\/lomoro.nl\/?post_type=product&#038;p=4775"},"modified":"2025-01-08T11:53:19","modified_gmt":"2025-01-08T11:53:19","slug":"handgemaakte-leren-laarzen-22","status":"publish","type":"product","link":"https:\/\/www.lomoro.nl\/fr\/products\/handgemaakte-leren-laarzen-22\/","title":{"rendered":"chaussures noires hommes"},"content":{"rendered":"<p><span>Ressentez le luxe et la qualit\u00e9 \u00e0 chaque \u00e9tape avec nos chaussures noires faites \u00e0 la main pour hommes. Soigneusement con\u00e7ue \u00e0 partir de mat\u00e9riaux haut de gamme, chaque paire de chaussures offre un look \u00e9l\u00e9gant et styl\u00e9 qui vous permettra de vous d\u00e9marquer en toute occasion. Nos chaussures noires de luxe faites \u00e0 la main pour hommes combinent un design \u00e9l\u00e9gant avec une qualit\u00e9 durable, vous laissant confiant et confortable toute la journ\u00e9e. Ces chaussures noires faites \u00e0 la main pour hommes sont parfaites pour les occasions formelles ou les tenues d\u00e9contract\u00e9es. Profitez du confort de nos confortables\u00a0\u00a0<\/span><a title=\"Chaussures noires faites \u00e0 la main pour hommes\" href=\"https:\/\/www.lomoro.nl\/de\/blogs\/nachricht\/herfst-winter-schoenen-heren-2024\" target=\"_blank\" rel=\"noopener\"><span>chaussures personnalis\u00e9es noires de cr\u00e9ateur pour hommes<\/span><\/a><span>\u00a0, qui feront passer votre look au niveau sup\u00e9rieur. D\u00e9couvrez l&rsquo;\u00e9l\u00e9gance tendance de nos chaussures noires de cr\u00e9ateur pour homme pour un look styl\u00e9, parfait en toute occasion.<\/span><\/p>\n<p><span>Les\u00a0<\/span><b><span>Black Shoes Men\u00a0<\/span><\/b><span>allient \u00e9l\u00e9gance et fonctionnalit\u00e9, ce qui en fait un choix id\u00e9al pour toute occasion. Fabriqu\u00e9es \u00e0 partir de cuir noir de premi\u00e8re qualit\u00e9, ces chaussures offrent un look sophistiqu\u00e9 qui ne se d\u00e9modera jamais. Non seulement ils sont \u00e9l\u00e9gants, mais ils sont \u00e9galement con\u00e7us pour garder vos pieds \u00e0 l&rsquo;aise toute la journ\u00e9e, gr\u00e2ce \u00e0 leur mat\u00e9riau respirant et \u00e0 leur construction de soutien.<\/span><\/p>\n<p><span>Que vous ayez une r\u00e9union formelle ou une journ\u00e9e d\u00e9contract\u00e9e au bureau, ces chaussures conviendront \u00e0 tous les looks. La semelle robuste et flexible offre une adh\u00e9rence et un confort suppl\u00e9mentaires, ce qui les rend parfaites pour un usage quotidien. Avec leur design \u00e9l\u00e9gant et leur finition durable, ils constituent un ajout incontournable \u00e0 votre collection de chaussures.<\/span><\/p>\n<table>\n<tbody>\n<tr>\n<td><b><span>Fonctionnalit\u00e9<\/span><\/b><\/td>\n<td><b><span>D\u00e9tails<\/span><\/b><\/td>\n<\/tr>\n<tr>\n<td><b><span>Mat\u00e9riel<\/span><\/b><\/td>\n<td><span>Cuir noir de haute qualit\u00e9<\/span><\/td>\n<\/tr>\n<tr>\n<td><b><span>Couleur<\/span><\/b><\/td>\n<td><span>Noir<\/span><\/td>\n<\/tr>\n<tr>\n<td><b><span>Copain<\/span><\/b><\/td>\n<td><span>Disponible en diff\u00e9rentes tailles<\/span><\/td>\n<\/tr>\n<tr>\n<td><b><span>Seul<\/span><\/b><\/td>\n<td><span>Semelle en caoutchouc souple<\/span><\/td>\n<\/tr>\n<tr>\n<td><b><span>Entretien<\/span><\/b><\/td>\n<td><span>Frotter r\u00e9guli\u00e8rement avec de la cr\u00e8me pour cuir<\/span><\/td>\n<\/tr>\n<\/tbody>\n<\/table>\n","protected":false},"excerpt":{"rendered":"<p><span>Les\u00a0<\/span><b><span>Black Shoes Men\u00a0<\/span><\/b><span>sont l\u2019exemple parfait de polyvalence et de sophistication. Avec leur design classique en cuir noir, ils conviennent \u00e0 une vari\u00e9t\u00e9 de styles, du formel au d\u00e9contract\u00e9. Ces chaussures offrent un confort ultime sans sacrifier le style.\u00a0<\/span><span>Fabriqu\u00e9s \u00e0 partir de cuir de haute qualit\u00e9, ils sont parfaits pour un usage quotidien et offrent une durabilit\u00e9 durable. Que vous alliez au bureau ou en soir\u00e9e, ces chaussures sont un incontournable de votre garde-robe.<\/span><\/p>\n<p>\u2702\ufe0f<span>Ajustement parfait, fait sp\u00e9cialement pour vous.<\/span><\/p>\n<p>\ud83d\udc54<span>Des conseils personnalis\u00e9s pour votre look unique.<\/span><\/p>\n<p>\ud83e\uddf5<span>Des mat\u00e9riaux de haute qualit\u00e9 pour un confort ultime.<\/span><\/p>\n<p>\ud83c\udfa8<span>\u00c9l\u00e9gant pour chaque occasion.<\/span><\/p>\n<p>\ud83c\udf81<span>Profitez d&rsquo;un cadeau gratuit \u00e0 chaque visite en magasin\u00a0!<\/span><\/p>\n","protected":false},"featured_media":2790,"template":"","meta":{"_acf_changed":false},"product_brand":[],"product_cat":[124],"product_tag":[],"class_list":{"0":"post-4775","1":"product","2":"type-product","3":"status-publish","4":"has-post-thumbnail","6":"product_cat-schoenen-collectie","8":"first","9":"instock","10":"sale","11":"shipping-taxable","12":"purchasable","13":"product-type-simple"},"acf":[],"_links":{"self":[{"href":"https:\/\/www.lomoro.nl\/fr\/wp-json\/wp\/v2\/product\/4775","targetHints":{"allow":["GET"]}}],"collection":[{"href":"https:\/\/www.lomoro.nl\/fr\/wp-json\/wp\/v2\/product"}],"about":[{"href":"https:\/\/www.lomoro.nl\/fr\/wp-json\/wp\/v2\/types\/product"}],"wp:featuredmedia":[{"embeddable":true,"href":"https:\/\/www.lomoro.nl\/fr\/wp-json\/wp\/v2\/media\/2790"}],"wp:attachment":[{"href":"https:\/\/www.lomoro.nl\/fr\/wp-json\/wp\/v2\/media?parent=4775"}],"wp:term":[{"taxonomy":"product_brand","embeddable":true,"href":"https:\/\/www.lomoro.nl\/fr\/wp-json\/wp\/v2\/product_brand?post=4775"},{"taxonomy":"product_cat","embeddable":true,"href":"https:\/\/www.lomoro.nl\/fr\/wp-json\/wp\/v2\/product_cat?post=4775"},{"taxonomy":"product_tag","embeddable":true,"href":"https:\/\/www.lomoro.nl\/fr\/wp-json\/wp\/v2\/product_tag?post=4775"}],"curies":[{"name":"wp","href":"https:\/\/api.w.org\/{rel}","templated":true}]}}