{"id":4786,"date":"2024-12-16T08:10:08","date_gmt":"2024-12-16T08:10:08","guid":{"rendered":"https:\/\/lomoro.nl\/?post_type=product&#038;p=4786"},"modified":"2025-01-08T12:20:49","modified_gmt":"2025-01-08T12:20:49","slug":"het-ultieme-pak-in-twee-stijlen-20","status":"publish","type":"product","link":"https:\/\/www.lomoro.nl\/fr\/products\/het-ultieme-pak-in-twee-stijlen-20\/","title":{"rendered":"Costumes Doubles Styles Vert Sauge"},"content":{"rendered":"<p><span>Le costume Sage Green Double Styles allie \u00e9l\u00e9gance intemporelle et look contemporain. La teinte verte subtile respire la sophistication et est id\u00e9ale pour les occasions sp\u00e9ciales telles que les mariages et les \u00e9v\u00e9nements d&rsquo;entreprise. Le mat\u00e9riau de haute qualit\u00e9 offre confort et sensation de luxe.<\/span><\/p>\n<p><span>Avec un design \u00e0 double boutonnage et une coupe parfaitement ajust\u00e9e, ce costume est con\u00e7u pour accentuer la silhouette. La couleur et le savoir-faire uniques en font un choix polyvalent pour les hommes qui souhaitent faire une impression durable.<\/span><\/p>\n<p>&nbsp;<\/p>\n<table>\n<tbody>\n<tr>\n<td><b><span>Fonctionnalit\u00e9<\/span><\/b><\/td>\n<td><b><span>D\u00e9tails<\/span><\/b><\/td>\n<\/tr>\n<tr>\n<td><b><span>Mat\u00e9riel<\/span><\/b><\/td>\n<td><span>M\u00e9lange de laine de haute qualit\u00e9<\/span><\/td>\n<\/tr>\n<tr>\n<td><b><span>Couleur<\/span><\/b><\/td>\n<td><span>Vert sauge<\/span><\/td>\n<\/tr>\n<tr>\n<td><b><span>Tailles disponibles<\/span><\/b><\/td>\n<td><span>Petites tailles 46-62 \/ Grandes tailles 58-72<\/span><\/td>\n<\/tr>\n<tr>\n<td><b><span>Ajuster<\/span><\/b><\/td>\n<td><span>Coupe ajust\u00e9e<\/span><\/td>\n<\/tr>\n<tr>\n<td><b><span>Style<\/span><\/b><\/td>\n<td><span>Double boutonnage<\/span><\/td>\n<\/tr>\n<tr>\n<td><b><span>Instructions de lavage<\/span><\/b><\/td>\n<td><span>Nettoyage professionnel recommand\u00e9<\/span><\/td>\n<\/tr>\n<\/tbody>\n<\/table>\n<p>&nbsp;<\/p>\n","protected":false},"excerpt":{"rendered":"<div class=\"product__tax caption rte\">\n<div class=\"product__tax caption rte\">\n<p><span>Le costume Sage Green Double Styles offre un \u00e9quilibre raffin\u00e9 entre classique et moderne. La douce couleur vert sauge offre un look \u00e9l\u00e9gant et distinctif.<\/span><\/p>\n<p><span>Avec un design \u00e0 double boutonnage et une coupe slim, ce costume est parfait pour les hommes qui appr\u00e9cient le style et le confort. Id\u00e9al pour les occasions formelles et semi-formelles.<\/span><\/p>\n<\/div>\n<p>\u2702\ufe0f<span>Ajustement parfait, fait sp\u00e9cialement pour vous.<\/span><\/p>\n<p>\ud83d\udc54<span>Des conseils personnalis\u00e9s pour votre look unique.<\/span><\/p>\n<p>\ud83e\uddf5<span>Des mat\u00e9riaux de haute qualit\u00e9 pour un confort ultime.<\/span><\/p>\n<p>\ud83c\udfa8<span>\u00c9l\u00e9gant pour chaque occasion.<\/span><\/p>\n<p>\ud83c\udf81<span>Profitez d&rsquo;un cadeau gratuit \u00e0 chaque visite en magasin\u00a0!<\/span><\/p>\n<\/div>\n","protected":false},"featured_media":2601,"template":"","meta":{"_acf_changed":false},"product_brand":[],"product_cat":[131],"product_tag":[],"class_list":{"0":"post-4786","1":"product","2":"type-product","3":"status-publish","4":"has-post-thumbnail","6":"product_cat-imperial-kostuums","8":"first","9":"instock","10":"sale","11":"shipping-taxable","12":"purchasable","13":"product-type-simple"},"acf":[],"_links":{"self":[{"href":"https:\/\/www.lomoro.nl\/fr\/wp-json\/wp\/v2\/product\/4786","targetHints":{"allow":["GET"]}}],"collection":[{"href":"https:\/\/www.lomoro.nl\/fr\/wp-json\/wp\/v2\/product"}],"about":[{"href":"https:\/\/www.lomoro.nl\/fr\/wp-json\/wp\/v2\/types\/product"}],"wp:featuredmedia":[{"embeddable":true,"href":"https:\/\/www.lomoro.nl\/fr\/wp-json\/wp\/v2\/media\/2601"}],"wp:attachment":[{"href":"https:\/\/www.lomoro.nl\/fr\/wp-json\/wp\/v2\/media?parent=4786"}],"wp:term":[{"taxonomy":"product_brand","embeddable":true,"href":"https:\/\/www.lomoro.nl\/fr\/wp-json\/wp\/v2\/product_brand?post=4786"},{"taxonomy":"product_cat","embeddable":true,"href":"https:\/\/www.lomoro.nl\/fr\/wp-json\/wp\/v2\/product_cat?post=4786"},{"taxonomy":"product_tag","embeddable":true,"href":"https:\/\/www.lomoro.nl\/fr\/wp-json\/wp\/v2\/product_tag?post=4786"}],"curies":[{"name":"wp","href":"https:\/\/api.w.org\/{rel}","templated":true}]}}