{"id":4813,"date":"2024-12-17T12:22:23","date_gmt":"2024-12-17T12:22:23","guid":{"rendered":"https:\/\/lomoro.nl\/?post_type=product&#038;p=4813"},"modified":"2025-01-09T07:35:14","modified_gmt":"2025-01-09T07:35:14","slug":"pak-11","status":"publish","type":"product","link":"https:\/\/www.lomoro.nl\/fr\/products\/pak-11\/","title":{"rendered":"Costume 3 pi\u00e8ces crois\u00e9 bleu marine"},"content":{"rendered":"<p><span>Le\u00a0<\/span><b><span>costume 3 pi\u00e8ces \u00e0 double boutonnage bleu marine\u00a0<\/span><\/b><span>allie style traditionnel et \u00e9l\u00e9gance moderne. Le design \u00e0 double boutonnage du blazer ajoute une touche de classe, tandis que le cardigan ajust\u00e9 et le pantalon parfaitement coup\u00e9 offrent un look complet et \u00e9pur\u00e9. Ce costume est id\u00e9al pour les r\u00e9unions d&rsquo;affaires, les mariages ou les \u00e9v\u00e9nements sp\u00e9ciaux.<\/span><\/p>\n<p><span>Le tissu luxueux offre non seulement un look haut de gamme, mais offre \u00e9galement la durabilit\u00e9 et le confort dont vous avez besoin pour un port \u00e0 long terme. Avec des tailles allant des petites tailles 46-62 aux grandes tailles 58-72, ce costume offre un ajustement parfait pour toute occasion.<\/span><\/p>\n<table>\n<tbody>\n<tr>\n<td><b><span>Fonctionnalit\u00e9<\/span><\/b><\/td>\n<td><b><span>D\u00e9tails<\/span><\/b><\/td>\n<\/tr>\n<tr>\n<td><b><span>Mat\u00e9riel<\/span><\/b><\/td>\n<td><span>M\u00e9lange de laine de haute qualit\u00e9<\/span><\/td>\n<\/tr>\n<tr>\n<td><b><span>Couleur<\/span><\/b><\/td>\n<td><span>bleu marine<\/span><\/td>\n<\/tr>\n<tr>\n<td><b><span>Style<\/span><\/b><\/td>\n<td><span>3 pi\u00e8ces avec double rang\u00e9e de boutons<\/span><\/td>\n<\/tr>\n<tr>\n<td><b><span>Tailles disponibles<\/span><\/b><\/td>\n<td><span>Petites tailles 46-62 \/ Grandes tailles 58-72<\/span><\/td>\n<\/tr>\n<tr>\n<td><b><span>Ajuster<\/span><\/b><\/td>\n<td><span>Coupe slim pour un look contemporain<\/span><\/td>\n<\/tr>\n<tr>\n<td><b><span>Instructions de lavage<\/span><\/b><\/td>\n<td><span>Nettoyage \u00e0 sec uniquement<\/span><\/td>\n<\/tr>\n<\/tbody>\n<\/table>\n","protected":false},"excerpt":{"rendered":"<p><span>Le\u00a0<\/span><b><span>costume 3 pi\u00e8ces bleu marine \u00e0 double boutonnage\u00a0<\/span><\/b><span>d\u00e9gage une \u00e9l\u00e9gance intemporelle, parfait pour les occasions formelles et les \u00e9v\u00e9nements \u00e9l\u00e9gants. Le design slim fit et les boutons classiques \u00e0 double boutonnage offrent un look raffin\u00e9. Fabriqu\u00e9 \u00e0 partir de tissu de haute qualit\u00e9, ce costume offre un confort et une durabilit\u00e9 ultimes. Disponible dans les petites tailles 46-62 et les grandes tailles 58-72, il s&rsquo;adapte donc \u00e0 une large gamme de morphologies.<\/span><\/p>\n<p>\u2702\ufe0f<span>Ajustement parfait, fait sp\u00e9cialement pour vous.<\/span><\/p>\n<p>\ud83d\udc54<span>Des conseils personnalis\u00e9s pour votre look unique.<\/span><\/p>\n<p>\ud83e\uddf5<span>Des mat\u00e9riaux de haute qualit\u00e9 pour un confort ultime.<\/span><\/p>\n<p>\ud83c\udfa8<span>\u00c9l\u00e9gant pour chaque occasion.<\/span><\/p>\n<p>\ud83c\udf81<span>Profitez d&rsquo;un cadeau gratuit \u00e0 chaque visite en magasin\u00a0!<\/span><\/p>\n","protected":false},"featured_media":2892,"template":"","meta":{"_acf_changed":false},"product_brand":[],"product_cat":[137],"product_tag":[],"class_list":{"0":"post-4813","1":"product","2":"type-product","3":"status-publish","4":"has-post-thumbnail","6":"product_cat-outlet","8":"first","9":"instock","10":"sale","11":"shipping-taxable","12":"purchasable","13":"product-type-simple"},"acf":[],"_links":{"self":[{"href":"https:\/\/www.lomoro.nl\/fr\/wp-json\/wp\/v2\/product\/4813","targetHints":{"allow":["GET"]}}],"collection":[{"href":"https:\/\/www.lomoro.nl\/fr\/wp-json\/wp\/v2\/product"}],"about":[{"href":"https:\/\/www.lomoro.nl\/fr\/wp-json\/wp\/v2\/types\/product"}],"wp:featuredmedia":[{"embeddable":true,"href":"https:\/\/www.lomoro.nl\/fr\/wp-json\/wp\/v2\/media\/2892"}],"wp:attachment":[{"href":"https:\/\/www.lomoro.nl\/fr\/wp-json\/wp\/v2\/media?parent=4813"}],"wp:term":[{"taxonomy":"product_brand","embeddable":true,"href":"https:\/\/www.lomoro.nl\/fr\/wp-json\/wp\/v2\/product_brand?post=4813"},{"taxonomy":"product_cat","embeddable":true,"href":"https:\/\/www.lomoro.nl\/fr\/wp-json\/wp\/v2\/product_cat?post=4813"},{"taxonomy":"product_tag","embeddable":true,"href":"https:\/\/www.lomoro.nl\/fr\/wp-json\/wp\/v2\/product_tag?post=4813"}],"curies":[{"name":"wp","href":"https:\/\/api.w.org\/{rel}","templated":true}]}}