{"id":4820,"date":"2024-12-17T12:27:41","date_gmt":"2024-12-17T12:27:41","guid":{"rendered":"https:\/\/lomoro.nl\/?post_type=product&#038;p=4820"},"modified":"2025-01-09T08:08:04","modified_gmt":"2025-01-09T08:08:04","slug":"pak-13","status":"publish","type":"product","link":"https:\/\/www.lomoro.nl\/fr\/products\/pak-13\/","title":{"rendered":"Costume 3 pi\u00e8ces crois\u00e9 bleu marine"},"content":{"rendered":"<p><span>Le\u00a0<\/span><b><span>costume 3 pi\u00e8ces \u00e0 double boutonnage bleu marine\u00a0<\/span><\/b><span>est un exemple de classe intemporelle et de savoir-faire \u00e9l\u00e9gant. Le blazer \u00e0 double boutonnage est compl\u00e9t\u00e9 par un \u00e9l\u00e9gant cardigan et un pantalon slim, ce qui rend ce costume id\u00e9al pour les \u00e9v\u00e9nements formels, les r\u00e9unions d&rsquo;affaires et les occasions sp\u00e9ciales. Le design bleu marine respire la confiance et la sophistication.<\/span><\/p>\n<p><span>En mettant l&rsquo;accent sur le confort et la durabilit\u00e9, ce costume est fabriqu\u00e9 \u00e0 partir d&rsquo;un m\u00e9lange de laine luxueux qui est doux au toucher et dure longtemps. La silhouette ajust\u00e9e met l&rsquo;accent sur un look moderne, tandis que les options de tailles \u2013 petites tailles 46-62 et grandes tailles 58-72 \u2013 garantissent un ajustement parfait pour chaque homme.<\/span><\/p>\n<table>\n<tbody>\n<tr>\n<td><b><span>Fonctionnalit\u00e9<\/span><\/b><\/td>\n<td><b><span>D\u00e9tails<\/span><\/b><\/td>\n<\/tr>\n<tr>\n<td><b><span>Mat\u00e9riel<\/span><\/b><\/td>\n<td><span>M\u00e9lange de laine de luxe<\/span><\/td>\n<\/tr>\n<tr>\n<td><b><span>Couleur<\/span><\/b><\/td>\n<td><span>bleu marine<\/span><\/td>\n<\/tr>\n<tr>\n<td><b><span>Style<\/span><\/b><\/td>\n<td><span>3 pi\u00e8ces avec double rang\u00e9e de boutons<\/span><\/td>\n<\/tr>\n<tr>\n<td><b><span>Tailles disponibles<\/span><\/b><\/td>\n<td><span>Petites tailles 46-62 \/ Grandes tailles 58-72<\/span><\/td>\n<\/tr>\n<tr>\n<td><b><span>Ajuster<\/span><\/b><\/td>\n<td><span>Coupe ajust\u00e9e<\/span><\/td>\n<\/tr>\n<tr>\n<td><b><span>Instructions de lavage<\/span><\/b><\/td>\n<td><span>Nettoyage \u00e0 sec uniquement<\/span><\/td>\n<\/tr>\n<\/tbody>\n<\/table>\n","protected":false},"excerpt":{"rendered":"<p><span>Le\u00a0<\/span><b><span>costume 3 pi\u00e8ces \u00e0 double boutonnage bleu marine\u00a0<\/span><\/b><span>allie \u00e9l\u00e9gance classique et coupe moderne. Son design sophistiqu\u00e9 \u00e0 double boutonnage en fait un choix parfait pour toute occasion formelle.<\/span><\/p>\n<p><span>Fabriqu\u00e9 \u00e0 partir de mat\u00e9riaux de haute qualit\u00e9, ce costume offre \u00e0 la fois style et confort. Disponible dans les petites tailles 46-62 et les grandes tailles 58-72, pour que chaque homme puisse b\u00e9n\u00e9ficier d&rsquo;un ajustement parfait.<\/span><\/p>\n<p>\u2702\ufe0f<span>Ajustement parfait, fait sp\u00e9cialement pour vous.<\/span><\/p>\n<p>\ud83d\udc54<span>Des conseils personnalis\u00e9s pour votre look unique.<\/span><\/p>\n<p>\ud83e\uddf5<span>Des mat\u00e9riaux de haute qualit\u00e9 pour un confort ultime.<\/span><\/p>\n<p>\ud83c\udfa8<span>\u00c9l\u00e9gant pour chaque occasion.<\/span><\/p>\n<p>\ud83c\udf81<span>Profitez d&rsquo;un cadeau gratuit \u00e0 chaque visite en magasin\u00a0!<\/span><\/p>\n","protected":false},"featured_media":2898,"template":"","meta":{"_acf_changed":false},"product_brand":[],"product_cat":[137],"product_tag":[],"class_list":{"0":"post-4820","1":"product","2":"type-product","3":"status-publish","4":"has-post-thumbnail","6":"product_cat-outlet","8":"first","9":"instock","10":"sale","11":"shipping-taxable","12":"purchasable","13":"product-type-simple"},"acf":[],"_links":{"self":[{"href":"https:\/\/www.lomoro.nl\/fr\/wp-json\/wp\/v2\/product\/4820","targetHints":{"allow":["GET"]}}],"collection":[{"href":"https:\/\/www.lomoro.nl\/fr\/wp-json\/wp\/v2\/product"}],"about":[{"href":"https:\/\/www.lomoro.nl\/fr\/wp-json\/wp\/v2\/types\/product"}],"wp:featuredmedia":[{"embeddable":true,"href":"https:\/\/www.lomoro.nl\/fr\/wp-json\/wp\/v2\/media\/2898"}],"wp:attachment":[{"href":"https:\/\/www.lomoro.nl\/fr\/wp-json\/wp\/v2\/media?parent=4820"}],"wp:term":[{"taxonomy":"product_brand","embeddable":true,"href":"https:\/\/www.lomoro.nl\/fr\/wp-json\/wp\/v2\/product_brand?post=4820"},{"taxonomy":"product_cat","embeddable":true,"href":"https:\/\/www.lomoro.nl\/fr\/wp-json\/wp\/v2\/product_cat?post=4820"},{"taxonomy":"product_tag","embeddable":true,"href":"https:\/\/www.lomoro.nl\/fr\/wp-json\/wp\/v2\/product_tag?post=4820"}],"curies":[{"name":"wp","href":"https:\/\/api.w.org\/{rel}","templated":true}]}}