{"id":4826,"date":"2024-12-17T12:33:07","date_gmt":"2024-12-17T12:33:07","guid":{"rendered":"https:\/\/lomoro.nl\/?post_type=product&#038;p=4826"},"modified":"2025-01-09T08:26:02","modified_gmt":"2025-01-09T08:26:02","slug":"pak-15","status":"publish","type":"product","link":"https:\/\/www.lomoro.nl\/fr\/products\/pak-15\/","title":{"rendered":"Ensemble trois pi\u00e8ces avec gilet crois\u00e9 The Navy"},"content":{"rendered":"<p><span>Le\u00a0<\/span><b><span>gilet crois\u00e9 trois pi\u00e8ces De Navy\u00a0<\/span><\/b><span>est un chef-d&rsquo;\u0153uvre intemporel qui allie classe et modernit\u00e9. Le costume trois pi\u00e8ces bleu marine comprend un blazer, un gilet crois\u00e9 et un pantalon assorti, ce qui en fait un choix polyvalent pour les \u00e9v\u00e9nements formels et les r\u00e9unions d&rsquo;affaires. Le tissu de haute qualit\u00e9 garantit \u00e0 la fois confort et aspect luxueux.<\/span><\/p>\n<p><span>Cet \u00e9l\u00e9gant costume est disponible dans les petites tailles 46-62 et les grandes tailles 58-72, ce qui le rend adapt\u00e9 \u00e0 diff\u00e9rentes morphologies. Avec une coupe ajust\u00e9e et une finition raffin\u00e9e, ce costume offre un style impeccable qui fait impression, que vous fassiez une pr\u00e9sentation ou assistiez \u00e0 une occasion sp\u00e9ciale.<\/span><\/p>\n<table>\n<tbody>\n<tr>\n<td><b><span>Fonctionnalit\u00e9<\/span><\/b><\/td>\n<td><b><span>D\u00e9tails<\/span><\/b><\/td>\n<\/tr>\n<tr>\n<td><b><span>Mat\u00e9riel<\/span><\/b><\/td>\n<td><span>M\u00e9lange de laine de qualit\u00e9 sup\u00e9rieure<\/span><\/td>\n<\/tr>\n<tr>\n<td><b><span>Couleur<\/span><\/b><\/td>\n<td><span>bleu marine<\/span><\/td>\n<\/tr>\n<tr>\n<td><b><span>Style<\/span><\/b><\/td>\n<td><span>Trois pi\u00e8ces avec cardigan crois\u00e9<\/span><\/td>\n<\/tr>\n<tr>\n<td><b><span>Tailles disponibles<\/span><\/b><\/td>\n<td><span>Petites tailles 46-62 \/ Grandes tailles 58-72<\/span><\/td>\n<\/tr>\n<tr>\n<td><b><span>Ajuster<\/span><\/b><\/td>\n<td><span>Coupe ajust\u00e9e<\/span><\/td>\n<\/tr>\n<tr>\n<td><b><span>Instructions de lavage<\/span><\/b><\/td>\n<td><span>Nettoyage \u00e0 sec uniquement<\/span><\/td>\n<\/tr>\n<\/tbody>\n<\/table>\n","protected":false},"excerpt":{"rendered":"<p><span>Le\u00a0<\/span><b><span>gilet crois\u00e9 trois pi\u00e8ces De Navy\u00a0<\/span><\/b><span>offre un choix sophistiqu\u00e9 et \u00e9l\u00e9gant pour toute occasion formelle. Le design bleu marine respire l&rsquo;\u00e9l\u00e9gance, tandis que le cardigan \u00e0 double boutonnage donne un look classique.<\/span><\/p>\n<p><span>Avec une coupe confortable et des mat\u00e9riaux de haute qualit\u00e9, cette combinaison est id\u00e9ale pour une utilisation \u00e0 long terme. Disponible dans les petites tailles 46-62 et les grandes tailles 58-72, con\u00e7ues pour un ajustement parfait et un confort \u00e9l\u00e9gant.<\/span><\/p>\n<p>\u2702\ufe0f<span>Ajustement parfait, fait sp\u00e9cialement pour vous.<\/span><\/p>\n<p>\ud83d\udc54<span>Des conseils personnalis\u00e9s pour votre look unique.<\/span><\/p>\n<p>\ud83e\uddf5<span>Des mat\u00e9riaux de haute qualit\u00e9 pour un confort ultime.<\/span><\/p>\n<p>\ud83c\udfa8<span>\u00c9l\u00e9gant pour chaque occasion.<\/span><\/p>\n<p>\ud83c\udf81<span>Profitez d&rsquo;un cadeau gratuit \u00e0 chaque visite en magasin\u00a0!<\/span><\/p>\n","protected":false},"featured_media":2904,"template":"","meta":{"_acf_changed":false},"product_brand":[],"product_cat":[137],"product_tag":[],"class_list":{"0":"post-4826","1":"product","2":"type-product","3":"status-publish","4":"has-post-thumbnail","6":"product_cat-outlet","8":"first","9":"instock","10":"sale","11":"shipping-taxable","12":"purchasable","13":"product-type-simple"},"acf":[],"_links":{"self":[{"href":"https:\/\/www.lomoro.nl\/fr\/wp-json\/wp\/v2\/product\/4826","targetHints":{"allow":["GET"]}}],"collection":[{"href":"https:\/\/www.lomoro.nl\/fr\/wp-json\/wp\/v2\/product"}],"about":[{"href":"https:\/\/www.lomoro.nl\/fr\/wp-json\/wp\/v2\/types\/product"}],"wp:featuredmedia":[{"embeddable":true,"href":"https:\/\/www.lomoro.nl\/fr\/wp-json\/wp\/v2\/media\/2904"}],"wp:attachment":[{"href":"https:\/\/www.lomoro.nl\/fr\/wp-json\/wp\/v2\/media?parent=4826"}],"wp:term":[{"taxonomy":"product_brand","embeddable":true,"href":"https:\/\/www.lomoro.nl\/fr\/wp-json\/wp\/v2\/product_brand?post=4826"},{"taxonomy":"product_cat","embeddable":true,"href":"https:\/\/www.lomoro.nl\/fr\/wp-json\/wp\/v2\/product_cat?post=4826"},{"taxonomy":"product_tag","embeddable":true,"href":"https:\/\/www.lomoro.nl\/fr\/wp-json\/wp\/v2\/product_tag?post=4826"}],"curies":[{"name":"wp","href":"https:\/\/api.w.org\/{rel}","templated":true}]}}