{"id":4837,"date":"2024-12-17T12:41:46","date_gmt":"2024-12-17T12:41:46","guid":{"rendered":"https:\/\/lomoro.nl\/?post_type=product&#038;p=4837"},"modified":"2025-01-09T09:11:34","modified_gmt":"2025-01-09T09:11:34","slug":"pak-19","status":"publish","type":"product","link":"https:\/\/www.lomoro.nl\/fr\/products\/pak-19\/","title":{"rendered":"Costume gris anthracite \u00e0 fines rayures, gilet et cravate"},"content":{"rendered":"<p><span>Le\u00a0<\/span><b><span>costume, gilet et cravate gris anthracite \u00e0 fines rayures\u00a0<\/span><\/b><span>est l&rsquo;incarnation du luxe et du savoir-faire. Les fines rayures classiques conf\u00e8rent au costume un look raffin\u00e9, tandis que la coupe slim apporte une touche moderne. Cet ensemble trois pi\u00e8ces comprend un blazer, un gilet et une cravate assortie, id\u00e9al pour les \u00e9v\u00e9nements formels et les r\u00e9unions d&rsquo;affaires.<\/span><\/p>\n<p><span>Avec des tailles allant des petites tailles 46-62 aux grandes tailles 58-72, ce costume offre confort et style aux hommes de toutes morphologies. La finition de haute qualit\u00e9 et le tissu durable en font un investissement qui durera des ann\u00e9es. Choisissez ce costume pour faire une impression durable avec votre look.<\/span><\/p>\n<table>\n<tbody>\n<tr>\n<td><b><span>Fonctionnalit\u00e9<\/span><\/b><\/td>\n<td><b><span>D\u00e9tails<\/span><\/b><\/td>\n<\/tr>\n<tr>\n<td><b><span>Mat\u00e9riel<\/span><\/b><\/td>\n<td><span>M\u00e9lange de laine de luxe<\/span><\/td>\n<\/tr>\n<tr>\n<td><b><span>Couleur<\/span><\/b><\/td>\n<td><span>Gris anthracite \u00e0 fines rayures<\/span><\/td>\n<\/tr>\n<tr>\n<td><b><span>Style<\/span><\/b><\/td>\n<td><span>Trois pi\u00e8ces avec gilet et cravate<\/span><\/td>\n<\/tr>\n<tr>\n<td><b><span>Tailles disponibles<\/span><\/b><\/td>\n<td><span>Petites tailles 46-62 \/ Grandes tailles 58-72<\/span><\/td>\n<\/tr>\n<tr>\n<td><b><span>Ajuster<\/span><\/b><\/td>\n<td><span>Coupe ajust\u00e9e<\/span><\/td>\n<\/tr>\n<tr>\n<td><b><span>Instructions de lavage<\/span><\/b><\/td>\n<td><span>Nettoyage \u00e0 sec uniquement<\/span><\/td>\n<\/tr>\n<\/tbody>\n<\/table>\n","protected":false},"excerpt":{"rendered":"<p><span>Le\u00a0<\/span><b><span>costume, gilet et cravate gris anthracite \u00e0 fines rayures\u00a0<\/span><\/b><span>est un choix intemporel pour les hommes \u00e9l\u00e9gants. Avec un motif classique \u00e0 fines rayures et une coupe moderne, ce costume offre un m\u00e9lange parfait de tradition et d&rsquo;\u00e9l\u00e9gance contemporaine.<\/span><\/p>\n<p><span>Ce costume se pr\u00e9sente sous la forme d&rsquo;un ensemble complet comprenant un blazer, un gilet et une cravate, con\u00e7u pour une sophistication ultime. Disponible dans les petites tailles 46-62 et les grandes tailles 58-72, un ajustement parfait pour chaque homme.<\/span><\/p>\n<p>\u2702\ufe0f<span>Ajustement parfait, fait sp\u00e9cialement pour vous.<\/span><\/p>\n<p>\ud83d\udc54<span>Des conseils personnalis\u00e9s pour votre look unique.<\/span><\/p>\n<p>\ud83e\uddf5<span>Des mat\u00e9riaux de haute qualit\u00e9 pour un confort ultime.<\/span><\/p>\n<p>\ud83c\udfa8<span>\u00c9l\u00e9gant pour chaque occasion.<\/span><\/p>\n<p>\ud83c\udf81<span>Profitez d&rsquo;un cadeau gratuit \u00e0 chaque visite en magasin\u00a0!<\/span><\/p>\n","protected":false},"featured_media":2916,"template":"","meta":{"_acf_changed":false},"product_brand":[],"product_cat":[137],"product_tag":[],"class_list":{"0":"post-4837","1":"product","2":"type-product","3":"status-publish","4":"has-post-thumbnail","6":"product_cat-outlet","8":"first","9":"instock","10":"sale","11":"shipping-taxable","12":"purchasable","13":"product-type-simple"},"acf":[],"_links":{"self":[{"href":"https:\/\/www.lomoro.nl\/fr\/wp-json\/wp\/v2\/product\/4837","targetHints":{"allow":["GET"]}}],"collection":[{"href":"https:\/\/www.lomoro.nl\/fr\/wp-json\/wp\/v2\/product"}],"about":[{"href":"https:\/\/www.lomoro.nl\/fr\/wp-json\/wp\/v2\/types\/product"}],"wp:featuredmedia":[{"embeddable":true,"href":"https:\/\/www.lomoro.nl\/fr\/wp-json\/wp\/v2\/media\/2916"}],"wp:attachment":[{"href":"https:\/\/www.lomoro.nl\/fr\/wp-json\/wp\/v2\/media?parent=4837"}],"wp:term":[{"taxonomy":"product_brand","embeddable":true,"href":"https:\/\/www.lomoro.nl\/fr\/wp-json\/wp\/v2\/product_brand?post=4837"},{"taxonomy":"product_cat","embeddable":true,"href":"https:\/\/www.lomoro.nl\/fr\/wp-json\/wp\/v2\/product_cat?post=4837"},{"taxonomy":"product_tag","embeddable":true,"href":"https:\/\/www.lomoro.nl\/fr\/wp-json\/wp\/v2\/product_tag?post=4837"}],"curies":[{"name":"wp","href":"https:\/\/api.w.org\/{rel}","templated":true}]}}