{"id":4840,"date":"2024-12-17T12:44:40","date_gmt":"2024-12-17T12:44:40","guid":{"rendered":"https:\/\/lomoro.nl\/?post_type=product&#038;p=4840"},"modified":"2025-01-09T09:24:05","modified_gmt":"2025-01-09T09:24:05","slug":"pak-20","status":"publish","type":"product","link":"https:\/\/www.lomoro.nl\/fr\/products\/pak-20\/","title":{"rendered":"Costume crois\u00e9 gris et pantalon"},"content":{"rendered":"<p><span>Le\u00a0<\/span><b><span>costume et le pantalon gris \u00e0 double boutonnage\u00a0<\/span><\/b><span>sont un parfait exemple de v\u00eatements masculins raffin\u00e9s. Fabriqu\u00e9 \u00e0 partir de tissus de haute qualit\u00e9, ce costume offre un look luxueux et un confort optimal. Le design \u00e0 double boutonnage ajoute une touche de classe traditionnelle, tandis que la coupe slim offre un look moderne. La couleur grise en fait un choix polyvalent pour toutes sortes d&rsquo;occasions, des r\u00e9unions d&rsquo;affaires aux \u00e9v\u00e9nements festifs.<\/span><\/p>\n<p><span>Disponible dans les petites tailles 46-62 et les grandes tailles 58-72, ce costume offre un ajustement parfait aux hommes de diff\u00e9rentes morphologies. L&rsquo;attention port\u00e9e aux d\u00e9tails dans le design et la finition en fait un ajout indispensable \u00e0 votre garde-robe. Choisissez cet \u00e9l\u00e9gant costume deux pi\u00e8ces et faites une impression durable.<\/span><\/p>\n<table>\n<tbody>\n<tr>\n<td><b><span>Fonctionnalit\u00e9<\/span><\/b><\/td>\n<td><b><span>D\u00e9tails<\/span><\/b><\/td>\n<\/tr>\n<tr>\n<td><b><span>Mat\u00e9riel<\/span><\/b><\/td>\n<td><span>M\u00e9lange de laine de luxe<\/span><\/td>\n<\/tr>\n<tr>\n<td><b><span>Couleur<\/span><\/b><\/td>\n<td><span>Gris<\/span><\/td>\n<\/tr>\n<tr>\n<td><b><span>Style<\/span><\/b><\/td>\n<td><span>Deux pi\u00e8ces avec double rang\u00e9e de boutons<\/span><\/td>\n<\/tr>\n<tr>\n<td><b><span>Tailles disponibles<\/span><\/b><\/td>\n<td><span>Petites tailles 46-62 \/ Grandes tailles 58-72<\/span><\/td>\n<\/tr>\n<tr>\n<td><b><span>Ajuster<\/span><\/b><\/td>\n<td><span>Coupe ajust\u00e9e<\/span><\/td>\n<\/tr>\n<tr>\n<td><b><span>Instructions de lavage<\/span><\/b><\/td>\n<td><span>Nettoyage \u00e0 sec uniquement<\/span><\/td>\n<\/tr>\n<\/tbody>\n<\/table>\n","protected":false},"excerpt":{"rendered":"<div class=\"product__tax caption rte\"><span>Le\u00a0<\/span><b><span>costume et le pantalon gris \u00e0 double boutonnage\u00a0<\/span><\/b><span>offrent une combinaison \u00e9l\u00e9gante d&rsquo;\u00e9l\u00e9gance intemporelle et de sophistication moderne. Avec sa couleur grise classique et sa coupe soigneusement con\u00e7ue, ce costume est id\u00e9al pour les occasions formelles et professionnelles. Ce costume deux pi\u00e8ces se compose d&rsquo;un blazer crois\u00e9 et d&rsquo;un pantalon parfaitement assorti.\u00a0<\/span><\/div>\n<div>\n<p>\u2702\ufe0f<span>Ajustement parfait, fait sp\u00e9cialement pour vous.<\/span><\/p>\n<p>\ud83d\udc54<span>Des conseils personnalis\u00e9s pour votre look unique.<\/span><\/p>\n<p>\ud83e\uddf5<span>Des mat\u00e9riaux de haute qualit\u00e9 pour un confort ultime.<\/span><\/p>\n<p>\ud83c\udfa8<span>\u00c9l\u00e9gant pour chaque occasion.<\/span><\/p>\n<p>\ud83c\udf81<span>Profitez d&rsquo;un cadeau gratuit \u00e0 chaque visite en magasin\u00a0!<\/span><\/p>\n<\/div>\n","protected":false},"featured_media":2919,"template":"","meta":{"_acf_changed":false},"product_brand":[],"product_cat":[137],"product_tag":[],"class_list":{"0":"post-4840","1":"product","2":"type-product","3":"status-publish","4":"has-post-thumbnail","6":"product_cat-outlet","8":"first","9":"instock","10":"sale","11":"shipping-taxable","12":"purchasable","13":"product-type-simple"},"acf":[],"_links":{"self":[{"href":"https:\/\/www.lomoro.nl\/fr\/wp-json\/wp\/v2\/product\/4840","targetHints":{"allow":["GET"]}}],"collection":[{"href":"https:\/\/www.lomoro.nl\/fr\/wp-json\/wp\/v2\/product"}],"about":[{"href":"https:\/\/www.lomoro.nl\/fr\/wp-json\/wp\/v2\/types\/product"}],"wp:featuredmedia":[{"embeddable":true,"href":"https:\/\/www.lomoro.nl\/fr\/wp-json\/wp\/v2\/media\/2919"}],"wp:attachment":[{"href":"https:\/\/www.lomoro.nl\/fr\/wp-json\/wp\/v2\/media?parent=4840"}],"wp:term":[{"taxonomy":"product_brand","embeddable":true,"href":"https:\/\/www.lomoro.nl\/fr\/wp-json\/wp\/v2\/product_brand?post=4840"},{"taxonomy":"product_cat","embeddable":true,"href":"https:\/\/www.lomoro.nl\/fr\/wp-json\/wp\/v2\/product_cat?post=4840"},{"taxonomy":"product_tag","embeddable":true,"href":"https:\/\/www.lomoro.nl\/fr\/wp-json\/wp\/v2\/product_tag?post=4840"}],"curies":[{"name":"wp","href":"https:\/\/api.w.org\/{rel}","templated":true}]}}