{"id":4843,"date":"2024-12-17T12:46:46","date_gmt":"2024-12-17T12:46:46","guid":{"rendered":"https:\/\/lomoro.nl\/?post_type=product&#038;p=4843"},"modified":"2025-01-09T09:31:31","modified_gmt":"2025-01-09T09:31:31","slug":"pak-21","status":"publish","type":"product","link":"https:\/\/www.lomoro.nl\/fr\/products\/pak-21\/","title":{"rendered":"Costume 3 pi\u00e8ces gris clair avec gilet crois\u00e9"},"content":{"rendered":"<p><span>Le\u00a0<\/span><b><span>costume 3 pi\u00e8ces gris clair avec gilet crois\u00e9\u00a0<\/span><\/b><span>est un choix intemporel pour les hommes qui aiment un look raffin\u00e9 et styl\u00e9. Ce costume se compose d&rsquo;un blazer, d&rsquo;un gilet crois\u00e9 et d&rsquo;un pantalon assorti, con\u00e7us avec un souci du d\u00e9tail et du savoir-faire. La nuance claire de gris d\u00e9gage un luxe subtil et est parfaite pour les mariages, les \u00e9v\u00e9nements d&rsquo;entreprise et autres occasions sp\u00e9ciales.<\/span><\/p>\n<p><span>Disponible dans les petites tailles 46-62 et les grandes tailles 58-72, cette combinaison offre un excellent ajustement et une grande polyvalence. Le gilet crois\u00e9 ajoute une touche classique, tandis que la coupe moderne garantit un look contemporain. Ce costume allie sans effort confort et style, ce qui en fait un incontournable de toute garde-robe.<\/span><\/p>\n<table>\n<tbody>\n<tr>\n<td><b><span>Fonctionnalit\u00e9<\/span><\/b><\/td>\n<td><b><span>D\u00e9tails<\/span><\/b><\/td>\n<\/tr>\n<tr>\n<td><b><span>Mat\u00e9riel<\/span><\/b><\/td>\n<td><span>M\u00e9lange de laine de qualit\u00e9 sup\u00e9rieure<\/span><\/td>\n<\/tr>\n<tr>\n<td><b><span>Couleur<\/span><\/b><\/td>\n<td><span>Gris clair<\/span><\/td>\n<\/tr>\n<tr>\n<td><b><span>Style<\/span><\/b><\/td>\n<td><span>Trois pi\u00e8ces avec gilet crois\u00e9<\/span><\/td>\n<\/tr>\n<tr>\n<td><b><span>Tailles disponibles<\/span><\/b><\/td>\n<td><span>Petites tailles 46-62 \/ Grandes tailles 58-72<\/span><\/td>\n<\/tr>\n<tr>\n<td><b><span>Ajuster<\/span><\/b><\/td>\n<td><span>Coupe ajust\u00e9e<\/span><\/td>\n<\/tr>\n<tr>\n<td><b><span>Instructions de lavage<\/span><\/b><\/td>\n<td><span>Nettoyage \u00e0 sec uniquement<\/span><\/td>\n<\/tr>\n<\/tbody>\n<\/table>\n","protected":false},"excerpt":{"rendered":"<div class=\"product__tax caption rte\"><span>Le\u00a0<\/span><b><span>costume 3 pi\u00e8ces gris clair avec gilet crois\u00e9\u00a0<\/span><\/b><span>respire la sophistication et l&rsquo;\u00e9l\u00e9gance, id\u00e9al pour les occasions formelles. La douce teinte gris clair ajoute un look moderne et frais \u00e0 n&rsquo;importe quelle tenue. Avec une coupe slim pr\u00e8s du corps et des d\u00e9tails soigneusement \u00e9tudi\u00e9s, ce costume trois pi\u00e8ces offre un \u00e9quilibre parfait entre style et confort.\u00a0<\/span><\/div>\n<div>\n<p>\u2702\ufe0f<span>Ajustement parfait, fait sp\u00e9cialement pour vous.<\/span><\/p>\n<p>\ud83d\udc54<span>Des conseils personnalis\u00e9s pour votre look unique.<\/span><\/p>\n<p>\ud83e\uddf5<span>Des mat\u00e9riaux de haute qualit\u00e9 pour un confort ultime.<\/span><\/p>\n<p>\ud83c\udfa8<span>\u00c9l\u00e9gant pour chaque occasion.<\/span><\/p>\n<p>\ud83c\udf81<span>Profitez d&rsquo;un cadeau gratuit \u00e0 chaque visite en magasin\u00a0!<\/span><\/p>\n<\/div>\n","protected":false},"featured_media":2922,"template":"","meta":{"_acf_changed":false},"product_brand":[],"product_cat":[137],"product_tag":[],"class_list":{"0":"post-4843","1":"product","2":"type-product","3":"status-publish","4":"has-post-thumbnail","6":"product_cat-outlet","8":"first","9":"instock","10":"sale","11":"shipping-taxable","12":"purchasable","13":"product-type-simple"},"acf":[],"_links":{"self":[{"href":"https:\/\/www.lomoro.nl\/fr\/wp-json\/wp\/v2\/product\/4843","targetHints":{"allow":["GET"]}}],"collection":[{"href":"https:\/\/www.lomoro.nl\/fr\/wp-json\/wp\/v2\/product"}],"about":[{"href":"https:\/\/www.lomoro.nl\/fr\/wp-json\/wp\/v2\/types\/product"}],"wp:featuredmedia":[{"embeddable":true,"href":"https:\/\/www.lomoro.nl\/fr\/wp-json\/wp\/v2\/media\/2922"}],"wp:attachment":[{"href":"https:\/\/www.lomoro.nl\/fr\/wp-json\/wp\/v2\/media?parent=4843"}],"wp:term":[{"taxonomy":"product_brand","embeddable":true,"href":"https:\/\/www.lomoro.nl\/fr\/wp-json\/wp\/v2\/product_brand?post=4843"},{"taxonomy":"product_cat","embeddable":true,"href":"https:\/\/www.lomoro.nl\/fr\/wp-json\/wp\/v2\/product_cat?post=4843"},{"taxonomy":"product_tag","embeddable":true,"href":"https:\/\/www.lomoro.nl\/fr\/wp-json\/wp\/v2\/product_tag?post=4843"}],"curies":[{"name":"wp","href":"https:\/\/api.w.org\/{rel}","templated":true}]}}