{"id":4853,"date":"2024-12-17T09:36:13","date_gmt":"2024-12-17T09:36:13","guid":{"rendered":"https:\/\/lomoro.nl\/?post_type=product&#038;p=4853"},"modified":"2025-02-05T10:46:57","modified_gmt":"2025-02-05T10:46:57","slug":"handgemaakte-leren-laarzen-21","status":"publish","type":"product","link":"https:\/\/www.lomoro.nl\/fr\/products\/handgemaakte-leren-laarzen-21\/","title":{"rendered":"Bottes en cuir faites \u00e0 la main"},"content":{"rendered":"<p>Profitez d&rsquo;un savoir-faire intemporel avec nos chaussures en cuir faites \u00e0 la main. Chaque paire est soigneusement confectionn\u00e9e par des artisans utilisant du cuir de haute qualit\u00e9, garantissant durabilit\u00e9 et confort. Notre collection combine des styles classiques avec des sensibilit\u00e9s modernes, offrant une polyvalence pour toutes les occasions. D\u00e9couvrez les d\u00e9tails raffin\u00e9s et la qualit\u00e9 sup\u00e9rieure qui font de ces chaussures un \u00e9l\u00e9ment essentiel de toute garde-robe. Enrichissez votre style avec nos chaussures artisanales, o\u00f9 la tradition se confond avec l&rsquo;\u00e9l\u00e9gance contemporaine.<\/p>\n<p>Nos\u00a0<b>bottes en cuir faites \u00e0 la main\u00a0<\/b>sont con\u00e7ues dans un souci de style et de fonctionnalit\u00e9. Fabriqu\u00e9s \u00e0 partir de cuir de premi\u00e8re qualit\u00e9, ils offrent un look luxueux et une durabilit\u00e9 exceptionnelle. Le savoir-faire qui caract\u00e9rise chaque botte garantit qu&rsquo;elles sont non seulement \u00e0 la mode, mais aussi incroyablement confortables. La semelle robuste offre une adh\u00e9rence suppl\u00e9mentaire, ce qui vous permet de marcher de mani\u00e8re stable en ville comme dans la nature.<\/p>\n<p>Avec leur design intemporel, ces bottes s&rsquo;adaptent \u00e0 toutes les tenues, des plus d\u00e9contract\u00e9es aux plus formelles. Ils sont le choix parfait en toute saison, beau temps, mauvais temps. Le cuir respirant garantit que vos pieds restent confortables tout au long de la journ\u00e9e, tandis que la finition robuste garantit une utilisation durable, m\u00eame en cas d&rsquo;usure intensive.<\/p>\n<table>\n<tbody>\n<tr>\n<td><b>Fonctionnalit\u00e9<\/b><\/td>\n<td><b>D\u00e9tails<\/b><\/td>\n<\/tr>\n<tr>\n<td><b>Mat\u00e9riel<\/b><\/td>\n<td>Cuir de haute qualit\u00e9<\/td>\n<\/tr>\n<tr>\n<td><b>Couleur<\/b><\/td>\n<td>Disponible en diff\u00e9rentes couleurs<\/td>\n<\/tr>\n<tr>\n<td><b>Seul<\/b><\/td>\n<td>Semelle en caoutchouc robuste<\/td>\n<\/tr>\n<tr>\n<td><b>Copain<\/b><\/td>\n<td>Disponible en diff\u00e9rentes tailles<\/td>\n<\/tr>\n<tr>\n<td><b>Fait \u00e0 la main<\/b><\/td>\n<td>Oui<\/td>\n<\/tr>\n<\/tbody>\n<\/table>\n","protected":false},"excerpt":{"rendered":"<p>Les\u00a0<b>bottes en cuir faites \u00e0 la main\u00a0<\/b>sont la combinaison parfaite de savoir-faire et de style. Fabriqu\u00e9es \u00e0 partir de cuir de haute qualit\u00e9, ces bottes offrent un ajustement parfait et un confort in\u00e9gal\u00e9. Que vous vous promeniez dans les bois ou que vous passiez une journ\u00e9e d\u00e9contract\u00e9e en plein air, ces bottes sont votre compagnon id\u00e9al. L&rsquo;ext\u00e9rieur en cuir robuste offre non seulement une durabilit\u00e9, mais aussi un look classique qui ne se d\u00e9modera jamais. Ces bottes sont con\u00e7ues pour durer et rendre chaque pas confortable.<\/p>\n<p>\u2702\ufe0fAjustement parfait, fait sp\u00e9cialement pour vous.<\/p>\n<p>\ud83d\udc54Des conseils personnalis\u00e9s pour votre look unique.<\/p>\n<p>\ud83e\uddf5Des mat\u00e9riaux de haute qualit\u00e9 pour un confort ultime.<\/p>\n<p>\ud83c\udfa8\u00c9l\u00e9gant pour chaque occasion.<\/p>\n<p>\ud83c\udf81Profitez d&rsquo;un cadeau gratuit \u00e0 chaque visite en magasin\u00a0!<\/p>\n","protected":false},"featured_media":2793,"template":"","meta":{"_acf_changed":false},"product_brand":[],"product_cat":[124],"product_tag":[],"class_list":{"0":"post-4853","1":"product","2":"type-product","3":"status-publish","4":"has-post-thumbnail","6":"product_cat-schoenen-collectie","8":"first","9":"instock","10":"sale","11":"shipping-taxable","12":"purchasable","13":"product-type-simple"},"acf":[],"_links":{"self":[{"href":"https:\/\/www.lomoro.nl\/fr\/wp-json\/wp\/v2\/product\/4853","targetHints":{"allow":["GET"]}}],"collection":[{"href":"https:\/\/www.lomoro.nl\/fr\/wp-json\/wp\/v2\/product"}],"about":[{"href":"https:\/\/www.lomoro.nl\/fr\/wp-json\/wp\/v2\/types\/product"}],"wp:featuredmedia":[{"embeddable":true,"href":"https:\/\/www.lomoro.nl\/fr\/wp-json\/wp\/v2\/media\/2793"}],"wp:attachment":[{"href":"https:\/\/www.lomoro.nl\/fr\/wp-json\/wp\/v2\/media?parent=4853"}],"wp:term":[{"taxonomy":"product_brand","embeddable":true,"href":"https:\/\/www.lomoro.nl\/fr\/wp-json\/wp\/v2\/product_brand?post=4853"},{"taxonomy":"product_cat","embeddable":true,"href":"https:\/\/www.lomoro.nl\/fr\/wp-json\/wp\/v2\/product_cat?post=4853"},{"taxonomy":"product_tag","embeddable":true,"href":"https:\/\/www.lomoro.nl\/fr\/wp-json\/wp\/v2\/product_tag?post=4853"}],"curies":[{"name":"wp","href":"https:\/\/api.w.org\/{rel}","templated":true}]}}