{"id":4854,"date":"2024-12-17T12:53:08","date_gmt":"2024-12-17T12:53:08","guid":{"rendered":"https:\/\/lomoro.nl\/?post_type=product&#038;p=4854"},"modified":"2025-01-09T10:37:51","modified_gmt":"2025-01-09T10:37:51","slug":"pak-25","status":"publish","type":"product","link":"https:\/\/www.lomoro.nl\/fr\/products\/pak-25\/","title":{"rendered":"Costume 3 pi\u00e8ces gris \u00e0 motif chevrons"},"content":{"rendered":"<p><span>Le\u00a0<\/span><b><span>costume 3 pi\u00e8ces gris \u00e0 chevrons\u00a0<\/span><\/b><span>est l&rsquo;incarnation d&rsquo;un style raffin\u00e9 et d&rsquo;un savoir-faire impeccable. Le motif \u00e0 chevrons donne un look classique, tandis que la couleur grise offre une polyvalence pour une vari\u00e9t\u00e9 d&rsquo;\u00e9v\u00e9nements. Ce costume se compose d&rsquo;un blazer slim fit, d&rsquo;un gilet crois\u00e9 et d&rsquo;un pantalon parfaitement ajust\u00e9, lui donnant un look complet et professionnel.<\/span><\/p>\n<p><span>Disponible dans les petites tailles 46-62 et les grandes tailles 58-72, cette combinaison est con\u00e7ue pour s&rsquo;adapter \u00e0 une vari\u00e9t\u00e9 de morphologies. Que ce soit pour une r\u00e9union d&rsquo;affaires ou un mariage, cet ensemble 3 pi\u00e8ces vous garantit de toujours para\u00eetre styl\u00e9e et \u00e9l\u00e9gante. Ajoutez ce costume polyvalent \u00e0 votre garde-robe et rayonnez de confiance en toute occasion.<\/span><\/p>\n<table>\n<tbody>\n<tr>\n<td><b><span>Fonctionnalit\u00e9<\/span><\/b><\/td>\n<td><b><span>D\u00e9tails<\/span><\/b><\/td>\n<\/tr>\n<tr>\n<td><b><span>Mat\u00e9riel<\/span><\/b><\/td>\n<td><span>M\u00e9lange de laine de luxe<\/span><\/td>\n<\/tr>\n<tr>\n<td><b><span>Couleur<\/span><\/b><\/td>\n<td><span>Gris \u00e0 motif chevrons<\/span><\/td>\n<\/tr>\n<tr>\n<td><b><span>Style<\/span><\/b><\/td>\n<td><span>Trois pi\u00e8ces\u00a0: Blazer, Gilet, Pantalon<\/span><\/td>\n<\/tr>\n<tr>\n<td><b><span>Tailles disponibles<\/span><\/b><\/td>\n<td><span>Petites tailles 46-62 \/ Grandes tailles 58-72<\/span><\/td>\n<\/tr>\n<tr>\n<td><b><span>Ajuster<\/span><\/b><\/td>\n<td><span>Coupe ajust\u00e9e<\/span><\/td>\n<\/tr>\n<tr>\n<td><b><span>Instructions de lavage<\/span><\/b><\/td>\n<td><span>Nettoyage \u00e0 sec professionnel recommand\u00e9<\/span><\/td>\n<\/tr>\n<\/tbody>\n<\/table>\n","protected":false},"excerpt":{"rendered":"<p><span>Le\u00a0<\/span><b><span>costume 3 pi\u00e8ces gris \u00e0 chevrons\u00a0<\/span><\/b><span>allie savoir-faire traditionnel et style moderne et sophistiqu\u00e9. Le motif \u00e0 chevrons offre une \u00e9l\u00e9gance intemporelle, id\u00e9ale pour les occasions formelles ou les r\u00e9unions d&rsquo;affaires. Avec un blazer, un gilet et un pantalon assortis, ce costume offre un look complet et \u00e9pur\u00e9.\u00a0<\/span><\/p>\n<p>\u2702\ufe0f<span>Ajustement parfait, fait sp\u00e9cialement pour vous.<\/span><\/p>\n<p>\ud83d\udc54<span>Des conseils personnalis\u00e9s pour votre look unique.<\/span><\/p>\n<p>\ud83e\uddf5<span>Des mat\u00e9riaux de haute qualit\u00e9 pour un confort ultime.<\/span><\/p>\n<p>\ud83c\udfa8<span>\u00c9l\u00e9gant pour chaque occasion.<\/span><\/p>\n<p>\ud83c\udf81<span>Profitez d&rsquo;un cadeau gratuit \u00e0 chaque visite en magasin\u00a0!<\/span><\/p>\n","protected":false},"featured_media":2931,"template":"","meta":{"_acf_changed":false},"product_brand":[],"product_cat":[137],"product_tag":[],"class_list":{"0":"post-4854","1":"product","2":"type-product","3":"status-publish","4":"has-post-thumbnail","6":"product_cat-outlet","8":"first","9":"instock","10":"sale","11":"shipping-taxable","12":"purchasable","13":"product-type-simple"},"acf":[],"_links":{"self":[{"href":"https:\/\/www.lomoro.nl\/fr\/wp-json\/wp\/v2\/product\/4854","targetHints":{"allow":["GET"]}}],"collection":[{"href":"https:\/\/www.lomoro.nl\/fr\/wp-json\/wp\/v2\/product"}],"about":[{"href":"https:\/\/www.lomoro.nl\/fr\/wp-json\/wp\/v2\/types\/product"}],"wp:featuredmedia":[{"embeddable":true,"href":"https:\/\/www.lomoro.nl\/fr\/wp-json\/wp\/v2\/media\/2931"}],"wp:attachment":[{"href":"https:\/\/www.lomoro.nl\/fr\/wp-json\/wp\/v2\/media?parent=4854"}],"wp:term":[{"taxonomy":"product_brand","embeddable":true,"href":"https:\/\/www.lomoro.nl\/fr\/wp-json\/wp\/v2\/product_brand?post=4854"},{"taxonomy":"product_cat","embeddable":true,"href":"https:\/\/www.lomoro.nl\/fr\/wp-json\/wp\/v2\/product_cat?post=4854"},{"taxonomy":"product_tag","embeddable":true,"href":"https:\/\/www.lomoro.nl\/fr\/wp-json\/wp\/v2\/product_tag?post=4854"}],"curies":[{"name":"wp","href":"https:\/\/api.w.org\/{rel}","templated":true}]}}