{"id":4861,"date":"2024-12-17T09:39:05","date_gmt":"2024-12-17T09:39:05","guid":{"rendered":"https:\/\/lomoro.nl\/?post_type=product&#038;p=4861"},"modified":"2025-01-09T10:54:52","modified_gmt":"2025-01-09T10:54:52","slug":"handgemaakte-leren-laarzen-20","status":"publish","type":"product","link":"https:\/\/www.lomoro.nl\/fr\/products\/handgemaakte-leren-laarzen-20\/","title":{"rendered":"Bottes en cuir faites \u00e0 la main beiges"},"content":{"rendered":"<p><span>Les\u00a0<\/span><b><span>bottes en cuir marron faites \u00e0 la main\u00a0<\/span><\/b><span>sont le choix ultime pour ceux qui recherchent \u00e0 la fois confort et style. Fabriqu\u00e9es \u00e0 partir de cuir de haute qualit\u00e9, ces bottes offrent une finition luxueuse qui se pr\u00eate parfaitement \u00e0 un usage quotidien. Le cuir robuste est non seulement durable, mais s&rsquo;adapte \u00e9galement au pied pour un ajustement parfait. La semelle en caoutchouc robuste offre une excellente adh\u00e9rence, ce qui rend ces bottes id\u00e9ales pour diverses conditions m\u00e9t\u00e9orologiques.<\/span><\/p>\n<p><span>Ces bottes sont con\u00e7ues pour durer et sont parfaites pour un large \u00e9ventail d&rsquo;occasions. Que vous vous promeniez en ville ou que vous partiez en week-end, ils allient \u00e9l\u00e9gance et fonctionnalit\u00e9. La couleur beige classique les rend polyvalents et faciles \u00e0 combiner avec des tenues d\u00e9contract\u00e9es et formelles, pour que vous ayez toujours l&rsquo;air \u00e9l\u00e9gant.<\/span><\/p>\n<table>\n<tbody>\n<tr>\n<td><b><span>Fonctionnalit\u00e9<\/span><\/b><\/td>\n<td><b><span>D\u00e9tails<\/span><\/b><\/td>\n<\/tr>\n<tr>\n<td><b><span>Mat\u00e9riel<\/span><\/b><\/td>\n<td><span>Cuir de haute qualit\u00e9<\/span><\/td>\n<\/tr>\n<tr>\n<td><b><span>Couleur<\/span><\/b><\/td>\n<td><span>Tann\u00e9<\/span><\/td>\n<\/tr>\n<tr>\n<td><b><span>Seul<\/span><\/b><\/td>\n<td><span>Semelle en caoutchouc robuste<\/span><\/td>\n<\/tr>\n<tr>\n<td><b><span>Copain<\/span><\/b><\/td>\n<td><span>Disponible en diff\u00e9rentes tailles<\/span><\/td>\n<\/tr>\n<tr>\n<td><b><span>Fait \u00e0 la main<\/span><\/b><\/td>\n<td><span>Oui<\/span><\/td>\n<\/tr>\n<\/tbody>\n<\/table>\n","protected":false},"excerpt":{"rendered":"<p><span>Les\u00a0<\/span><b><span>bottes en cuir marron faites \u00e0 la main\u00a0<\/span><\/b><span>offrent un \u00e9quilibre parfait entre style et fonctionnalit\u00e9. Le cuir de qualit\u00e9 sup\u00e9rieure offre un look luxueux, tandis que la semelle robuste offre une adh\u00e9rence optimale. Ces bottes sont non seulement durables, mais \u00e9galement id\u00e9ales pour un usage quotidien.\u00a0<\/span><span>Avec leur couleur marron intemporelle, ils s&rsquo;accordent parfaitement avec presque toutes les tenues. Que vous recherchiez un look d\u00e9contract\u00e9 ou un look chic, ces bottes ajouteront une touche \u00e9l\u00e9gante \u00e0 votre garde-robe.<\/span><\/p>\n<p>\u2702\ufe0f<span>Ajustement parfait, fait sp\u00e9cialement pour vous.<\/span><\/p>\n<p>\ud83d\udc54<span>Des conseils personnalis\u00e9s pour votre look unique.<\/span><\/p>\n<p>\ud83e\uddf5<span>Des mat\u00e9riaux de haute qualit\u00e9 pour un confort ultime.<\/span><\/p>\n<p>\ud83c\udfa8<span>\u00c9l\u00e9gant pour chaque occasion.<\/span><\/p>\n<p>\ud83c\udf81<span>Profitez d&rsquo;un cadeau gratuit \u00e0 chaque visite en magasin\u00a0!<\/span><\/p>\n","protected":false},"featured_media":2796,"template":"","meta":{"_acf_changed":false},"product_brand":[],"product_cat":[124],"product_tag":[],"class_list":{"0":"post-4861","1":"product","2":"type-product","3":"status-publish","4":"has-post-thumbnail","6":"product_cat-schoenen-collectie","8":"first","9":"instock","10":"sale","11":"shipping-taxable","12":"purchasable","13":"product-type-simple"},"acf":[],"_links":{"self":[{"href":"https:\/\/www.lomoro.nl\/fr\/wp-json\/wp\/v2\/product\/4861","targetHints":{"allow":["GET"]}}],"collection":[{"href":"https:\/\/www.lomoro.nl\/fr\/wp-json\/wp\/v2\/product"}],"about":[{"href":"https:\/\/www.lomoro.nl\/fr\/wp-json\/wp\/v2\/types\/product"}],"wp:featuredmedia":[{"embeddable":true,"href":"https:\/\/www.lomoro.nl\/fr\/wp-json\/wp\/v2\/media\/2796"}],"wp:attachment":[{"href":"https:\/\/www.lomoro.nl\/fr\/wp-json\/wp\/v2\/media?parent=4861"}],"wp:term":[{"taxonomy":"product_brand","embeddable":true,"href":"https:\/\/www.lomoro.nl\/fr\/wp-json\/wp\/v2\/product_brand?post=4861"},{"taxonomy":"product_cat","embeddable":true,"href":"https:\/\/www.lomoro.nl\/fr\/wp-json\/wp\/v2\/product_cat?post=4861"},{"taxonomy":"product_tag","embeddable":true,"href":"https:\/\/www.lomoro.nl\/fr\/wp-json\/wp\/v2\/product_tag?post=4861"}],"curies":[{"name":"wp","href":"https:\/\/api.w.org\/{rel}","templated":true}]}}