{"id":4872,"date":"2024-12-17T09:43:58","date_gmt":"2024-12-17T09:43:58","guid":{"rendered":"https:\/\/lomoro.nl\/?post_type=product&#038;p=4872"},"modified":"2025-01-09T11:23:30","modified_gmt":"2025-01-09T11:23:30","slug":"handgemaakte-leren-laarzen-18","status":"publish","type":"product","link":"https:\/\/www.lomoro.nl\/fr\/products\/handgemaakte-leren-laarzen-18\/","title":{"rendered":"Bottes en cuir marron faites \u00e0 la main"},"content":{"rendered":"<p><span>Les\u00a0<\/span><b><span>bottes en cuir marron faites \u00e0 la main\u00a0<\/span><\/b><span>sont le r\u00e9sultat d&rsquo;un savoir-faire traditionnel, chaque paire \u00e9tant fabriqu\u00e9e avec soin pour garantir \u00e0 la fois qualit\u00e9 et style. L&rsquo;utilisation de cuir de qualit\u00e9 sup\u00e9rieure offre un look luxueux, tout en restant flexible et respirant pour un confort optimal. Ces bottes sont id\u00e9ales pour les aventures du quotidien, qu&rsquo;il s&rsquo;agisse d&rsquo;une promenade en ville ou d&rsquo;une exploration des grands espaces.<\/span><\/p>\n<p><span>Avec leur semelle en caoutchouc robuste, les bottes offrent une excellente adh\u00e9rence et stabilit\u00e9, m\u00eame sur des terrains irr\u00e9guliers ou glissants. Leur design intemporel les rend adapt\u00e9s \u00e0 toutes les occasions, tandis que le cuir marron offre un look naturel et raffin\u00e9 qui s&#8217;embellit avec l&rsquo;\u00e2ge. Ces\u00a0<\/span><b><span>bottes en cuir marron faites \u00e0 la main\u00a0<\/span><\/b><span>sont non seulement pratiques, mais aussi un investissement dans le style et la durabilit\u00e9.<\/span><\/p>\n<table>\n<tbody>\n<tr>\n<td><b><span>Fonctionnalit\u00e9<\/span><\/b><\/td>\n<td><b><span>D\u00e9tails<\/span><\/b><\/td>\n<\/tr>\n<tr>\n<td><b><span>Mat\u00e9riel<\/span><\/b><\/td>\n<td><span>Cuir de haute qualit\u00e9<\/span><\/td>\n<\/tr>\n<tr>\n<td><b><span>Seul<\/span><\/b><\/td>\n<td><span>Caoutchouc, antid\u00e9rapant<\/span><\/td>\n<\/tr>\n<tr>\n<td><b><span>Couleur<\/span><\/b><\/td>\n<td><span>Brun<\/span><\/td>\n<\/tr>\n<tr>\n<td><b><span>Fait \u00e0 la main<\/span><\/b><\/td>\n<td><span>Oui<\/span><\/td>\n<\/tr>\n<tr>\n<td><b><span>Copain<\/span><\/b><\/td>\n<td><span>Disponible en diff\u00e9rentes tailles<\/span><\/td>\n<\/tr>\n<\/tbody>\n<\/table>\n","protected":false},"excerpt":{"rendered":"<p><span>Les\u00a0<\/span><b><span>bottes en cuir marron faites \u00e0 la main\u00a0<\/span><\/b><span>pour hommes allient savoir-faire et style. Fabriqu\u00e9s \u00e0 partir de cuir de haute qualit\u00e9, ils offrent \u00e0 la fois durabilit\u00e9 et confort pour un usage quotidien. La semelle robuste offre adh\u00e9rence et stabilit\u00e9 quel que soit le terrain. Ces bottes sont parfaites pour un look d\u00e9contract\u00e9, mais peuvent \u00e9galement \u00eatre associ\u00e9es \u00e0 une tenue plus formelle pour un style polyvalent.<\/span><\/p>\n<p>\u2702\ufe0f<span>Ajustement parfait, fait sp\u00e9cialement pour vous.<\/span><\/p>\n<p>\ud83d\udc54<span>Des conseils personnalis\u00e9s pour votre look unique.<\/span><\/p>\n<p>\ud83e\uddf5<span>Des mat\u00e9riaux de haute qualit\u00e9 pour un confort ultime.<\/span><\/p>\n<p>\ud83c\udfa8<span>\u00c9l\u00e9gant pour chaque occasion.<\/span><\/p>\n<p>\ud83c\udf81<span>Profitez d&rsquo;un cadeau gratuit \u00e0 chaque visite en magasin\u00a0!<\/span><\/p>\n","protected":false},"featured_media":2802,"template":"","meta":{"_acf_changed":false},"product_brand":[],"product_cat":[124],"product_tag":[],"class_list":{"0":"post-4872","1":"product","2":"type-product","3":"status-publish","4":"has-post-thumbnail","6":"product_cat-schoenen-collectie","8":"first","9":"instock","10":"sale","11":"shipping-taxable","12":"purchasable","13":"product-type-simple"},"acf":[],"_links":{"self":[{"href":"https:\/\/www.lomoro.nl\/fr\/wp-json\/wp\/v2\/product\/4872","targetHints":{"allow":["GET"]}}],"collection":[{"href":"https:\/\/www.lomoro.nl\/fr\/wp-json\/wp\/v2\/product"}],"about":[{"href":"https:\/\/www.lomoro.nl\/fr\/wp-json\/wp\/v2\/types\/product"}],"wp:featuredmedia":[{"embeddable":true,"href":"https:\/\/www.lomoro.nl\/fr\/wp-json\/wp\/v2\/media\/2802"}],"wp:attachment":[{"href":"https:\/\/www.lomoro.nl\/fr\/wp-json\/wp\/v2\/media?parent=4872"}],"wp:term":[{"taxonomy":"product_brand","embeddable":true,"href":"https:\/\/www.lomoro.nl\/fr\/wp-json\/wp\/v2\/product_brand?post=4872"},{"taxonomy":"product_cat","embeddable":true,"href":"https:\/\/www.lomoro.nl\/fr\/wp-json\/wp\/v2\/product_cat?post=4872"},{"taxonomy":"product_tag","embeddable":true,"href":"https:\/\/www.lomoro.nl\/fr\/wp-json\/wp\/v2\/product_tag?post=4872"}],"curies":[{"name":"wp","href":"https:\/\/api.w.org\/{rel}","templated":true}]}}