{"id":4883,"date":"2024-12-17T09:53:10","date_gmt":"2024-12-17T09:53:10","guid":{"rendered":"https:\/\/lomoro.nl\/?post_type=product&#038;p=4883"},"modified":"2025-01-09T12:21:45","modified_gmt":"2025-01-09T12:21:45","slug":"handgemaakte-leren-laarzen-15","status":"publish","type":"product","link":"https:\/\/www.lomoro.nl\/fr\/products\/handgemaakte-leren-laarzen-15\/","title":{"rendered":"Bottes Oxfords Brogue en cuir cognac faites \u00e0 la main"},"content":{"rendered":"<p><span>Les\u00a0<\/span><b><span>bottes richelieu en cuir cognac faites \u00e0 la main\u00a0<\/span><\/b><span>sont un chef-d&rsquo;\u0153uvre de l&rsquo;artisanat, con\u00e7u pour les hommes qui appr\u00e9cient le style et le confort. Ces bottes sont fabriqu\u00e9es en cuir de haute qualit\u00e9 dans une riche couleur cognac, qui offre un look sophistiqu\u00e9 et polyvalent. Les d\u00e9tails richelieu ajoutent une touche d&rsquo;\u00e9l\u00e9gance classique, tandis que le design Oxford offre un look intemporel qui s&rsquo;adapte sans effort aux tenues formelles et professionnelles.<\/span><\/p>\n<p><span>En plus de leur esth\u00e9tique, ces bottes offrent un confort exceptionnel gr\u00e2ce \u00e0 leur coupe ergonomique et leur construction durable. La semelle int\u00e9rieure en cuir et la semelle antid\u00e9rapante offrent une exp\u00e9rience stable et confortable, m\u00eame pendant les longues journ\u00e9es. Choisissez ces bottes pour affirmer votre style et profiter d&rsquo;une qualit\u00e9 in\u00e9gal\u00e9e.<\/span><\/p>\n<table>\n<tbody>\n<tr>\n<td><b><span>Fonctionnalit\u00e9<\/span><\/b><\/td>\n<td><b><span>D\u00e9tails<\/span><\/b><\/td>\n<\/tr>\n<tr>\n<td><b><span>Mat\u00e9riel<\/span><\/b><\/td>\n<td><span>Cuir de premi\u00e8re qualit\u00e9<\/span><\/td>\n<\/tr>\n<tr>\n<td><b><span>Couleur<\/span><\/b><\/td>\n<td><span>Cognac<\/span><\/td>\n<\/tr>\n<tr>\n<td><b><span>Taper<\/span><\/b><\/td>\n<td><span>Richelieus richelieu<\/span><\/td>\n<\/tr>\n<tr>\n<td><b><span>Seul<\/span><\/b><\/td>\n<td><span>Caoutchouc antid\u00e9rapant<\/span><\/td>\n<\/tr>\n<tr>\n<td><b><span>Fait \u00e0 la main<\/span><\/b><\/td>\n<td><span>Oui<\/span><\/td>\n<\/tr>\n<tr>\n<td><b><span>Tailles<\/span><\/b><\/td>\n<td><span>Disponible en diff\u00e9rentes tailles<\/span><\/td>\n<\/tr>\n<\/tbody>\n<\/table>\n","protected":false},"excerpt":{"rendered":"<p><span>Les\u00a0<\/span><b><span>bottes richelieu en cuir cognac faites \u00e0 la main\u00a0<\/span><\/b><span>allient \u00e9l\u00e9gance classique et savoir-faire de haute qualit\u00e9. Ces bottes, confectionn\u00e9es en cuir souple de couleur cognac, sont parfaites pour les occasions formelles et semi-formelles.\u00a0<\/span><span>Avec des d\u00e9tails richelieu raffin\u00e9s et un design Oxford intemporel, ces bottes apportent un ajout \u00e9l\u00e9gant \u00e0 toute tenue masculine. Leur aspect luxueux et leur construction durable en font un article indispensable dans votre garde-robe.<\/span><\/p>\n<p>\u2702\ufe0f<span>Ajustement parfait, fait sp\u00e9cialement pour vous.<\/span><\/p>\n<p>\ud83d\udc54<span>Des conseils personnalis\u00e9s pour votre look unique.<\/span><\/p>\n<p>\ud83e\uddf5<span>Des mat\u00e9riaux de haute qualit\u00e9 pour un confort ultime.<\/span><\/p>\n<p>\ud83c\udfa8<span>\u00c9l\u00e9gant pour chaque occasion.<\/span><\/p>\n<p>\ud83c\udf81<span>Profitez d&rsquo;un cadeau gratuit \u00e0 chaque visite en magasin\u00a0!<\/span><\/p>\n","protected":false},"featured_media":2811,"template":"","meta":{"_acf_changed":false},"product_brand":[],"product_cat":[124],"product_tag":[],"class_list":{"0":"post-4883","1":"product","2":"type-product","3":"status-publish","4":"has-post-thumbnail","6":"product_cat-schoenen-collectie","8":"first","9":"instock","10":"sale","11":"shipping-taxable","12":"purchasable","13":"product-type-simple"},"acf":[],"_links":{"self":[{"href":"https:\/\/www.lomoro.nl\/fr\/wp-json\/wp\/v2\/product\/4883","targetHints":{"allow":["GET"]}}],"collection":[{"href":"https:\/\/www.lomoro.nl\/fr\/wp-json\/wp\/v2\/product"}],"about":[{"href":"https:\/\/www.lomoro.nl\/fr\/wp-json\/wp\/v2\/types\/product"}],"wp:featuredmedia":[{"embeddable":true,"href":"https:\/\/www.lomoro.nl\/fr\/wp-json\/wp\/v2\/media\/2811"}],"wp:attachment":[{"href":"https:\/\/www.lomoro.nl\/fr\/wp-json\/wp\/v2\/media?parent=4883"}],"wp:term":[{"taxonomy":"product_brand","embeddable":true,"href":"https:\/\/www.lomoro.nl\/fr\/wp-json\/wp\/v2\/product_brand?post=4883"},{"taxonomy":"product_cat","embeddable":true,"href":"https:\/\/www.lomoro.nl\/fr\/wp-json\/wp\/v2\/product_cat?post=4883"},{"taxonomy":"product_tag","embeddable":true,"href":"https:\/\/www.lomoro.nl\/fr\/wp-json\/wp\/v2\/product_tag?post=4883"}],"curies":[{"name":"wp","href":"https:\/\/api.w.org\/{rel}","templated":true}]}}