{"id":4886,"date":"2024-12-17T09:58:39","date_gmt":"2024-12-17T09:58:39","guid":{"rendered":"https:\/\/lomoro.nl\/?post_type=product&#038;p=4886"},"modified":"2025-01-09T12:36:07","modified_gmt":"2025-01-09T12:36:07","slug":"handgemaakte-leren-laarzen-14","status":"publish","type":"product","link":"https:\/\/www.lomoro.nl\/fr\/products\/handgemaakte-leren-laarzen-14\/","title":{"rendered":"Bottes en cuir faites \u00e0 la main"},"content":{"rendered":"<p>Les bottes en cuir faites \u00e0 la main sont un chef-d&rsquo;\u0153uvre artisanal, soigneusement con\u00e7u pour ceux qui appr\u00e9cient la qualit\u00e9 et le style. Le cuir de qualit\u00e9 sup\u00e9rieure offre non seulement un aspect luxueux, mais offre \u00e9galement une longue dur\u00e9e de vie. Le design intemporel rend ces bottes adapt\u00e9es \u00e0 toutes les occasions, d&rsquo;une promenade d\u00e9tendue en ville \u00e0 une r\u00e9union formelle.<\/p>\n<p>Avec une attention aux d\u00e9tails, ces bottes pr\u00e9sentent des coutures robustes et une coupe confortable qui s&rsquo;adapte \u00e0 la forme de vos pieds. Que vous optiez pour un look moderne ou classique, ces bottes feront passer n&rsquo;importe quelle tenue au niveau sup\u00e9rieur et resteront un choix fiable dans votre garde-robe.<\/p>\n<table>\n<tbody>\n<tr>\n<td><b>Fonctionnalit\u00e9<\/b><\/td>\n<td><b>D\u00e9tails<\/b><\/td>\n<\/tr>\n<tr>\n<td><b>Mat\u00e9riel<\/b><\/td>\n<td>Cuir v\u00e9ritable de haute qualit\u00e9<\/td>\n<\/tr>\n<tr>\n<td><b>Couleur<\/b><\/td>\n<td>Classique noir ou marron<\/td>\n<\/tr>\n<tr>\n<td><b>Tailles disponibles<\/b><\/td>\n<td>UE 39 \u00e0 47<\/td>\n<\/tr>\n<tr>\n<td><b>Ajuster<\/b><\/td>\n<td>Coupe r\u00e9guli\u00e8re avec maintien confortable<\/td>\n<\/tr>\n<tr>\n<td><b>Style<\/b><\/td>\n<td>Intemporel et polyvalent<\/td>\n<\/tr>\n<tr>\n<td><b>Instructions de lavage<\/b><\/td>\n<td>Nettoyer avec un conditionneur pour cuir<\/td>\n<\/tr>\n<\/tbody>\n<\/table>\n","protected":false},"excerpt":{"rendered":"<p>Sortez avec style avec nos bottes en cuir fabriqu\u00e9es \u00e0 la main, con\u00e7ues pour allier confort et durabilit\u00e9. Avec leur design intemporel et leur finition de haute qualit\u00e9, ces bottes sont id\u00e9ales pour les occasions d\u00e9contract\u00e9es et formelles.<\/p>\n<p>Chaque botte est fabriqu\u00e9e \u00e0 la main par des artisans qualifi\u00e9s, garantissant des d\u00e9tails uniques et un ajustement parfait. Fabriqu\u00e9s \u00e0 partir de cuir de premi\u00e8re qualit\u00e9, ils offrent un look \u00e9l\u00e9gant et un confort de port exceptionnel, jour apr\u00e8s jour.<\/p>\n<p>\u2702\ufe0fAjustement parfait, fait sp\u00e9cialement pour vous.<\/p>\n<p>\ud83d\udc54Des conseils personnalis\u00e9s pour votre look unique.<\/p>\n<p>\ud83e\uddf5Des mat\u00e9riaux de haute qualit\u00e9 pour un confort ultime.<\/p>\n<p>\ud83c\udfa8\u00c9l\u00e9gant pour chaque occasion.<\/p>\n<p>\ud83c\udf81Profitez d&rsquo;un cadeau gratuit \u00e0 chaque visite en magasin\u00a0!<\/p>\n","protected":false},"featured_media":2814,"template":"","meta":{"_acf_changed":false},"product_brand":[],"product_cat":[124],"product_tag":[],"class_list":{"0":"post-4886","1":"product","2":"type-product","3":"status-publish","4":"has-post-thumbnail","6":"product_cat-schoenen-collectie","8":"first","9":"instock","10":"sale","11":"shipping-taxable","12":"purchasable","13":"product-type-simple"},"acf":[],"_links":{"self":[{"href":"https:\/\/www.lomoro.nl\/fr\/wp-json\/wp\/v2\/product\/4886","targetHints":{"allow":["GET"]}}],"collection":[{"href":"https:\/\/www.lomoro.nl\/fr\/wp-json\/wp\/v2\/product"}],"about":[{"href":"https:\/\/www.lomoro.nl\/fr\/wp-json\/wp\/v2\/types\/product"}],"wp:featuredmedia":[{"embeddable":true,"href":"https:\/\/www.lomoro.nl\/fr\/wp-json\/wp\/v2\/media\/2814"}],"wp:attachment":[{"href":"https:\/\/www.lomoro.nl\/fr\/wp-json\/wp\/v2\/media?parent=4886"}],"wp:term":[{"taxonomy":"product_brand","embeddable":true,"href":"https:\/\/www.lomoro.nl\/fr\/wp-json\/wp\/v2\/product_brand?post=4886"},{"taxonomy":"product_cat","embeddable":true,"href":"https:\/\/www.lomoro.nl\/fr\/wp-json\/wp\/v2\/product_cat?post=4886"},{"taxonomy":"product_tag","embeddable":true,"href":"https:\/\/www.lomoro.nl\/fr\/wp-json\/wp\/v2\/product_tag?post=4886"}],"curies":[{"name":"wp","href":"https:\/\/api.w.org\/{rel}","templated":true}]}}