{"id":4890,"date":"2024-12-17T10:00:51","date_gmt":"2024-12-17T10:00:51","guid":{"rendered":"https:\/\/lomoro.nl\/?post_type=product&#038;p=4890"},"modified":"2025-01-09T13:57:26","modified_gmt":"2025-01-09T13:57:26","slug":"handgemaakte-leren-laarzen-13","status":"publish","type":"product","link":"https:\/\/www.lomoro.nl\/fr\/products\/handgemaakte-leren-laarzen-13\/","title":{"rendered":"Bottes penny en cuir bordeaux faites \u00e0 la main"},"content":{"rendered":"<p><span>Les\u00a0<\/span><b><span>Penny Boots en cuir rouge bordeaux faites \u00e0 la main\u00a0<\/span><\/b><span>sont une v\u00e9ritable ode \u00e0 l&rsquo;artisanat traditionnel. Chaque paire est soigneusement confectionn\u00e9e \u00e0 partir de cuir de premi\u00e8re qualit\u00e9, ce qui les rend non seulement \u00e9l\u00e9gantes mais \u00e9galement extr\u00eamement durables. La riche teinte bordeaux et le style classique des mocassins font de ces bottes un choix polyvalent qui s&rsquo;adapte parfaitement aux tenues formelles et d\u00e9contract\u00e9es.<\/span><\/p>\n<p><span>En plus de leur aspect \u00e9l\u00e9gant, ces bottes offrent un confort in\u00e9gal\u00e9. La doublure en cuir souple et la semelle flexible vous garantissent un confort tout au long de la journ\u00e9e, sans sacrifier le style. Que vous recherchiez une paire tendance pour une occasion sp\u00e9ciale ou un choix fiable pour un usage quotidien, ces bottes sont un incontournable.<\/span><\/p>\n<table>\n<tbody>\n<tr>\n<td><b><span>Fonctionnalit\u00e9<\/span><\/b><\/td>\n<td><b><span>D\u00e9tails<\/span><\/b><\/td>\n<\/tr>\n<tr>\n<td><b><span>Mat\u00e9riel<\/span><\/b><\/td>\n<td><span>Cuir 100% v\u00e9ritable de haute qualit\u00e9<\/span><\/td>\n<\/tr>\n<tr>\n<td><b><span>Couleur<\/span><\/b><\/td>\n<td><span>Rouge bordelais<\/span><\/td>\n<\/tr>\n<tr>\n<td><b><span>Style<\/span><\/b><\/td>\n<td><span>Bottes Penny<\/span><\/td>\n<\/tr>\n<tr>\n<td><b><span>Garniture<\/span><\/b><\/td>\n<td><span>Cuir souple pour un confort maximum<\/span><\/td>\n<\/tr>\n<tr>\n<td><b><span>Seul<\/span><\/b><\/td>\n<td><span>Caoutchouc r\u00e9sistant et flexible<\/span><\/td>\n<\/tr>\n<tr>\n<td><b><span>Entretien<\/span><\/b><\/td>\n<td><span>Utilisez un conditionneur pour cuir pour une brillance longue dur\u00e9e<\/span><\/td>\n<\/tr>\n<\/tbody>\n<\/table>\n","protected":false},"excerpt":{"rendered":"<p><span>Faites passer votre style au niveau sup\u00e9rieur avec les\u00a0<\/span><b><span>Penny Boots en cuir bordeaux faites \u00e0 la main\u00a0<\/span><\/b><span>. Ces chaussures \u00e9l\u00e9gantes allient classe intemporelle et savoir-faire moderne. Fabriqu\u00e9s \u00e0 partir de cuir de haute qualit\u00e9, ils offrent un ajustement confortable et une finition durable.<\/span><\/p>\n<p><span>Ces penny boots d&rsquo;une couleur bordeaux raffin\u00e9e sont parfaites pour les occasions formelles et d\u00e9contract\u00e9es. Que vous les portiez au bureau ou en soir\u00e9e, ils donneront \u00e0 chaque tenue un look \u00e9l\u00e9gant et raffin\u00e9.<\/span><\/p>\n<p>\u2702\ufe0f<span>Ajustement parfait, fait sp\u00e9cialement pour vous.<\/span><\/p>\n<p>\ud83d\udc54<span>Des conseils personnalis\u00e9s pour votre look unique.<\/span><\/p>\n<p>\ud83e\uddf5<span>Des mat\u00e9riaux de haute qualit\u00e9 pour un confort ultime.<\/span><\/p>\n<p>\ud83c\udfa8<span>\u00c9l\u00e9gant pour chaque occasion.<\/span><\/p>\n<p>\ud83c\udf81<span>Profitez d&rsquo;un cadeau gratuit \u00e0 chaque visite en magasin\u00a0!<\/span><\/p>\n","protected":false},"featured_media":2817,"template":"","meta":{"_acf_changed":false},"product_brand":[],"product_cat":[124],"product_tag":[],"class_list":{"0":"post-4890","1":"product","2":"type-product","3":"status-publish","4":"has-post-thumbnail","6":"product_cat-schoenen-collectie","8":"first","9":"instock","10":"sale","11":"shipping-taxable","12":"purchasable","13":"product-type-simple"},"acf":[],"_links":{"self":[{"href":"https:\/\/www.lomoro.nl\/fr\/wp-json\/wp\/v2\/product\/4890","targetHints":{"allow":["GET"]}}],"collection":[{"href":"https:\/\/www.lomoro.nl\/fr\/wp-json\/wp\/v2\/product"}],"about":[{"href":"https:\/\/www.lomoro.nl\/fr\/wp-json\/wp\/v2\/types\/product"}],"wp:featuredmedia":[{"embeddable":true,"href":"https:\/\/www.lomoro.nl\/fr\/wp-json\/wp\/v2\/media\/2817"}],"wp:attachment":[{"href":"https:\/\/www.lomoro.nl\/fr\/wp-json\/wp\/v2\/media?parent=4890"}],"wp:term":[{"taxonomy":"product_brand","embeddable":true,"href":"https:\/\/www.lomoro.nl\/fr\/wp-json\/wp\/v2\/product_brand?post=4890"},{"taxonomy":"product_cat","embeddable":true,"href":"https:\/\/www.lomoro.nl\/fr\/wp-json\/wp\/v2\/product_cat?post=4890"},{"taxonomy":"product_tag","embeddable":true,"href":"https:\/\/www.lomoro.nl\/fr\/wp-json\/wp\/v2\/product_tag?post=4890"}],"curies":[{"name":"wp","href":"https:\/\/api.w.org\/{rel}","templated":true}]}}