{"id":4900,"date":"2024-12-17T13:01:53","date_gmt":"2024-12-17T13:01:53","guid":{"rendered":"https:\/\/lomoro.nl\/?post_type=product&#038;p=4900"},"modified":"2025-01-09T14:49:31","modified_gmt":"2025-01-09T14:49:31","slug":"pak-29","status":"publish","type":"product","link":"https:\/\/www.lomoro.nl\/fr\/products\/pak-29\/","title":{"rendered":"Costume homme 3 pi\u00e8ces gris anthracite"},"content":{"rendered":"<p><span style=\"vertical-align: inherit;\"><span style=\"vertical-align: inherit;\">Le\u00a0 <\/span><\/span><b><span style=\"vertical-align: inherit;\"><span style=\"vertical-align: inherit;\">costume se compose de 3 pi\u00e8ces en gris anthracite pour son\u00a0<\/span><\/span><\/b><span style=\"vertical-align: inherit;\"><span style=\"vertical-align: inherit;\"> \u00e9l\u00e9gance et sa polyvalence. La couleur gris anthracite refl\u00e8te la classe et les mat\u00e9riaux de haute qualit\u00e9 assurent un ajustement confortable. Ce costume est incontournable pour la personne qui appr\u00e9cie le style et la qualit\u00e9.<\/span><\/span><\/p>\n<p><span style=\"vertical-align: inherit;\"><span style=\"vertical-align: inherit;\">Gr\u00e2ce aux disponibilit\u00e9s et petites tailles 46-62 et grandes tailles 58-72, chacun trouvera la taille id\u00e9ale. Pour une assistance lors d&rsquo;un \u00e9v\u00e9nement formel pour des impressions au bureau, les costumes se refl\u00e8tent dans toute l&rsquo;attention.<\/span><\/span><\/p>\n<table width=\"487\">\n<tbody>\n<tr>\n<td><b><span style=\"vertical-align: inherit;\"><span style=\"vertical-align: inherit;\">Fonctionnalit\u00e9<\/span><\/span><\/b><\/td>\n<td><b><span style=\"vertical-align: inherit;\"><span style=\"vertical-align: inherit;\">D\u00e9tails<\/span><\/span><\/b><\/td>\n<\/tr>\n<tr>\n<td><b><span style=\"vertical-align: inherit;\"><span style=\"vertical-align: inherit;\">Mat\u00e9riel<\/span><\/span><\/b><\/td>\n<td><span style=\"vertical-align: inherit;\"><span style=\"vertical-align: inherit;\">M\u00e9lange de laine de haute qualit\u00e9<\/span><\/span><\/td>\n<\/tr>\n<tr>\n<td><b><span style=\"vertical-align: inherit;\"><span style=\"vertical-align: inherit;\">Couleur<\/span><\/span><\/b><\/td>\n<td><span style=\"vertical-align: inherit;\"><span style=\"vertical-align: inherit;\">Gris anthracite<\/span><\/span><\/td>\n<\/tr>\n<tr>\n<td><b><span style=\"vertical-align: inherit;\"><span style=\"vertical-align: inherit;\">Tailles<\/span><\/span><\/b><\/td>\n<td><span style=\"vertical-align: inherit;\"><span style=\"vertical-align: inherit;\">Tailles petites 46-62, tailles grandes 58-72<\/span><\/span><\/td>\n<\/tr>\n<tr>\n<td><b><span style=\"vertical-align: inherit;\"><span style=\"vertical-align: inherit;\">Ajusteur<\/span><\/span><\/b><\/td>\n<td><span style=\"vertical-align: inherit;\"><span style=\"vertical-align: inherit;\">Coupe de cheveux mince et r\u00e9guli\u00e8re disponible<\/span><\/span><\/td>\n<\/tr>\n<tr>\n<td><b><span style=\"vertical-align: inherit;\"><span style=\"vertical-align: inherit;\">Style<\/span><\/span><\/b><\/td>\n<td><span style=\"vertical-align: inherit;\"><span style=\"vertical-align: inherit;\">Classique et moderne<\/span><\/span><\/td>\n<\/tr>\n<tr>\n<td><b><span style=\"vertical-align: inherit;\"><span style=\"vertical-align: inherit;\">Entretien<\/span><\/span><\/b><\/td>\n<td><span style=\"vertical-align: inherit;\"><span style=\"vertical-align: inherit;\">Nettoyage professionnel recommand\u00e9<\/span><\/span><\/td>\n<\/tr>\n<\/tbody>\n<\/table>\n","protected":false},"excerpt":{"rendered":"<p><span style=\"vertical-align: inherit;\"><span style=\"vertical-align: inherit;\">Optez pour un look raffin\u00e9 et intemporel avec le costume 3 pi\u00e8ces gris anthracite pour homme. Id\u00e9al pour les r\u00e9unions, les mariages et les c\u00e9r\u00e9monies occasionnelles.<\/span><\/span><\/p>\n<p><span style=\"vertical-align: inherit;\"><span style=\"vertical-align: inherit;\">Ce costume \u00e9l\u00e9gant est tout confort et look moderne. Disponible pour les tailles petites 46-62 et les tailles grandes 58-72, parfaites pour les morphologies.<\/span><\/span><\/p>\n<p>\u2702\ufe0f<span style=\"vertical-align: inherit;\"><span style=\"vertical-align: inherit;\">\u00a0Ajustement parfait, fait sp\u00e9cialement pour vous.<\/span><\/span><\/p>\n<p>\ud83d\udc54<span style=\"vertical-align: inherit;\"><span style=\"vertical-align: inherit;\">\u00a0Les consid\u00e9rations personnelles vous donnent un look unique.<\/span><\/span><\/p>\n<p>\ud83e\uddf5<span style=\"vertical-align: inherit;\"><span style=\"vertical-align: inherit;\">\u00a0Les mat\u00e9riaux de haute qualit\u00e9 pour un confort ultime.<\/span><\/span><\/p>\n<p>\ud83c\udfa8<span style=\"vertical-align: inherit;\"><span style=\"vertical-align: inherit;\">\u00a0\u00c9l\u00e9gant pour une occasion chic.<\/span><\/span><\/p>\n<p>\ud83c\udf81<span style=\"vertical-align: inherit;\"><span style=\"vertical-align: inherit;\">\u00a0Profitez de votre cadeau gratuit pour votre visite et votre magazine !<\/span><\/span><\/p>\n","protected":false},"featured_media":2943,"template":"","meta":{"_acf_changed":false},"product_brand":[],"product_cat":[137],"product_tag":[],"class_list":{"0":"post-4900","1":"product","2":"type-product","3":"status-publish","4":"has-post-thumbnail","6":"product_cat-outlet","8":"first","9":"instock","10":"sale","11":"shipping-taxable","12":"purchasable","13":"product-type-simple"},"acf":[],"_links":{"self":[{"href":"https:\/\/www.lomoro.nl\/fr\/wp-json\/wp\/v2\/product\/4900","targetHints":{"allow":["GET"]}}],"collection":[{"href":"https:\/\/www.lomoro.nl\/fr\/wp-json\/wp\/v2\/product"}],"about":[{"href":"https:\/\/www.lomoro.nl\/fr\/wp-json\/wp\/v2\/types\/product"}],"wp:featuredmedia":[{"embeddable":true,"href":"https:\/\/www.lomoro.nl\/fr\/wp-json\/wp\/v2\/media\/2943"}],"wp:attachment":[{"href":"https:\/\/www.lomoro.nl\/fr\/wp-json\/wp\/v2\/media?parent=4900"}],"wp:term":[{"taxonomy":"product_brand","embeddable":true,"href":"https:\/\/www.lomoro.nl\/fr\/wp-json\/wp\/v2\/product_brand?post=4900"},{"taxonomy":"product_cat","embeddable":true,"href":"https:\/\/www.lomoro.nl\/fr\/wp-json\/wp\/v2\/product_cat?post=4900"},{"taxonomy":"product_tag","embeddable":true,"href":"https:\/\/www.lomoro.nl\/fr\/wp-json\/wp\/v2\/product_tag?post=4900"}],"curies":[{"name":"wp","href":"https:\/\/api.w.org\/{rel}","templated":true}]}}