{"id":4910,"date":"2024-12-17T10:08:53","date_gmt":"2024-12-17T10:08:53","guid":{"rendered":"https:\/\/lomoro.nl\/?post_type=product&#038;p=4910"},"modified":"2025-01-09T16:06:42","modified_gmt":"2025-01-09T16:06:42","slug":"handgemaakte-leren-laarzen-10","status":"publish","type":"product","link":"https:\/\/www.lomoro.nl\/fr\/products\/handgemaakte-leren-laarzen-10\/","title":{"rendered":"Bottines Chelsea en cuir rouge bordeaux faites \u00e0 la main"},"content":{"rendered":"<p><span>Les\u00a0<\/span><b><span>bottines Chelsea en cuir bordeaux faites \u00e0 la main\u00a0<\/span><\/b><span>sont un exemple ultime de style et de fonctionnalit\u00e9. Avec une riche couleur bordeaux et un design lisse et minimaliste, ces bottes ajoutent une touche sophistiqu\u00e9e \u00e0 n&rsquo;importe quelle tenue. Fabriqu\u00e9s \u00e0 partir de cuir de haute qualit\u00e9, ils offrent \u00e0 la fois durabilit\u00e9 et look luxueux, id\u00e9aux pour un usage quotidien ou des occasions sp\u00e9ciales.<\/span><\/p>\n<p><span>Ces bottes sont con\u00e7ues pour la commodit\u00e9 et le confort. Les panneaux lat\u00e9raux \u00e9lastiques garantissent un enfilage sans effort, tandis que la doublure en cuir souple et la semelle robuste offrent un confort durable. Que vous ayez une r\u00e9union d&rsquo;affaires ou une soir\u00e9e d\u00e9contract\u00e9e, ces bottes Chelsea s&rsquo;adaptent parfaitement \u00e0 toutes les situations et \u00e0 toutes les tenues.<\/span><\/p>\n<table>\n<tbody>\n<tr>\n<td><b><span>Fonctionnalit\u00e9<\/span><\/b><\/td>\n<td><b><span>D\u00e9tails<\/span><\/b><\/td>\n<\/tr>\n<tr>\n<td><b><span>Mat\u00e9riel<\/span><\/b><\/td>\n<td><span>Cuir v\u00e9ritable de premi\u00e8re qualit\u00e9<\/span><\/td>\n<\/tr>\n<tr>\n<td><b><span>Couleur<\/span><\/b><\/td>\n<td><span>Rouge bordelais<\/span><\/td>\n<\/tr>\n<tr>\n<td><b><span>Style<\/span><\/b><\/td>\n<td><span>Bottines Chelsea<\/span><\/td>\n<\/tr>\n<tr>\n<td><b><span>Garniture<\/span><\/b><\/td>\n<td><span>Cuir souple pour plus de confort<\/span><\/td>\n<\/tr>\n<tr>\n<td><b><span>Seul<\/span><\/b><\/td>\n<td><span>Caoutchouc r\u00e9sistant \u00e0 l&rsquo;usure<\/span><\/td>\n<\/tr>\n<tr>\n<td><b><span>Entretien<\/span><\/b><\/td>\n<td><span>Utilisez un conditionneur pour cuir et un spray hydrofuge<\/span><\/td>\n<\/tr>\n<\/tbody>\n<\/table>\n","protected":false},"excerpt":{"rendered":"<p><span>Donnez \u00e0 votre style une mise \u00e0 niveau sophistiqu\u00e9e avec les\u00a0<\/span><b><span>bottes Chelsea en cuir bordeaux faites \u00e0 la main\u00a0<\/span><\/b><span>. Ces bottes allient un design intemporel \u00e0 un savoir-faire haut de gamme, parfaites pour toutes les occasions, formelles ou d\u00e9contract\u00e9es.<\/span><\/p>\n<p><span>Avec une belle teinte bordeaux et des panneaux lat\u00e9raux \u00e9lastiqu\u00e9s, ces bottines Chelsea offrent un \u00e9quilibre parfait entre style et confort. Un incontournable de la garde-robe moderne.<\/span><\/p>\n<p>\u2702\ufe0f<span>Ajustement parfait, fait sp\u00e9cialement pour vous.<\/span><\/p>\n<p>\ud83d\udc54<span>Des conseils personnalis\u00e9s pour votre look unique.<\/span><\/p>\n<p>\ud83e\uddf5<span>Des mat\u00e9riaux de haute qualit\u00e9 pour un confort ultime.<\/span><\/p>\n<p>\ud83c\udfa8<span>\u00c9l\u00e9gant pour chaque occasion.<\/span><\/p>\n<p>\ud83c\udf81<span>Profitez d&rsquo;un cadeau gratuit \u00e0 chaque visite en magasin\u00a0!<\/span><\/p>\n","protected":false},"featured_media":2826,"template":"","meta":{"_acf_changed":false},"product_brand":[],"product_cat":[124],"product_tag":[],"class_list":{"0":"post-4910","1":"product","2":"type-product","3":"status-publish","4":"has-post-thumbnail","6":"product_cat-schoenen-collectie","8":"first","9":"instock","10":"sale","11":"shipping-taxable","12":"purchasable","13":"product-type-simple"},"acf":[],"_links":{"self":[{"href":"https:\/\/www.lomoro.nl\/fr\/wp-json\/wp\/v2\/product\/4910","targetHints":{"allow":["GET"]}}],"collection":[{"href":"https:\/\/www.lomoro.nl\/fr\/wp-json\/wp\/v2\/product"}],"about":[{"href":"https:\/\/www.lomoro.nl\/fr\/wp-json\/wp\/v2\/types\/product"}],"wp:featuredmedia":[{"embeddable":true,"href":"https:\/\/www.lomoro.nl\/fr\/wp-json\/wp\/v2\/media\/2826"}],"wp:attachment":[{"href":"https:\/\/www.lomoro.nl\/fr\/wp-json\/wp\/v2\/media?parent=4910"}],"wp:term":[{"taxonomy":"product_brand","embeddable":true,"href":"https:\/\/www.lomoro.nl\/fr\/wp-json\/wp\/v2\/product_brand?post=4910"},{"taxonomy":"product_cat","embeddable":true,"href":"https:\/\/www.lomoro.nl\/fr\/wp-json\/wp\/v2\/product_cat?post=4910"},{"taxonomy":"product_tag","embeddable":true,"href":"https:\/\/www.lomoro.nl\/fr\/wp-json\/wp\/v2\/product_tag?post=4910"}],"curies":[{"name":"wp","href":"https:\/\/api.w.org\/{rel}","templated":true}]}}