{"id":4927,"date":"2024-12-17T10:11:11","date_gmt":"2024-12-17T10:11:11","guid":{"rendered":"https:\/\/lomoro.nl\/?post_type=product&#038;p=4927"},"modified":"2025-01-09T17:41:44","modified_gmt":"2025-01-09T17:41:44","slug":"handgemaakte-leren-laarzen-9","status":"publish","type":"product","link":"https:\/\/www.lomoro.nl\/fr\/products\/handgemaakte-leren-laarzen-9\/","title":{"rendered":"Bottes Oxfords brogue en cuir bleu marine faites \u00e0 la main"},"content":{"rendered":"<p><span>Les\u00a0<\/span><b><span>bottes richelieu en cuir bleu marine faites \u00e0 la main\u00a0<\/span><\/b><span>sont un exemple de savoir-faire classique et d&rsquo;\u00e9l\u00e9gance moderne. La couleur bleu marine ajoute un look unique et sophistiqu\u00e9 \u00e0 n&rsquo;importe quelle tenue, tandis que les d\u00e9tails richelieu donnent au design traditionnel une touche contemporaine. Ces bottes sont parfaites pour les r\u00e9unions d&rsquo;affaires, les mariages ou pour un look d\u00e9contract\u00e9 et \u00e9l\u00e9gant.<\/span><\/p>\n<p><span>Fabriqu\u00e9es \u00e0 la main \u00e0 partir de cuir de premi\u00e8re qualit\u00e9, ces bottes garantissent une durabilit\u00e9 durable et un confort ultime. La semelle cousue offre une r\u00e9sistance suppl\u00e9mentaire, tandis que la doublure en cuir garde vos pieds au frais tout au long de la journ\u00e9e. Associez-les \u00e0 un costume pour une occasion formelle ou \u00e0 un jean pour un style chic et d\u00e9contract\u00e9.<\/span><\/p>\n<table>\n<tbody>\n<tr>\n<td><b><span>Fonctionnalit\u00e9<\/span><\/b><\/td>\n<td><b><span>D\u00e9tails<\/span><\/b><\/td>\n<\/tr>\n<tr>\n<td><b><span>Mat\u00e9riel<\/span><\/b><\/td>\n<td><span>Cuir pleine fleur de premi\u00e8re qualit\u00e9<\/span><\/td>\n<\/tr>\n<tr>\n<td><b><span>Couleur<\/span><\/b><\/td>\n<td><span>bleu marine<\/span><\/td>\n<\/tr>\n<tr>\n<td><b><span>Style<\/span><\/b><\/td>\n<td><span>Bottes richelieu richelieu<\/span><\/td>\n<\/tr>\n<tr>\n<td><b><span>Garniture<\/span><\/b><\/td>\n<td><span>Cuir souple pour plus de confort<\/span><\/td>\n<\/tr>\n<tr>\n<td><b><span>Seul<\/span><\/b><\/td>\n<td><span>Robuste et r\u00e9sistant \u00e0 l&rsquo;usure<\/span><\/td>\n<\/tr>\n<tr>\n<td><b><span>Entretien<\/span><\/b><\/td>\n<td><span>Utilisez un chiffon humide et un conditionneur pour cuir<\/span><\/td>\n<\/tr>\n<\/tbody>\n<\/table>\n","protected":false},"excerpt":{"rendered":"<p><span>Faites passer votre collection de chaussures au niveau sup\u00e9rieur avec les\u00a0<\/span><b><span>bottes Oxfords Brogue en cuir bleu marine faites \u00e0 la main\u00a0<\/span><\/b><span>. Ces bottes \u00e9l\u00e9gantes allient un savoir-faire intemporel \u00e0 un design bleu marine sophistiqu\u00e9, parfait pour les occasions formelles et d\u00e9contract\u00e9es.<\/span><\/p>\n<p><span>Dot\u00e9s de d\u00e9tails richelieu et d&rsquo;un cuir de qualit\u00e9 sup\u00e9rieure, ces Oxford offrent non seulement un look \u00e9l\u00e9gant, mais \u00e9galement un confort et une durabilit\u00e9 exceptionnels pour un usage quotidien.<\/span><\/p>\n<p>\u2702\ufe0f<span>Ajustement parfait, fait sp\u00e9cialement pour vous.<\/span><\/p>\n<p>\ud83d\udc54<span>Des conseils personnalis\u00e9s pour votre look unique.<\/span><\/p>\n<p>\ud83e\uddf5<span>Des mat\u00e9riaux de haute qualit\u00e9 pour un confort ultime.<\/span><\/p>\n<p>\ud83c\udfa8<span>\u00c9l\u00e9gant pour chaque occasion.<\/span><\/p>\n<p>\ud83c\udf81<span>Profitez d&rsquo;un cadeau gratuit \u00e0 chaque visite en magasin\u00a0!<\/span><\/p>\n","protected":false},"featured_media":2829,"template":"","meta":{"_acf_changed":false},"product_brand":[],"product_cat":[124],"product_tag":[],"class_list":{"0":"post-4927","1":"product","2":"type-product","3":"status-publish","4":"has-post-thumbnail","6":"product_cat-schoenen-collectie","8":"first","9":"instock","10":"sale","11":"shipping-taxable","12":"purchasable","13":"product-type-simple"},"acf":[],"_links":{"self":[{"href":"https:\/\/www.lomoro.nl\/fr\/wp-json\/wp\/v2\/product\/4927","targetHints":{"allow":["GET"]}}],"collection":[{"href":"https:\/\/www.lomoro.nl\/fr\/wp-json\/wp\/v2\/product"}],"about":[{"href":"https:\/\/www.lomoro.nl\/fr\/wp-json\/wp\/v2\/types\/product"}],"wp:featuredmedia":[{"embeddable":true,"href":"https:\/\/www.lomoro.nl\/fr\/wp-json\/wp\/v2\/media\/2829"}],"wp:attachment":[{"href":"https:\/\/www.lomoro.nl\/fr\/wp-json\/wp\/v2\/media?parent=4927"}],"wp:term":[{"taxonomy":"product_brand","embeddable":true,"href":"https:\/\/www.lomoro.nl\/fr\/wp-json\/wp\/v2\/product_brand?post=4927"},{"taxonomy":"product_cat","embeddable":true,"href":"https:\/\/www.lomoro.nl\/fr\/wp-json\/wp\/v2\/product_cat?post=4927"},{"taxonomy":"product_tag","embeddable":true,"href":"https:\/\/www.lomoro.nl\/fr\/wp-json\/wp\/v2\/product_tag?post=4927"}],"curies":[{"name":"wp","href":"https:\/\/api.w.org\/{rel}","templated":true}]}}