{"id":4933,"date":"2024-12-17T10:16:54","date_gmt":"2024-12-17T10:16:54","guid":{"rendered":"https:\/\/lomoro.nl\/?post_type=product&#038;p=4933"},"modified":"2025-01-09T18:15:10","modified_gmt":"2025-01-09T18:15:10","slug":"handgemaakte-leren-laarzen-7","status":"publish","type":"product","link":"https:\/\/www.lomoro.nl\/fr\/products\/handgemaakte-leren-laarzen-7\/","title":{"rendered":"Bottines mocassins en daim bleu marine faites \u00e0 la main"},"content":{"rendered":"<p><span>Les\u00a0<\/span><b><span>bottes mocassins en daim bleu marine faites \u00e0 la main\u00a0<\/span><\/b><span>offrent une combinaison unique de luxe et de polyvalence. Fabriqu\u00e9s en daim de haute qualit\u00e9, ils offrent un look \u00e9l\u00e9gant avec une texture subtile. Le bleu marine ajoute une touche de sophistication, tandis que les lignes \u00e9pur\u00e9es et les d\u00e9tails classiques s&rsquo;adaptent parfaitement \u00e0 un large \u00e9ventail de tenues.<\/span><\/p>\n<p><span>La conception artisanale garantit un confort et une durabilit\u00e9 sup\u00e9rieurs. La doublure int\u00e9rieure en cuir souple procure une sensation agr\u00e9able, tandis que la semelle robuste offre une adh\u00e9rence optimale. Que vous les portiez lors d&rsquo;un d\u00eener formel ou d&rsquo;une r\u00e9union d&rsquo;affaires, ces mocassins sont le choix parfait pour affiner votre look.<\/span><\/p>\n<table>\n<tbody>\n<tr>\n<td><b><span>Fonctionnalit\u00e9<\/span><\/b><\/td>\n<td><b><span>D\u00e9tails<\/span><\/b><\/td>\n<\/tr>\n<tr>\n<td><b><span>Mat\u00e9riel<\/span><\/b><\/td>\n<td><span>Daim et cuir de haute qualit\u00e9<\/span><\/td>\n<\/tr>\n<tr>\n<td><b><span>Couleur<\/span><\/b><\/td>\n<td><span>bleu marine<\/span><\/td>\n<\/tr>\n<tr>\n<td><b><span>Style<\/span><\/b><\/td>\n<td><span>Intemporel et polyvalent<\/span><\/td>\n<\/tr>\n<tr>\n<td><b><span>Garniture<\/span><\/b><\/td>\n<td><span>Cuir souple pour plus de confort<\/span><\/td>\n<\/tr>\n<tr>\n<td><b><span>Seul<\/span><\/b><\/td>\n<td><span>Durable avec des propri\u00e9t\u00e9s antid\u00e9rapantes<\/span><\/td>\n<\/tr>\n<tr>\n<td><b><span>Entretien<\/span><\/b><\/td>\n<td><span>Nettoyer avec une brosse douce pour daim<\/span><\/td>\n<\/tr>\n<\/tbody>\n<\/table>\n","protected":false},"excerpt":{"rendered":"<p><span>Ajoutez une touche d&rsquo;\u00e9l\u00e9gance \u00e0 votre garde-robe avec les\u00a0<\/span><b><span>bottes mocassins en daim bleu marine faites \u00e0 la main\u00a0<\/span><\/b><span>. Le daim bleu marine respire la sophistication et s&rsquo;adapte parfaitement aux tenues d\u00e9contract\u00e9es et formelles.<\/span><\/p>\n<p><span>Ces chaussures allient design intemporel et confort moderne. Ils sont fabriqu\u00e9s \u00e0 la main pour offrir un ajustement parfait et sont id\u00e9aux pour toute occasion o\u00f9 le style et le confort sont essentiels.<\/span><\/p>\n<p>\u2702\ufe0f<span>Ajustement parfait, fait sp\u00e9cialement pour vous.<\/span><\/p>\n<p>\ud83d\udc54<span>Des conseils personnalis\u00e9s pour votre look unique.<\/span><\/p>\n<p>\ud83e\uddf5<span>Des mat\u00e9riaux de haute qualit\u00e9 pour un confort ultime.<\/span><\/p>\n<p>\ud83c\udfa8<span>\u00c9l\u00e9gant pour chaque occasion.<\/span><\/p>\n<p>\ud83c\udf81<span>Profitez d&rsquo;un cadeau gratuit \u00e0 chaque visite en magasin\u00a0!<\/span><\/p>\n","protected":false},"featured_media":2835,"template":"","meta":{"_acf_changed":false},"product_brand":[],"product_cat":[124],"product_tag":[],"class_list":{"0":"post-4933","1":"product","2":"type-product","3":"status-publish","4":"has-post-thumbnail","6":"product_cat-schoenen-collectie","8":"first","9":"instock","10":"sale","11":"shipping-taxable","12":"purchasable","13":"product-type-simple"},"acf":[],"_links":{"self":[{"href":"https:\/\/www.lomoro.nl\/fr\/wp-json\/wp\/v2\/product\/4933","targetHints":{"allow":["GET"]}}],"collection":[{"href":"https:\/\/www.lomoro.nl\/fr\/wp-json\/wp\/v2\/product"}],"about":[{"href":"https:\/\/www.lomoro.nl\/fr\/wp-json\/wp\/v2\/types\/product"}],"wp:featuredmedia":[{"embeddable":true,"href":"https:\/\/www.lomoro.nl\/fr\/wp-json\/wp\/v2\/media\/2835"}],"wp:attachment":[{"href":"https:\/\/www.lomoro.nl\/fr\/wp-json\/wp\/v2\/media?parent=4933"}],"wp:term":[{"taxonomy":"product_brand","embeddable":true,"href":"https:\/\/www.lomoro.nl\/fr\/wp-json\/wp\/v2\/product_brand?post=4933"},{"taxonomy":"product_cat","embeddable":true,"href":"https:\/\/www.lomoro.nl\/fr\/wp-json\/wp\/v2\/product_cat?post=4933"},{"taxonomy":"product_tag","embeddable":true,"href":"https:\/\/www.lomoro.nl\/fr\/wp-json\/wp\/v2\/product_tag?post=4933"}],"curies":[{"name":"wp","href":"https:\/\/api.w.org\/{rel}","templated":true}]}}