{"id":5029,"date":"2024-12-17T10:20:10","date_gmt":"2024-12-17T10:20:10","guid":{"rendered":"https:\/\/lomoro.nl\/?post_type=product&#038;p=5029"},"modified":"2025-01-10T10:51:42","modified_gmt":"2025-01-10T10:51:42","slug":"handgemaakte-leren-laarzen-6","status":"publish","type":"product","link":"https:\/\/www.lomoro.nl\/fr\/products\/handgemaakte-leren-laarzen-6\/","title":{"rendered":"chaussures homme en cuir noir"},"content":{"rendered":"<p><span>D\u00e9couvrez la fantastique combinaison de style et de confort avec nos chaussures modernes pour hommes en cuir noir avec une adh\u00e9rence ferme. Ces chaussures pour hommes en cuir noir sont fabriqu\u00e9es dans un cuir de haute qualit\u00e9 sp\u00e9cialement con\u00e7u pour durer longtemps. Avec leur style moderne, ces chaussures pour homme en cuir noir sont parfaites en toute occasion, que vous soyez au travail ou que vous sortiez en soir\u00e9e. Le design bien pens\u00e9 vous permet de vous sentir soutenu et confortable, tandis que le look \u00e9l\u00e9gant de nos chaussures en cuir noir pour homme compl\u00e8te votre tenue. Offrez-vous un peu de luxe et la qualit\u00e9 de nos\u00a0\u00a0<\/span><a title=\"chaussures pour hommes modernes en cuir noir avec une adh\u00e9rence ferme\" href=\"https:\/\/www.lomoro.nl\/collections\/handgemaakte-leren-laarzen-en-schoenen\" target=\"_blank\" rel=\"noopener\"><span>chaussures pour hommes en cuir noir<\/span><\/a><span>\u00a0\u00a0au grip ferme. Profitez du confort qui vous convient et d\u00e9marquez-vous \u00e0 chaque pas.<\/span><\/p>\n<p><span>Les\u00a0<\/span><b><span>chaussures pour hommes en cuir noir\u00a0<\/span><\/b><span>d\u00e9gagent une \u00e9l\u00e9gance classique avec une touche moderne. Fabriqu\u00e9s \u00e0 partir de cuir de premi\u00e8re qualit\u00e9, ils offrent une finition durable et brillante \u00e0 la fois \u00e9l\u00e9gante et confortable. Ces chaussures sont con\u00e7ues pour les hommes qui appr\u00e9cient la qualit\u00e9 et la polyvalence. Les lignes \u00e9pur\u00e9es et les d\u00e9tails minimalistes les rendent adapt\u00e9s \u00e0 une large gamme de tenues, des costumes d&rsquo;affaires aux looks chics et d\u00e9contract\u00e9s.<\/span><\/p>\n<p><span>Gr\u00e2ce \u00e0 leur conception faite \u00e0 la main, ces chaussures offrent un ajustement parfait et une durabilit\u00e9 exceptionnelle. La doublure int\u00e9rieure en cuir souple offre un confort maximal, tandis que la semelle antid\u00e9rapante offre stabilit\u00e9 et adh\u00e9rence. Que vous les portiez lors d&rsquo;un \u00e9v\u00e9nement formel ou lors d&rsquo;une journ\u00e9e de travail quotidienne, ces chaussures sont un ajout essentiel \u00e0 votre garde-robe.<\/span><\/p>\n<table>\n<tbody>\n<tr>\n<td><b><span>Fonctionnalit\u00e9<\/span><\/b><\/td>\n<td><b><span>D\u00e9tails<\/span><\/b><\/td>\n<\/tr>\n<tr>\n<td><b><span>Mat\u00e9riel<\/span><\/b><\/td>\n<td><span>Cuir de haute qualit\u00e9<\/span><\/td>\n<\/tr>\n<tr>\n<td><b><span>Couleur<\/span><\/b><\/td>\n<td><span>Noir classique<\/span><\/td>\n<\/tr>\n<tr>\n<td><b><span>Style<\/span><\/b><\/td>\n<td><span>\u00c9l\u00e9gant et polyvalent<\/span><\/td>\n<\/tr>\n<tr>\n<td><b><span>Garniture<\/span><\/b><\/td>\n<td><span>Cuir souple pour un confort ultime<\/span><\/td>\n<\/tr>\n<tr>\n<td><b><span>Seul<\/span><\/b><\/td>\n<td><span>Durable avec des propri\u00e9t\u00e9s antid\u00e9rapantes<\/span><\/td>\n<\/tr>\n<tr>\n<td><b><span>Entretien<\/span><\/b><\/td>\n<td><span>Brossez r\u00e9guli\u00e8rement pour une brillance longue dur\u00e9e<\/span><\/td>\n<\/tr>\n<\/tbody>\n<\/table>\n","protected":false},"excerpt":{"rendered":"<p><span>Faites une impression intemporelle avec les\u00a0<\/span><b><span>chaussures pour hommes en cuir noir\u00a0<\/span><\/b><span>, une combinaison parfaite de sophistication et de confort. Avec un look classique, ces chaussures sont id\u00e9ales pour les occasions formelles et d\u00e9contract\u00e9es.<\/span><\/p>\n<p><span>Ces chaussures faites \u00e0 la main offrent une durabilit\u00e9 ultime gr\u00e2ce au cuir de haute qualit\u00e9 et au savoir-faire expert. Ajoutez une touche d&rsquo;\u00e9l\u00e9gance \u00e0 votre style de tous les jours avec ce choix polyvalent.<\/span><\/p>\n<p>\u2702\ufe0f<span>Ajustement parfait, fait sp\u00e9cialement pour vous.<\/span><\/p>\n<p>\ud83d\udc54<span>Des conseils personnalis\u00e9s pour votre look unique.<\/span><\/p>\n<p>\ud83e\uddf5<span>Des mat\u00e9riaux de haute qualit\u00e9 pour un confort ultime.<\/span><\/p>\n<p>\ud83c\udfa8<span>\u00c9l\u00e9gant pour chaque occasion.<\/span><\/p>\n<p>\ud83c\udf81<span>Profitez d&rsquo;un cadeau gratuit \u00e0 chaque visite en magasin\u00a0!<\/span><\/p>\n","protected":false},"featured_media":2838,"template":"","meta":{"_acf_changed":false},"product_brand":[],"product_cat":[124],"product_tag":[],"class_list":{"0":"post-5029","1":"product","2":"type-product","3":"status-publish","4":"has-post-thumbnail","6":"product_cat-schoenen-collectie","8":"first","9":"instock","10":"sale","11":"shipping-taxable","12":"purchasable","13":"product-type-simple"},"acf":[],"_links":{"self":[{"href":"https:\/\/www.lomoro.nl\/fr\/wp-json\/wp\/v2\/product\/5029","targetHints":{"allow":["GET"]}}],"collection":[{"href":"https:\/\/www.lomoro.nl\/fr\/wp-json\/wp\/v2\/product"}],"about":[{"href":"https:\/\/www.lomoro.nl\/fr\/wp-json\/wp\/v2\/types\/product"}],"wp:featuredmedia":[{"embeddable":true,"href":"https:\/\/www.lomoro.nl\/fr\/wp-json\/wp\/v2\/media\/2838"}],"wp:attachment":[{"href":"https:\/\/www.lomoro.nl\/fr\/wp-json\/wp\/v2\/media?parent=5029"}],"wp:term":[{"taxonomy":"product_brand","embeddable":true,"href":"https:\/\/www.lomoro.nl\/fr\/wp-json\/wp\/v2\/product_brand?post=5029"},{"taxonomy":"product_cat","embeddable":true,"href":"https:\/\/www.lomoro.nl\/fr\/wp-json\/wp\/v2\/product_cat?post=5029"},{"taxonomy":"product_tag","embeddable":true,"href":"https:\/\/www.lomoro.nl\/fr\/wp-json\/wp\/v2\/product_tag?post=5029"}],"curies":[{"name":"wp","href":"https:\/\/api.w.org\/{rel}","templated":true}]}}